{"id":794,"date":"2017-01-29T19:58:55","date_gmt":"2017-01-29T18:58:55","guid":{"rendered":"http:\/\/tesshinkan.ddns.net\/tesshinkan-wp\/?page_id=794"},"modified":"2017-01-29T20:25:27","modified_gmt":"2017-01-29T19:25:27","slug":"okinawa-reisefuehrer","status":"publish","type":"page","link":"https:\/\/kobudo-tesshinkan.eu\/index.php\/de\/termineberichte\/okinawa-reisefuehrer\/","title":{"rendered":"Okinawa-Reisef\u00fchrer"},"content":{"rendered":"<h2>Allgemeine Reiseinformationen<\/h2>\n<ul>\n<li><a href=\"https:\/\/kobudo-tesshinkan.eu\/wp-content\/uploads\/2017\/01\/Okinawa_Okinawa.pdf\">Okinawa<\/a><\/li>\n<li><a href=\"https:\/\/kobudo-tesshinkan.eu\/wp-content\/uploads\/2017\/01\/Okinawa_Reise.pdf\">Reiseinformationen<\/a><\/li>\n<\/ul>\n<h2>Sehensw\u00fcrdigkeiten<\/h2>\n<h3>Okinawa &#8211; Hokubu (Nordteil):<\/h3>\n<ul>\n<li><a href=\"https:\/\/kobudo-tesshinkan.eu\/wp-content\/uploads\/2017\/01\/Okinawa_HEDO.pdf\">Hedo Misaki (Okinawa Nordkap)<\/a><\/li>\n<li><a href=\"https:\/\/kobudo-tesshinkan.eu\/wp-content\/uploads\/2017\/01\/Okinawa_NAKIJIN_JO.pdf\">Nakijin-J\u00f4 (die Burgruine Nakijin)<\/a><\/li>\n<li><a href=\"https:\/\/kobudo-tesshinkan.eu\/wp-content\/uploads\/2017\/01\/Okinawa_OceanExpoPark.pdf\">Ocean Expo Park<\/a><\/li>\n<li><a href=\"https:\/\/kobudo-tesshinkan.eu\/wp-content\/uploads\/2017\/01\/Okinawa_MANZAMO.pdf\">Cape Manzamo (Klippen)<\/a><\/li>\n<\/ul>\n<h3>Okinawa &#8211; Ch\u00fbbu (Zentral- \/ Mittelteil):<\/h3>\n<ul>\n<li><a href=\"https:\/\/kobudo-tesshinkan.eu\/wp-content\/uploads\/2017\/01\/Okinawa_HAMA_HIGA.pdf\">Hama-Higa-Jima (Hama-Higa Island)<\/a><\/li>\n<li><a href=\"https:\/\/kobudo-tesshinkan.eu\/wp-content\/uploads\/2017\/01\/Okinawa_MuseumKarate.pdf\">Karate-Museum von Hokama Tetsuhiro<\/a><\/li>\n<\/ul>\n<h3>Okinawa &#8211; Nanbu (S\u00fcdteil):<\/h3>\n<ul>\n<li><a href=\"https:\/\/kobudo-tesshinkan.eu\/wp-content\/uploads\/2017\/01\/Okinawa_SEFA_UTAKI.pdf\">S\u00eafa-Utaki (der heilige Wald)<\/a><\/li>\n<li><a href=\"https:\/\/kobudo-tesshinkan.eu\/wp-content\/uploads\/2017\/01\/Okinawa_SUEYOSHI.pdf\">Sueyoshi-Park (Stadtpark Shuri)<\/a><\/li>\n<li><a href=\"https:\/\/kobudo-tesshinkan.eu\/wp-content\/uploads\/2017\/01\/Okinawa_SHIKINAEN.pdf\">Shikina-En (der k\u00f6nigliche Garten)<\/a><\/li>\n<li><a href=\"https:\/\/kobudo-tesshinkan.eu\/wp-content\/uploads\/2017\/01\/Okinawa_KINJO_CHO.pdf\">Kinjo-no-Ishidatami (die Steinpflasterstrasse Kinjo-ch\u00f4)<\/a><\/li>\n<li><a href=\"https:\/\/kobudo-tesshinkan.eu\/wp-content\/uploads\/2017\/01\/Okinawa_TAMA_UDUN.pdf\">Tama-U-Dun (das k\u00f6nigliche Mausoleum)<\/a><\/li>\n<li><a href=\"https:\/\/kobudo-tesshinkan.eu\/wp-content\/uploads\/2017\/01\/Okinawa_ENKAKU_JI.pdf\">Enkaku-Ji, Enkanchi &amp; Bezaitendo, Ryutan (Teiche &amp; Tempel)<\/a><\/li>\n<li><a href=\"https:\/\/kobudo-tesshinkan.eu\/wp-content\/uploads\/2017\/01\/Okinawa_SHURI_JO.pdf\">Shuri-J\u00f4 Castle (die Burg von Shuri)<\/a><\/li>\n<li><a href=\"https:\/\/kobudo-tesshinkan.eu\/wp-content\/uploads\/2017\/01\/Okinawa_MuseumPraefektur.pdf\">Okinawa Prefectural Museum<\/a><\/li>\n<li><a href=\"https:\/\/kobudo-tesshinkan.eu\/wp-content\/uploads\/2017\/01\/Okinawa_SOGEN-JI.pdf\">S\u00f4gen-Ji (das Steintor des Sogen-Tempels)<\/a><\/li>\n<li><a href=\"https:\/\/kobudo-tesshinkan.eu\/wp-content\/uploads\/2017\/01\/Okinawa_CEMETERY.pdf\">Tomari International Cemetery (Friedhof f\u00fcr verstorbene Ausl\u00e4nder)<\/a><\/li>\n<li><a href=\"https:\/\/kobudo-tesshinkan.eu\/wp-content\/uploads\/2017\/01\/Okinawa_NAMINOUE_Beach.pdf\">Naminoue Beach (der Badestrand von Naha)<\/a><\/li>\n<li><a href=\"https:\/\/kobudo-tesshinkan.eu\/wp-content\/uploads\/2017\/01\/Okinawa_NAMINOUE_GU.pdf\">Naminoue-Gu (Naminoue-Schrein)<\/a><\/li>\n<li><a href=\"https:\/\/kobudo-tesshinkan.eu\/wp-content\/uploads\/2017\/01\/Okinawa_FUKUSHUEN.pdf\">Fukushu-En (chinesischer Park)<\/a><\/li>\n<li><a href=\"https:\/\/kobudo-tesshinkan.eu\/wp-content\/uploads\/2017\/01\/Okinawa_KUMEMURA.pdf\">Kumemura-Memorial \/ &#8222;36 Familien&#8220;<\/a><\/li>\n<li><a href=\"https:\/\/kobudo-tesshinkan.eu\/wp-content\/uploads\/2017\/01\/Okinawa_MATSUYAMA.pdf\">Matsuyama-Park (Stadtpark Naha mit Denkm\u00e4lern)<\/a><\/li>\n<li><a href=\"https:\/\/kobudo-tesshinkan.eu\/wp-content\/uploads\/2017\/01\/Okinawa_GOKAKUJI.pdf\">Gokaku-Ji Tempel<\/a><\/li>\n<li><a href=\"https:\/\/kobudo-tesshinkan.eu\/wp-content\/uploads\/2017\/01\/Okinawa_ONOYAMA.pdf\">\u00d4noyama-Park (Park mit Sportanlagen und Tempel)<\/a><\/li>\n<li><a href=\"https:\/\/kobudo-tesshinkan.eu\/wp-content\/uploads\/2017\/01\/Okinawa_NAVY_HQ.pdf\">Kaigung\u00f4 Navy Headquarter Park (Navy-Bunker aus dem II. Weltkrieg)<\/a><\/li>\n<li><a href=\"https:\/\/kobudo-tesshinkan.eu\/wp-content\/uploads\/2017\/01\/Okinawa_KingdomVillage.pdf\">Gyokusendo Kingdom Village Park (Park zur Historie Okinawas)<\/a><\/li>\n<li><a href=\"https:\/\/kobudo-tesshinkan.eu\/wp-content\/uploads\/2017\/01\/Okinawa_MABUNI_Hill.pdf\">Mabuni-Hill Friedenspark (Denkm\u00e4ler f\u00fcr die Opfer des II. Weltkrieges)<\/a><\/li>\n<li><a href=\"https:\/\/kobudo-tesshinkan.eu\/wp-content\/uploads\/2017\/01\/Okinawa_HIMEYURI.pdf\">Himeyuri Peace Museum<\/a><\/li>\n<li><a href=\"https:\/\/kobudo-tesshinkan.eu\/wp-content\/uploads\/2017\/01\/Okinawa_KYAN.pdf\">Kyan Misaki (Okinawa S\u00fcdkap)<\/a><\/li>\n<\/ul>\n<h2>Bud\u00f4 (Kampfkunst)<\/h2>\n<ul>\n<li><a href=\"https:\/\/kobudo-tesshinkan.eu\/wp-content\/uploads\/2017\/01\/Okinawa_DOJO.pdf\">D\u00f4j\u00f4<\/a><\/li>\n<li><a href=\"https:\/\/kobudo-tesshinkan.eu\/wp-content\/uploads\/2017\/01\/Okinawa_FUNAKOSHI.pdf\">Funakoshi Gichin\u2019s Monument<\/a><\/li>\n<li><a href=\"https:\/\/kobudo-tesshinkan.eu\/wp-content\/uploads\/2017\/01\/Okinawa_HAMA_HIGA.pdf\">Hama-Higa-Jima (die Insel Hama-Higa)<\/a><\/li>\n<li><a href=\"https:\/\/kobudo-tesshinkan.eu\/wp-content\/uploads\/2017\/01\/Okinawa_HIGAONNA.pdf\">Higaonna Kanryo\u2019s &amp; Miyagi Chojun\u2019s Monument<\/a><\/li>\n<li><a href=\"https:\/\/kobudo-tesshinkan.eu\/wp-content\/uploads\/2017\/01\/Okinawa_Cemetery_Makabi.pdf\">Matsumura, Itosu &amp; Hanashiro Monument<\/a><\/li>\n<li><a href=\"https:\/\/kobudo-tesshinkan.eu\/wp-content\/uploads\/2017\/01\/Okinawa_MuseumKarate.pdf\">Karate-Museum von Hokama Tetsuhiro<\/a><\/li>\n<li><a href=\"https:\/\/kobudo-tesshinkan.eu\/wp-content\/uploads\/2017\/01\/Okinawa_MuseumKobudo.pdf\">Kobud\u00f4-Museum von Nakamoto Masahiro<\/a><\/li>\n<li><a href=\"https:\/\/kobudo-tesshinkan.eu\/wp-content\/uploads\/2017\/01\/Okinawa_MATSUMORA.pdf\">Matsumora Kosaku\u2019s Monument<\/a><\/li>\n<li><a href=\"https:\/\/kobudo-tesshinkan.eu\/wp-content\/uploads\/2017\/01\/Okinawa_BUDOKAN.pdf\">Okinawa Prefectural Bud\u00f4kan<\/a><\/li>\n<\/ul>\n<h2>Einkaufen<\/h2>\n<ul>\n<li><a href=\"https:\/\/kobudo-tesshinkan.eu\/wp-content\/uploads\/2017\/01\/Okinawa_KOKUSAI_DORI.pdf\">Kokusai-Dori &amp; Heiwa-Dori (die Haupteinkaufsstrasse von Naha-City)<\/a><\/li>\n<li><a href=\"https:\/\/kobudo-tesshinkan.eu\/wp-content\/uploads\/2017\/01\/Okinawa_SHUREIDO.pdf\">Shureido (der Kampfsportausstatter von Okinawa)<\/a><\/li>\n<\/ul>\n<h2>Shot\u00f4 (Inseln)<\/h2>\n<ul>\n<li><a href=\"https:\/\/kobudo-tesshinkan.eu\/wp-content\/uploads\/2017\/01\/Okinawa_TOKASHIKI.pdf\">Tokashiki-Jima (die Insel Tokashiki)<\/a><\/li>\n<li><a href=\"https:\/\/kobudo-tesshinkan.eu\/wp-content\/uploads\/2017\/01\/Okinawa_MIYAKO.pdf\">Miyako-Jima (die Insel Miyako)<\/a><\/li>\n<\/ul>\n","protected":false},"excerpt":{"rendered":"<p>Allgemeine Reiseinformationen Okinawa Reiseinformationen Sehensw\u00fcrdigkeiten Okinawa &#8211; Hokubu (Nordteil): Hedo Misaki (Okinawa Nordkap) Nakijin-J\u00f4 (die Burgruine Nakijin) Ocean Expo Park Cape Manzamo (Klippen) Okinawa &#8211; Ch\u00fbbu (Zentral- \/ Mittelteil): Hama-Higa-Jima (Hama-Higa Island) Karate-Museum von Hokama Tetsuhiro Okinawa &#8211; Nanbu (S\u00fcdteil): S\u00eafa-Utaki (der heilige Wald) Sueyoshi-Park (Stadtpark Shuri) Shikina-En (der k\u00f6nigliche Garten) Kinjo-no-Ishidatami (die Steinpflasterstrasse Kinjo-ch\u00f4) &#8230; <a title=\"Okinawa-Reisef\u00fchrer\" class=\"read-more\" href=\"https:\/\/kobudo-tesshinkan.eu\/index.php\/de\/termineberichte\/okinawa-reisefuehrer\/\" aria-label=\"Mehr Informationen \u00fcber Okinawa-Reisef\u00fchrer\">Weiterlesen<\/a><\/p>\n","protected":false},"author":1,"featured_media":0,"parent":139,"menu_order":0,"comment_status":"closed","ping_status":"closed","template":"","meta":{"footnotes":""},"_links":{"self":[{"href":"https:\/\/kobudo-tesshinkan.eu\/index.php\/wp-json\/wp\/v2\/pages\/794"}],"collection":[{"href":"https:\/\/kobudo-tesshinkan.eu\/index.php\/wp-json\/wp\/v2\/pages"}],"about":[{"href":"https:\/\/kobudo-tesshinkan.eu\/index.php\/wp-json\/wp\/v2\/types\/page"}],"author":[{"embeddable":true,"href":"https:\/\/kobudo-tesshinkan.eu\/index.php\/wp-json\/wp\/v2\/users\/1"}],"replies":[{"embeddable":true,"href":"https:\/\/kobudo-tesshinkan.eu\/index.php\/wp-json\/wp\/v2\/comments?post=794"}],"version-history":[{"count":5,"href":"https:\/\/kobudo-tesshinkan.eu\/index.php\/wp-json\/wp\/v2\/pages\/794\/revisions"}],"predecessor-version":[{"id":850,"href":"https:\/\/kobudo-tesshinkan.eu\/index.php\/wp-json\/wp\/v2\/pages\/794\/revisions\/850"}],"up":[{"embeddable":true,"href":"https:\/\/kobudo-tesshinkan.eu\/index.php\/wp-json\/wp\/v2\/pages\/139"}],"wp:attachment":[{"href":"https:\/\/kobudo-tesshinkan.eu\/index.php\/wp-json\/wp\/v2\/media?parent=794"}],"curies":[{"name":"wp","href":"https:\/\/api.w.org\/{rel}","templated":true}]}}