{"id":7176,"date":"2024-09-13T09:14:36","date_gmt":"2024-09-13T07:14:36","guid":{"rendered":"https:\/\/kobudo-tesshinkan.eu\/?page_id=7176"},"modified":"2024-09-13T09:14:36","modified_gmt":"2024-09-13T07:14:36","slug":"association-president","status":"publish","type":"page","link":"https:\/\/kobudo-tesshinkan.eu\/index.php\/en\/association-president\/","title":{"rendered":"Association President"},"content":{"rendered":"<p><img loading=\"lazy\" decoding=\"async\" class=\"size-full wp-image-284 alignleft\" src=\"https:\/\/kobudo-tesshinkan.eu\/wp-content\/uploads\/2024\/09\/Tetsushi.png\" alt=\"Tetsushi\" width=\"283\" height=\"425\" \/><\/p>\n<h2>Tamayose Tetsushi Kaich\u014d &#8211; \u201eA Young Master\u201c<\/h2>\n<p>Tamayose Tetsushi was born on April 30, 1986 in Okinawa, the third child and only son of Tamayose Hidemi and Masako. He grew up in \u014czato \/ Nanjo City and works as an archaeologist on Okinawa.<\/p>\n<p>As a founding member of the \u201cRy\u016bky\u016b Kobud\u014d Tesshinkan Ky\u014d Kai\u201d, he has been closely linked to the Tesshinkan Association from the beginning (May 22, 1999).<\/p>\n<p>Even as a young master, he supported his father and taught at seminars in Canada and Germany.<\/p>\n<p>Tamayose Tetsushi Sensei is actively involved as a referee and organizer in many world tournaments on Okinawa and is now one of Okinawa&#8217;s leading Kobud\u014d referees, including in the \u201cOkinawa Dent\u014d Karate Shink\u014d Kai\u201d. He is also a member of the board of the \u201cOkinawa Ken Kobud\u014d Renmei\u201d.<\/p>\n<p>Tamayose Tetsushi achieved 6th Dan in the Ry\u016bky\u016b Kobud\u014d and the title of Renshi on November 20, 2022. Also in 2022 he achieved 6th Dan in the Ryukyu Sh\u014drin-Ry\u016b Karate-D\u014d Tesshinkan.<\/p>\n<p>On May 22, 2024, Tamayose Tetsushi Sensei received the presidency (kaich\u014d) of the \u201cRyukyu Kobud\u014d Tesshinkan Ky\u014d Kai\u201d association from his father and master Tamayose Hidemi.<\/p>\n","protected":false},"excerpt":{"rendered":"<p>Tamayose Tetsushi Kaich\u014d &#8211; \u201eA Young Master\u201c Tamayose Tetsushi was born on April 30, 1986 in Okinawa, the third child and only son of Tamayose Hidemi and Masako. He grew up in \u014czato \/ Nanjo City and works as an archaeologist on Okinawa. As a founding member of the \u201cRy\u016bky\u016b Kobud\u014d Tesshinkan Ky\u014d Kai\u201d, he &#8230; <a title=\"Association President\" class=\"read-more\" href=\"https:\/\/kobudo-tesshinkan.eu\/index.php\/en\/association-president\/\" aria-label=\"Mehr Informationen \u00fcber Association President\">Weiterlesen<\/a><\/p>\n","protected":false},"author":4,"featured_media":0,"parent":0,"menu_order":0,"comment_status":"closed","ping_status":"closed","template":"","meta":{"footnotes":""},"_links":{"self":[{"href":"https:\/\/kobudo-tesshinkan.eu\/index.php\/wp-json\/wp\/v2\/pages\/7176"}],"collection":[{"href":"https:\/\/kobudo-tesshinkan.eu\/index.php\/wp-json\/wp\/v2\/pages"}],"about":[{"href":"https:\/\/kobudo-tesshinkan.eu\/index.php\/wp-json\/wp\/v2\/types\/page"}],"author":[{"embeddable":true,"href":"https:\/\/kobudo-tesshinkan.eu\/index.php\/wp-json\/wp\/v2\/users\/4"}],"replies":[{"embeddable":true,"href":"https:\/\/kobudo-tesshinkan.eu\/index.php\/wp-json\/wp\/v2\/comments?post=7176"}],"version-history":[{"count":1,"href":"https:\/\/kobudo-tesshinkan.eu\/index.php\/wp-json\/wp\/v2\/pages\/7176\/revisions"}],"predecessor-version":[{"id":7177,"href":"https:\/\/kobudo-tesshinkan.eu\/index.php\/wp-json\/wp\/v2\/pages\/7176\/revisions\/7177"}],"wp:attachment":[{"href":"https:\/\/kobudo-tesshinkan.eu\/index.php\/wp-json\/wp\/v2\/media?parent=7176"}],"curies":[{"name":"wp","href":"https:\/\/api.w.org\/{rel}","templated":true}]}}