{"id":7160,"date":"2024-09-13T08:48:38","date_gmt":"2024-09-13T06:48:38","guid":{"rendered":"https:\/\/kobudo-tesshinkan.eu\/?page_id=7160"},"modified":"2024-09-13T08:54:54","modified_gmt":"2024-09-13T06:54:54","slug":"verbandspraesident","status":"publish","type":"page","link":"https:\/\/kobudo-tesshinkan.eu\/index.php\/de\/verbandspraesident\/","title":{"rendered":"Verbandspr\u00e4sident"},"content":{"rendered":"<p><img loading=\"lazy\" decoding=\"async\" class=\"size-full wp-image-284 alignleft\" src=\"https:\/\/kobudo-tesshinkan.eu\/wp-content\/uploads\/2024\/09\/Tetsushi.png\" alt=\"Tetsushi\" width=\"283\" height=\"425\" \/><\/p>\n<h2>Tamayose Tetsushi Kaich\u014d &#8211; \u201eEin junger Meister\u201c<\/h2>\n<p>Tamayose Tetsushi wurde am 30. April 1986 auf Okinawa geboren als drittes Kind und einziger Sohn von Tamayose Hidemi und Masako. Er wuchs in \u014czato \/ Nanjo-City auf und arbeitet als Arch\u00e4ologe auf Okinawa.<\/p>\n<p>Als Gr\u00fcndungsmitglied des \u201eRy\u016bky\u016b Kobud\u014d Tesshinkan Ky\u014d Kai\u201c ist er von Anfang (22.05.1999) eng mit dem Tesshinkan-Verband verbunden. Schon als junger Meister unterst\u00fctzte er seinen Vater und unterrichtete auf Seminaren in Kanada und Deutschland.<\/p>\n<p>Bei vielen World Tournaments auf Okinawa ist Tamayose Tetsushi Sensei aktiv als Kampfrichter und Organisator eingebunden und inzwischen einer der f\u00fchrenden Kobud\u014d-Kampfrichter Okinawas, unter anderen auch im \u201eOkinawa Dent\u014d Karate Shink\u014d Kai\u201c. Au\u00dferdem ist er Mitglied im Vorstand des \u201eOkinawa Ken Kobud\u014d Renmei\u201c.<\/p>\n<p>Den 6. Dan im Ry\u016bky\u016b Kobud\u014d und den Titel Renshi errang Tamayose Tetsushi am 20. November 2022. Ebenfalls 2022 errang er auch den 6. Dan im Ry\u016bky\u016b Sh\u014drin-Ry\u016b Karate-D\u014d Tesshinkan.<\/p>\n<p>Am 22. Mai 2024 erhielt Tamayose Tetsushi Sensei von seinem Vater und Meister Tamayose Hidemi die Pr\u00e4sidentschaft (Kaich\u014d) des Verbandes \u201eRy\u016bky\u016b Kobud\u014d Tesshinkan Ky\u014d Kai\u201c \u00fcbertragen.<\/p>\n","protected":false},"excerpt":{"rendered":"<p>Tamayose Tetsushi Kaich\u014d &#8211; \u201eEin junger Meister\u201c Tamayose Tetsushi wurde am 30. April 1986 auf Okinawa geboren als drittes Kind und einziger Sohn von Tamayose Hidemi und Masako. Er wuchs in \u014czato \/ Nanjo-City auf und arbeitet als Arch\u00e4ologe auf Okinawa. Als Gr\u00fcndungsmitglied des \u201eRy\u016bky\u016b Kobud\u014d Tesshinkan Ky\u014d Kai\u201c ist er von Anfang (22.05.1999) eng &#8230; <a title=\"Verbandspr\u00e4sident\" class=\"read-more\" href=\"https:\/\/kobudo-tesshinkan.eu\/index.php\/de\/verbandspraesident\/\" aria-label=\"Mehr Informationen \u00fcber Verbandspr\u00e4sident\">Weiterlesen<\/a><\/p>\n","protected":false},"author":4,"featured_media":0,"parent":0,"menu_order":0,"comment_status":"closed","ping_status":"closed","template":"","meta":{"footnotes":""},"_links":{"self":[{"href":"https:\/\/kobudo-tesshinkan.eu\/index.php\/wp-json\/wp\/v2\/pages\/7160"}],"collection":[{"href":"https:\/\/kobudo-tesshinkan.eu\/index.php\/wp-json\/wp\/v2\/pages"}],"about":[{"href":"https:\/\/kobudo-tesshinkan.eu\/index.php\/wp-json\/wp\/v2\/types\/page"}],"author":[{"embeddable":true,"href":"https:\/\/kobudo-tesshinkan.eu\/index.php\/wp-json\/wp\/v2\/users\/4"}],"replies":[{"embeddable":true,"href":"https:\/\/kobudo-tesshinkan.eu\/index.php\/wp-json\/wp\/v2\/comments?post=7160"}],"version-history":[{"count":3,"href":"https:\/\/kobudo-tesshinkan.eu\/index.php\/wp-json\/wp\/v2\/pages\/7160\/revisions"}],"predecessor-version":[{"id":7164,"href":"https:\/\/kobudo-tesshinkan.eu\/index.php\/wp-json\/wp\/v2\/pages\/7160\/revisions\/7164"}],"wp:attachment":[{"href":"https:\/\/kobudo-tesshinkan.eu\/index.php\/wp-json\/wp\/v2\/media?parent=7160"}],"curies":[{"name":"wp","href":"https:\/\/api.w.org\/{rel}","templated":true}]}}