{"id":655,"date":"2017-01-15T15:33:09","date_gmt":"2017-01-15T14:33:09","guid":{"rendered":"http:\/\/tesshinkan.ddns.net\/tesshinkan-wp\/?page_id=655"},"modified":"2021-04-22T22:55:01","modified_gmt":"2021-04-22T20:55:01","slug":"kyu-pruefungsprogramm","status":"publish","type":"page","link":"https:\/\/kobudo-tesshinkan.eu\/index.php\/de\/ueber-ryukyu-kobudo-tesshinkan\/pruefungswesen\/kyu-pruefungsprogramm\/","title":{"rendered":"KYU-Pr\u00fcfungsprogramm"},"content":{"rendered":"<h2><\/h2>\n<div class=\"su-box su-box-style-default\" id=\"\" style=\"border-color:#cccc00;border-radius:3px\"><div class=\"su-box-title\" style=\"background-color:#ffff00;color:#000000;border-top-left-radius:1px;border-top-right-radius:1px\">5. (GO) KY\u00db - Gelbgurt<\/div><div class=\"su-box-content su-u-clearfix su-u-trim\" style=\"border-bottom-left-radius:1px;border-bottom-right-radius:1px\">\n<ul>\n<li><strong>Voraussetzung:<\/strong> min. 3 Monate Training<\/li>\n<li><strong>Theorie:<\/strong> Geschichte des RY\u00dbKY\u00db KOBUD\u00d4<\/li>\n<li><strong>KIHON: <\/strong>B\u00d4-NO-KIHON Nr. 1 &#8211; 5 (je 6x re\/li)<\/li>\n<li><strong>KATA:<\/strong>&nbsp;SH\u00dbSHI-NO-KUN (SH\u00d4), 1. H\u00e4lfte (Nr. 1-19)<\/li>\n<li><b>KUMITE<\/b>: KUMIB\u00d4 (je 2x re\/li)\n<ul>\n<li>KIHON Nr. 3<\/li>\n<li>KIHON Nr. 4<\/li>\n<li>KIHON Nr. 5<\/li>\n<\/ul>\n<\/li>\n<\/ul>\n<\/div><\/div>\n<div class=\"su-box su-box-style-default\" id=\"\" style=\"border-color:#cc6600;border-radius:3px\"><div class=\"su-box-title\" style=\"background-color:#ff9900;color:#000000;border-top-left-radius:1px;border-top-right-radius:1px\">4. (YON) KY\u00db - Orangegurt<\/div><div class=\"su-box-content su-u-clearfix su-u-trim\" style=\"border-bottom-left-radius:1px;border-bottom-right-radius:1px\">\n<ul>\n<li><strong>Voraussetzung:<\/strong> min. 3 Monate Training<\/li>\n<li><strong>Theorie:<\/strong>Geschichte des TESSHINKAN KY\u00d4KAI<\/li>\n<li><strong>KIHON: <\/strong>B\u00d4-NO-KIHON\n<ul>\n<li>Nr. 1 &#8211; 5 (je 2x re\/li)<\/li>\n<li>Nr. 6 &#8211; 10 (je 6x re\/li)<\/li>\n<\/ul>\n<\/li>\n<li><strong>KATA:<\/strong> <a href=\"https:\/\/www.youtube.com\/watch?v=cCuVUQpx0os\">SH\u00dbSHI-NO-KUN (SH\u00d4)<\/a><\/li>\n<li><b>KUMITE<\/b>: KUMIB\u00d4 (je 2x re\/li)\n<ul>\n<li>KIHON Nr. 7<\/li>\n<li>KIHON Nr. 9<\/li>\n<li>KIHON Nr. 10<\/li>\n<\/ul>\n<\/li>\n<\/ul>\n<\/div><\/div>\n<div class=\"su-box su-box-style-default\" id=\"\" style=\"border-color:#00cc00;border-radius:3px\"><div class=\"su-box-title\" style=\"background-color:#00ff00;color:#000000;border-top-left-radius:1px;border-top-right-radius:1px\"><b>3. (SAN) KY\u00db<\/b> - Gr\u00fcngurt<\/div><div class=\"su-box-content su-u-clearfix su-u-trim\" style=\"border-bottom-left-radius:1px;border-bottom-right-radius:1px\">\n<ul>\n<li><strong>Voraussetzung:<\/strong> min. 3 Monate Training<\/li>\n<li><strong>Theorie:<\/strong> Terminologie B\u00d4-Techniken<\/li>\n<li><strong>KIHON: <\/strong>B\u00d4-NO-KIHON\n<ul>\n<li>Nr. 1 &#8211; 10 (Extrakt, je 2x re\/li)<\/li>\n<li><a href=\"http:\/\/www.youtube.com\/watch?v=ac4rZuScJvg&amp;list=PL56BEA5DD954AAD7E&amp;index=23\">TEKK\u00d4-NO-KIHON<\/a><\/li>\n<\/ul>\n<\/li>\n<li><strong>KATA:<\/strong> <a href=\"https:\/\/www.youtube.com\/watch?v=cCuVUQpx0os\">SH\u00dbSHI-NO-KUN (SH\u00d4)<\/a><\/li>\n<li><b>KUMITE<\/b>: KUMIB\u00d4, SH\u00dbSHI-NO-KUN (SH\u00d4) BUNKAI\n<ul>\n<li>Nr. 6b) &#8211; 10<\/li>\n<li>Nr. 12 &#8211; 14<\/li>\n<li>Nr. 32 &#8211; 33<\/li>\n<\/ul>\n<\/li>\n<\/ul>\n<\/div><\/div>\n<div class=\"su-box su-box-style-default\" id=\"\" style=\"border-color:#0000cc;border-radius:3px\"><div class=\"su-box-title\" style=\"background-color:#0000ff;color:#000000;border-top-left-radius:1px;border-top-right-radius:1px\"><b>2. (NI) KY\u00db<\/b> - Blaugurt<\/div><div class=\"su-box-content su-u-clearfix su-u-trim\" style=\"border-bottom-left-radius:1px;border-bottom-right-radius:1px\">\n<ul>\n<li><strong>Voraussetzung:<\/strong> min. 3 Monate Training<\/li>\n<li><strong>Theorie:<\/strong> Terminologie TEKK\u00d4-Techniken<\/li>\n<li><strong>KIHON:<\/strong>\n<ul>\n<li>B\u00d4-NO-KIHON (je 2x re\/li)<\/li>\n<li><a href=\"http:\/\/www.youtube.com\/watch?v=etx72h7Hnsg&amp;list=PL56BEA5DD954AAD7E\">NUNCHAKU-NO-KIHON<\/a><\/li>\n<\/ul>\n<\/li>\n<li><strong>KATA:<\/strong> <a href=\"http:\/\/www.youtube.com\/watch?v=e7SCDx6VgB8\">MAEZATO-NO-TEKK\u00d4<\/a><\/li>\n<li><b>KUMITE<\/b>: MAEZATO-NO-TEKK\u00d4 BUNKAI\n<ul>\n<li>Nr. 1b)<\/li>\n<li>Nr. 11 &#8211; 15<\/li>\n<li>Nr. 23 &#8211; 27<\/li>\n<\/ul>\n<\/li>\n<\/ul>\n<\/div><\/div>\n<div class=\"su-box su-box-style-default\" id=\"\" style=\"border-color:#581200;border-radius:3px\"><div class=\"su-box-title\" style=\"background-color:#8b4513;color:#000000;border-top-left-radius:1px;border-top-right-radius:1px\"><b>1. (IK) KY\u00db<\/b> - Braungurt<\/div><div class=\"su-box-content su-u-clearfix su-u-trim\" style=\"border-bottom-left-radius:1px;border-bottom-right-radius:1px\">\n<ul>\n<li><strong>Voraussetzung:<\/strong> min. 6 Monate Training<\/li>\n<li><strong>Theorie:<\/strong> Terminologie NUNCHAKU-Techniken<\/li>\n<li><strong>KIHON:<\/strong>\n<ul>\n<li>B\u00d4-NO-KIHON (je 2x re\/li, flie\u00dfende Rhythmik)<\/li>\n<li><a href=\"http:\/\/www.youtube.com\/watch?v=AXFkaKlw7K0&amp;list=PL56BEA5DD954AAD7E\">SAI-NO-KIHON<\/a><\/li>\n<\/ul>\n<\/li>\n<li><strong>KATA:<\/strong>\n<ul>\n<li><a href=\"https:\/\/www.youtube.com\/watch?v=cCuVUQpx0os\">SH\u00dbSHI-NO-KUN (SH\u00d4)<\/a><\/li>\n<li><a href=\"http:\/\/www.youtube.com\/watch?v=zzz7WoWd9fI\">MAEZATO-NO-NUNCHAKU<\/a><\/li>\n<\/ul>\n<\/li>\n<li><b>KUMITE<\/b>: MAEZATO-NO-NUNCHAKU BUNKAI\n<ul>\n<li>Nr. 12 &#8211; 14b)<\/li>\n<li>Nr. 26 &#8211; 27 (GYAKU)<\/li>\n<li>Nr. 36 &#8211; 38b)<\/li>\n<\/ul>\n<\/li>\n<\/ul>\n<\/div><\/div>\n<p><strong><a href=\"https:\/\/kobudo-tesshinkan.eu\/wp-content\/uploads\/2017\/01\/test_kids_ger.pdf\">Optionales Pr\u00fcfungsprogramm f\u00fcr Kinder bis 12 Jahre (10. KY\u00db &#8211; 6. KY\u00db)<\/a><\/strong><\/p>\n","protected":false},"excerpt":{"rendered":"<p>Optionales Pr\u00fcfungsprogramm f\u00fcr Kinder bis 12 Jahre (10. KY\u00db &#8211; 6. KY\u00db)<\/p>\n","protected":false},"author":1,"featured_media":0,"parent":295,"menu_order":2,"comment_status":"closed","ping_status":"closed","template":"","meta":{"footnotes":""},"_links":{"self":[{"href":"https:\/\/kobudo-tesshinkan.eu\/index.php\/wp-json\/wp\/v2\/pages\/655"}],"collection":[{"href":"https:\/\/kobudo-tesshinkan.eu\/index.php\/wp-json\/wp\/v2\/pages"}],"about":[{"href":"https:\/\/kobudo-tesshinkan.eu\/index.php\/wp-json\/wp\/v2\/types\/page"}],"author":[{"embeddable":true,"href":"https:\/\/kobudo-tesshinkan.eu\/index.php\/wp-json\/wp\/v2\/users\/1"}],"replies":[{"embeddable":true,"href":"https:\/\/kobudo-tesshinkan.eu\/index.php\/wp-json\/wp\/v2\/comments?post=655"}],"version-history":[{"count":14,"href":"https:\/\/kobudo-tesshinkan.eu\/index.php\/wp-json\/wp\/v2\/pages\/655\/revisions"}],"predecessor-version":[{"id":5905,"href":"https:\/\/kobudo-tesshinkan.eu\/index.php\/wp-json\/wp\/v2\/pages\/655\/revisions\/5905"}],"up":[{"embeddable":true,"href":"https:\/\/kobudo-tesshinkan.eu\/index.php\/wp-json\/wp\/v2\/pages\/295"}],"wp:attachment":[{"href":"https:\/\/kobudo-tesshinkan.eu\/index.php\/wp-json\/wp\/v2\/media?parent=655"}],"curies":[{"name":"wp","href":"https:\/\/api.w.org\/{rel}","templated":true}]}}