{"id":6288,"date":"2022-05-01T21:29:43","date_gmt":"2022-05-01T19:29:43","guid":{"rendered":"https:\/\/kobudo-tesshinkan.eu\/?page_id=6288"},"modified":"2022-05-01T21:33:53","modified_gmt":"2022-05-01T19:33:53","slug":"anmeldung-zum-gasshuku-2022-in-nordhausen-ger","status":"publish","type":"page","link":"https:\/\/kobudo-tesshinkan.eu\/index.php\/de\/anmeldung-zum-gasshuku-2022-in-nordhausen-ger\/","title":{"rendered":"Anmeldung zum Gasshuku 2022 in Nordhausen (GER)"},"content":{"rendered":"\n<h3 class=\"wp-block-heading\"><strong>Registration form to the Gasshuku 2022 in Nordhausen (GER)<\/strong><\/h3>\n\n\n\n<h3 class=\"wp-block-heading\"><strong>\u0424\u043e\u0440\u043c\u0430 \u0434\u043b\u044f \u0440\u0435\u0433\u0438\u0441\u0442\u0440\u0430\u0446\u0438\u0438 \u043d\u0430 \u0413\u0430\u0441\u0441\u044e\u043a\u0443 2022\u0433. \u041d\u043e\u0440\u0434\u0445\u0430\u0443\u0437\u0435\u043d (\u0413\u0435\u0440\u043c\u0430\u043d\u0438\u044f)&nbsp;<\/strong><\/h3>\n\n\n\n<p>Hinweis: Diese Anmeldung ist verbindlich und verpflichtet zur Zahlung der Seminargeb\u00fchren <strong>in H\u00f6he von 140 \u20ac.<\/strong><\/p>\n\n\n\n<p>Note: This registration is binding and obligates to pay the <strong>seminar fee of 140 \u20ac.<\/strong><\/p>\n\n\n\n<p>\u041f\u0440\u0438\u043c\u0435\u0447\u0430\u043d\u0438\u0435: \u044d\u0442\u0430 \u0440\u0435\u0433\u0438\u0441\u0442\u0440\u0430\u0446\u0438\u044f \u043e\u0431\u044f\u0437\u0430\u0442\u0435\u043b\u044c\u043d\u0430 \u0438 \u043e\u0431\u044f\u0437\u044b\u0432\u0430\u0435\u0442 \u043e\u043f\u043b\u0430\u0442\u0438\u0442\u044c <strong>\u0441\u0435\u043c\u0438\u043d\u0430\u0440 \u0432 \u0440\u0430\u0437\u043c\u0435\u0440\u0435 140 \u20ac<\/strong>.<\/p>\n\n\n<div class=\"wpforms-container wpforms-container-full\" id=\"wpforms-6287\"><form id=\"wpforms-form-6287\" class=\"wpforms-validate wpforms-form\" data-formid=\"6287\" method=\"post\" enctype=\"multipart\/form-data\" action=\"\/index.php\/wp-json\/wp\/v2\/pages\/6288\" data-token=\"adc4b3bbf06ee5de3d5323ec10adb46a\" data-token-time=\"1775753276\"><noscript class=\"wpforms-error-noscript\">Bitte aktiviere JavaScript in deinem Browser, um dieses Formular fertigzustellen.<\/noscript><div class=\"wpforms-field-container\"><div id=\"wpforms-6287-field_2-container\" class=\"wpforms-field wpforms-field-name\" data-field-id=\"2\"><label class=\"wpforms-field-label\" for=\"wpforms-6287-field_2\">Name \/ Name \/ \u0424\u0418\u041e <span class=\"wpforms-required-label\">*<\/span><\/label><div class=\"wpforms-field-row wpforms-field-medium\"><div class=\"wpforms-field-row-block wpforms-first wpforms-one-half\"><input type=\"text\" id=\"wpforms-6287-field_2\" class=\"wpforms-field-name-first wpforms-field-required\" name=\"wpforms[fields][2][first]\" required><label for=\"wpforms-6287-field_2\" class=\"wpforms-field-sublabel after \">Vorname \/ First name \/ \u0418\u043c\u044f<\/label><\/div><div class=\"wpforms-field-row-block wpforms-one-half\"><input type=\"text\" id=\"wpforms-6287-field_2-last\" class=\"wpforms-field-name-last wpforms-field-required\" name=\"wpforms[fields][2][last]\" required><label for=\"wpforms-6287-field_2-last\" class=\"wpforms-field-sublabel after \"> Nachname \/ Last name \/ \u0424\u0430\u043c\u0438\u043b\u0438\u044f<\/label><\/div><\/div><\/div><div id=\"wpforms-6287-field_8-container\" class=\"wpforms-field wpforms-field-email\" data-field-id=\"8\"><label class=\"wpforms-field-label\" for=\"wpforms-6287-field_8\">E-Mail \/ email \/ email <span class=\"wpforms-required-label\">*<\/span><\/label><input type=\"email\" id=\"wpforms-6287-field_8\" class=\"wpforms-field-medium wpforms-field-required\" name=\"wpforms[fields][8]\" spellcheck=\"false\" required><\/div><div id=\"wpforms-6287-field_10-container\" class=\"wpforms-field wpforms-field-text\" data-field-id=\"10\"><label class=\"wpforms-field-label\" for=\"wpforms-6287-field_10\">Verein \/ Club \/ \u043a\u043b\u0443\u0431 \/ \u0434\u043e\u0434\u0437\u0451<\/label><input type=\"text\" id=\"wpforms-6287-field_10\" class=\"wpforms-field-medium\" name=\"wpforms[fields][10]\" ><\/div><div id=\"wpforms-6287-field_9-container\" class=\"wpforms-field wpforms-field-text\" data-field-id=\"9\"><label class=\"wpforms-field-label\" for=\"wpforms-6287-field_9\">Graduierung \/ Ky\u00fb or Dan degree \/ \u0440\u0430\u0437\u0440\u044f\u0434 \u041a\u044e \u0438\u043b\u0438 \u0414\u0430\u043d<\/label><input type=\"text\" id=\"wpforms-6287-field_9\" class=\"wpforms-field-medium\" name=\"wpforms[fields][9]\" ><\/div><div id=\"wpforms-6287-field_7-container\" class=\"wpforms-field wpforms-field-select wpforms-field-select-style-classic\" data-field-id=\"7\"><label class=\"wpforms-field-label\" for=\"wpforms-6287-field_7\">Pr\u00fcfung Tesshinkan Kobud\u00f4 \/ Examination in Tesshinkan Kobud\u00f4 \/ \u044d\u043a\u0437\u0430\u043c\u0435\u043d\u044b \u043f\u043e \u0422\u044d\u0441\u0441\u0438\u043d\u043a\u0430\u043d \u041a\u043e\u0431\u0443\u0434\u043e<\/label><select id=\"wpforms-6287-field_7\" class=\"wpforms-field-medium\" name=\"wpforms[fields][7]\"><option value=\"Ky\u00fb-Pr\u00fcfung \/ Ky\u00fb test \/ \u044d\u043a\u0437\u0430\u043c\u0435\u043d \u043d\u0430 \u041a\u044e \" >Ky\u00fb-Pr\u00fcfung \/ Ky\u00fb test \/ \u044d\u043a\u0437\u0430\u043c\u0435\u043d \u043d\u0430 \u041a\u044e<\/option><option value=\"Dan-Pr\u00fcfung \/ Dan test \/ \u044d\u043a\u0437\u0430\u043c\u0435\u043d \u043d\u0430 \u0414\u0430\u043d\" >Dan-Pr\u00fcfung \/ Dan test \/ \u044d\u043a\u0437\u0430\u043c\u0435\u043d \u043d\u0430 \u0414\u0430\u043d<\/option><option value=\"keine Pr\u00fcfung \/ no test \/\u043d\u0435 \u0441\u0434\u0430\u044e\" >keine Pr\u00fcfung \/ no test \/\u043d\u0435 \u0441\u0434\u0430\u044e<\/option><\/select><\/div><div id=\"wpforms-6287-field_6-container\" class=\"wpforms-field wpforms-field-select wpforms-field-select-style-classic\" data-field-id=\"6\"><label class=\"wpforms-field-label\" for=\"wpforms-6287-field_6\">Pr\u00fcfung Sh\u00f4rin-Ry\u00fb Tesshinkan \/ Examination in Sh\u00f4rin-Ry\u00fb Tesshinkan \/ \u044d\u043a\u0437\u0430\u043c\u0435\u043d\u044b \u043f\u043e \u0421\u0451\u0440\u0438\u043d-\u0440\u044e \u0422\u044d\u0441\u0441\u0438\u043d\u043a\u0430\u043d <\/label><select id=\"wpforms-6287-field_6\" class=\"wpforms-field-medium\" name=\"wpforms[fields][6]\"><option value=\"Ky\u00fb-Pr\u00fcfung \/ Ky\u00fb test \/ \u044d\u043a\u0437\u0430\u043c\u0435\u043d \u043d\u0430 \u041a\u044e \" >Ky\u00fb-Pr\u00fcfung \/ Ky\u00fb test \/ \u044d\u043a\u0437\u0430\u043c\u0435\u043d \u043d\u0430 \u041a\u044e<\/option><option value=\"Dan-Pr\u00fcfung \/ Dan test \/ \u044d\u043a\u0437\u0430\u043c\u0435\u043d \u043d\u0430 \u0414\u0430\u043d\" >Dan-Pr\u00fcfung \/ Dan test \/ \u044d\u043a\u0437\u0430\u043c\u0435\u043d \u043d\u0430 \u0414\u0430\u043d<\/option><option value=\"keine Pr\u00fcfung \/ no test \/ \u043d\u0435 \u0441\u0434\u0430\u044e\" >keine Pr\u00fcfung \/ no test \/ \u043d\u0435 \u0441\u0434\u0430\u044e<\/option><\/select><\/div><div id=\"wpforms-6287-field_11-container\" class=\"wpforms-field wpforms-field-checkbox\" data-field-id=\"11\"><label class=\"wpforms-field-label\" for=\"wpforms-6287-field_11\">Teilnahme am Europa-Cup \/ Participation in Europa-Cup \/ \u0443\u0447\u0430\u0441\u0442\u0438\u0435 \u0432 \u0415\u0432\u0440\u043e\u043f\u0435\u0439\u0441\u043a\u043e\u043c \u041a\u0443\u0431\u043a\u0435<\/label><ul id=\"wpforms-6287-field_11\"><li class=\"choice-1 depth-1\"><input type=\"checkbox\" id=\"wpforms-6287-field_11_1\" name=\"wpforms[fields][11][]\" value=\"Kata Ky\u00fb-Grade \/ Kata Ky\u00fb degrees \/ \u043a\u0430\u0442\u0435\u0433\u043e\u0440\u0438\u044f \u041a\u0430\u0442\u0430 \u041a\u044e\"  ><label class=\"wpforms-field-label-inline\" for=\"wpforms-6287-field_11_1\">Kata Ky\u00fb-Grade \/ Kata Ky\u00fb degrees \/ \u043a\u0430\u0442\u0435\u0433\u043e\u0440\u0438\u044f \u041a\u0430\u0442\u0430 \u041a\u044e<\/label><\/li><li class=\"choice-2 depth-1\"><input type=\"checkbox\" id=\"wpforms-6287-field_11_2\" name=\"wpforms[fields][11][]\" value=\"Kata Dan-Grade \/ Kata Dan degrees \/ \u043a\u0430\u0442\u0435\u0433\u043e\u0440\u0438\u044f \u041a\u0430\u0442\u0430 \u0414\u0430\u043d\"  ><label class=\"wpforms-field-label-inline\" for=\"wpforms-6287-field_11_2\">Kata Dan-Grade \/ Kata Dan degrees \/ \u043a\u0430\u0442\u0435\u0433\u043e\u0440\u0438\u044f \u041a\u0430\u0442\u0430 \u0414\u0430\u043d<\/label><\/li><li class=\"choice-3 depth-1\"><input type=\"checkbox\" id=\"wpforms-6287-field_11_3\" name=\"wpforms[fields][11][]\" value=\"Yakusoku-Kumite (2 Starter notw.) \/ Yakusoku-Kumite (2 starters req.) \/ \u042f\u043a\u0443\u0441\u043e\u043a\u0443- \u041a\u0443\u043c\u0438\u0442\u044d (2 \u0443\u0447\u0430\u0441\u0442\u043d\u0438\u043a\u0430)\"  ><label class=\"wpforms-field-label-inline\" for=\"wpforms-6287-field_11_3\">Yakusoku-Kumite (2 Starter notw.) \/ Yakusoku-Kumite (2 starters req.) \/ \u042f\u043a\u0443\u0441\u043e\u043a\u0443- \u041a\u0443\u043c\u0438\u0442\u044d (2 \u0443\u0447\u0430\u0441\u0442\u043d\u0438\u043a\u0430)<\/label><\/li><li class=\"choice-4 depth-1\"><input type=\"checkbox\" id=\"wpforms-6287-field_11_4\" name=\"wpforms[fields][11][]\" value=\"B\u00f4-Shiai \/ B\u00f4-Shiai \/ \u0411\u043e-\u0421\u0438\u0430\u0439\"  ><label class=\"wpforms-field-label-inline\" for=\"wpforms-6287-field_11_4\">B\u00f4-Shiai \/ B\u00f4-Shiai \/ \u0411\u043e-\u0421\u0438\u0430\u0439<\/label><\/li><li class=\"choice-5 depth-1\"><input type=\"checkbox\" id=\"wpforms-6287-field_11_5\" name=\"wpforms[fields][11][]\" value=\"kein Start \/ no participation \/ \u043d\u0435 \u0443\u0447\u0430\u0441\u0442\u0432\u0443\u044e\"  ><label class=\"wpforms-field-label-inline\" for=\"wpforms-6287-field_11_5\">kein Start \/ no participation \/ \u043d\u0435 \u0443\u0447\u0430\u0441\u0442\u0432\u0443\u044e<\/label><\/li><\/ul><\/div><div id=\"wpforms-6287-field_16-container\" class=\"wpforms-field wpforms-field-select wpforms-field-select-style-classic\" data-field-id=\"16\"><label class=\"wpforms-field-label\" for=\"wpforms-6287-field_16\">Mittagessen \/ Lunch \/ \u041e\u0431\u0435\u0434<\/label><select id=\"wpforms-6287-field_16\" class=\"wpforms-field-medium\" name=\"wpforms[fields][16]\"><option value=\"Freitag + Sonnabend \/ Friday + Saturday \/ \u041f\u044f\u0442\u043d\u0438\u0446\u0430 + \u0421\u0443\u0431\u0431\u043e\u0442\u0430\"  selected='selected'>Freitag + Sonnabend \/ Friday + Saturday \/ \u041f\u044f\u0442\u043d\u0438\u0446\u0430 + \u0421\u0443\u0431\u0431\u043e\u0442\u0430<\/option><option value=\"nur Freitag \/ only Friday \/ \u0442\u043e\u043b\u044c\u043a\u043e \u041f\u044f\u0442\u043d\u0438\u0446\u0430\" >nur Freitag \/ only Friday \/ \u0442\u043e\u043b\u044c\u043a\u043e \u041f\u044f\u0442\u043d\u0438\u0446\u0430<\/option><option value=\"nur Sonnabend \/ only Saturday \/ \u0442\u043e\u043b\u044c\u043a\u043e \u0421\u0443\u0431\u0431\u043e\u0442\u0430\" >nur Sonnabend \/ only Saturday \/ \u0442\u043e\u043b\u044c\u043a\u043e \u0421\u0443\u0431\u0431\u043e\u0442\u0430<\/option><option value=\"kein Mittagessen \/ no Lunch \/ \u0431\u0435\u0437 \u043e\u0431\u0435\u0434\u0430\" >kein Mittagessen \/ no Lunch \/ \u0431\u0435\u0437 \u043e\u0431\u0435\u0434\u0430<\/option><\/select><\/div><div id=\"wpforms-6287-field_14-container\" class=\"wpforms-field wpforms-field-textarea\" data-field-id=\"14\"><label class=\"wpforms-field-label\" for=\"wpforms-6287-field_14\">Bemerkungen \/ Remarks \/ \u0417\u0430\u043c\u0435\u0447\u0430\u043d\u0438\u044f<\/label><textarea id=\"wpforms-6287-field_14\" class=\"wpforms-field-medium\" name=\"wpforms[fields][14]\" ><\/textarea><\/div><\/div><!-- .wpforms-field-container --><div class=\"wpforms-field wpforms-field-hp\"><label for=\"wpforms-6287-field-hp\" class=\"wpforms-field-label\">Comment<\/label><input type=\"text\" name=\"wpforms[hp]\" id=\"wpforms-6287-field-hp\" class=\"wpforms-field-medium\"><\/div><div class=\"wpforms-recaptcha-container wpforms-is-recaptcha wpforms-is-recaptcha-type-v2\" ><div class=\"g-recaptcha\" data-sitekey=\"6LdYJaMUAAAAAEZ8VFJYg8B1jcCyqgTQAbzHdMR2\"><\/div><input type=\"text\" name=\"g-recaptcha-hidden\" class=\"wpforms-recaptcha-hidden\" style=\"position:absolute!important;clip:rect(0,0,0,0)!important;height:1px!important;width:1px!important;border:0!important;overflow:hidden!important;padding:0!important;margin:0!important;\" data-rule-recaptcha=\"1\"><\/div><div class=\"wpforms-submit-container\" ><input type=\"hidden\" name=\"wpforms[id]\" value=\"6287\"><input type=\"hidden\" name=\"page_title\" value=\"\"><input type=\"hidden\" name=\"page_url\" value=\"https:\/\/kobudo-tesshinkan.eu\/index.php\/wp-json\/wp\/v2\/pages\/6288\"><button type=\"submit\" name=\"wpforms[submit]\" id=\"wpforms-submit-6287\" class=\"wpforms-submit\" data-alt-text=\"Senden...\" data-submit-text=\"Absenden \/ Submit \/ \u043f\u043e\u0441\u043b\u0430\u0442\u044c\" aria-live=\"assertive\" value=\"wpforms-submit\">Absenden \/ Submit \/ \u043f\u043e\u0441\u043b\u0430\u0442\u044c<\/button><\/div><\/form><\/div>  <!-- .wpforms-container -->\n","protected":false},"excerpt":{"rendered":"<p>Registration form to the Gasshuku 2022 in Nordhausen (GER) \u0424\u043e\u0440\u043c\u0430 \u0434\u043b\u044f \u0440\u0435\u0433\u0438\u0441\u0442\u0440\u0430\u0446\u0438\u0438 \u043d\u0430 \u0413\u0430\u0441\u0441\u044e\u043a\u0443 2022\u0433. \u041d\u043e\u0440\u0434\u0445\u0430\u0443\u0437\u0435\u043d (\u0413\u0435\u0440\u043c\u0430\u043d\u0438\u044f)&nbsp; Hinweis: Diese Anmeldung ist verbindlich und verpflichtet zur Zahlung der Seminargeb\u00fchren in H\u00f6he von 140 \u20ac. Note: This registration is binding and obligates to pay the seminar fee of 140 \u20ac. \u041f\u0440\u0438\u043c\u0435\u0447\u0430\u043d\u0438\u0435: \u044d\u0442\u0430 \u0440\u0435\u0433\u0438\u0441\u0442\u0440\u0430\u0446\u0438\u044f \u043e\u0431\u044f\u0437\u0430\u0442\u0435\u043b\u044c\u043d\u0430 \u0438 \u043e\u0431\u044f\u0437\u044b\u0432\u0430\u0435\u0442 \u043e\u043f\u043b\u0430\u0442\u0438\u0442\u044c &#8230; <a title=\"Anmeldung zum Gasshuku 2022 in Nordhausen (GER)\" class=\"read-more\" href=\"https:\/\/kobudo-tesshinkan.eu\/index.php\/de\/anmeldung-zum-gasshuku-2022-in-nordhausen-ger\/\" aria-label=\"Mehr Informationen \u00fcber Anmeldung zum Gasshuku 2022 in Nordhausen (GER)\">Weiterlesen<\/a><\/p>\n","protected":false},"author":4,"featured_media":0,"parent":0,"menu_order":0,"comment_status":"closed","ping_status":"closed","template":"","meta":{"footnotes":""},"_links":{"self":[{"href":"https:\/\/kobudo-tesshinkan.eu\/index.php\/wp-json\/wp\/v2\/pages\/6288"}],"collection":[{"href":"https:\/\/kobudo-tesshinkan.eu\/index.php\/wp-json\/wp\/v2\/pages"}],"about":[{"href":"https:\/\/kobudo-tesshinkan.eu\/index.php\/wp-json\/wp\/v2\/types\/page"}],"author":[{"embeddable":true,"href":"https:\/\/kobudo-tesshinkan.eu\/index.php\/wp-json\/wp\/v2\/users\/4"}],"replies":[{"embeddable":true,"href":"https:\/\/kobudo-tesshinkan.eu\/index.php\/wp-json\/wp\/v2\/comments?post=6288"}],"version-history":[{"count":1,"href":"https:\/\/kobudo-tesshinkan.eu\/index.php\/wp-json\/wp\/v2\/pages\/6288\/revisions"}],"predecessor-version":[{"id":6289,"href":"https:\/\/kobudo-tesshinkan.eu\/index.php\/wp-json\/wp\/v2\/pages\/6288\/revisions\/6289"}],"wp:attachment":[{"href":"https:\/\/kobudo-tesshinkan.eu\/index.php\/wp-json\/wp\/v2\/media?parent=6288"}],"curies":[{"name":"wp","href":"https:\/\/api.w.org\/{rel}","templated":true}]}}