{"id":620,"date":"2017-01-02T20:56:30","date_gmt":"2017-01-02T19:56:30","guid":{"rendered":"http:\/\/tesshinkan.ddns.net\/tesshinkan-wp\/?page_id=620"},"modified":"2017-05-07T15:00:35","modified_gmt":"2017-05-07T13:00:35","slug":"tesshinkan-stickabzeichen","status":"publish","type":"page","link":"https:\/\/kobudo-tesshinkan.eu\/index.php\/de\/shop\/sonstiges-2\/tesshinkan-stickabzeichen\/","title":{"rendered":"Tesshinkan-Stickabzeichen"},"content":{"rendered":"<p><a href=\"https:\/\/kobudo-tesshinkan.eu\/wp-content\/uploads\/2016\/03\/tesshinkan-logo2.gif\"><img loading=\"lazy\" decoding=\"async\" class=\"alignright wp-image-251\" src=\"https:\/\/kobudo-tesshinkan.eu\/wp-content\/uploads\/2016\/03\/tesshinkan-logo2.gif\" width=\"140\" height=\"140\" \/><\/a>RY\u00dbKY\u00db KOBUD\u00d4 TESSHINKAN von SHUREIDO aus Okinawa<\/p>\n<ul>\n<li>Durchmesser 10 cm<\/li>\n<li>rot \/ wei\u00df \/ schwarz<\/li>\n<li>Euro 15,00 \/ St\u00fcck + Versand<\/li>\n<\/ul>\n<p>&nbsp;<\/p>\n","protected":false},"excerpt":{"rendered":"<p>RY\u00dbKY\u00db KOBUD\u00d4 TESSHINKAN von SHUREIDO aus Okinawa Durchmesser 10 cm rot \/ wei\u00df \/ schwarz Euro 15,00 \/ St\u00fcck + Versand &nbsp;<\/p>\n","protected":false},"author":1,"featured_media":0,"parent":1357,"menu_order":2,"comment_status":"closed","ping_status":"closed","template":"","meta":{"footnotes":""},"_links":{"self":[{"href":"https:\/\/kobudo-tesshinkan.eu\/index.php\/wp-json\/wp\/v2\/pages\/620"}],"collection":[{"href":"https:\/\/kobudo-tesshinkan.eu\/index.php\/wp-json\/wp\/v2\/pages"}],"about":[{"href":"https:\/\/kobudo-tesshinkan.eu\/index.php\/wp-json\/wp\/v2\/types\/page"}],"author":[{"embeddable":true,"href":"https:\/\/kobudo-tesshinkan.eu\/index.php\/wp-json\/wp\/v2\/users\/1"}],"replies":[{"embeddable":true,"href":"https:\/\/kobudo-tesshinkan.eu\/index.php\/wp-json\/wp\/v2\/comments?post=620"}],"version-history":[{"count":7,"href":"https:\/\/kobudo-tesshinkan.eu\/index.php\/wp-json\/wp\/v2\/pages\/620\/revisions"}],"predecessor-version":[{"id":1836,"href":"https:\/\/kobudo-tesshinkan.eu\/index.php\/wp-json\/wp\/v2\/pages\/620\/revisions\/1836"}],"up":[{"embeddable":true,"href":"https:\/\/kobudo-tesshinkan.eu\/index.php\/wp-json\/wp\/v2\/pages\/1357"}],"wp:attachment":[{"href":"https:\/\/kobudo-tesshinkan.eu\/index.php\/wp-json\/wp\/v2\/media?parent=620"}],"curies":[{"name":"wp","href":"https:\/\/api.w.org\/{rel}","templated":true}]}}