{"id":5875,"date":"2021-04-19T13:51:07","date_gmt":"2021-04-19T11:51:07","guid":{"rendered":"https:\/\/kobudo-tesshinkan.eu\/?page_id=5875"},"modified":"2021-04-19T14:00:24","modified_gmt":"2021-04-19T12:00:24","slug":"iran-2","status":"publish","type":"page","link":"https:\/\/kobudo-tesshinkan.eu\/index.php\/en\/ueber-ryukyu-kobudo-tesshinkan\/dojos\/asien\/iran-2\/","title":{"rendered":"Iran"},"content":{"rendered":"<h3>Ry\u00fbky\u00fb Kobud\u00f4 Tesshinkan Ky\u00f4 Kai &#8211; Iran Branch<\/h3>\n<p><b>Sensei:<\/b> &nbsp;&nbsp; Prof. Seyed Ahmad Taleghani<br \/>\n1646757384 Tehran<\/p>\n<p>Tel\/Fax: +98-21-77935436<br \/>\nMobile: +98-9195324980<\/p>\n<p><a href=\"mailto:iran_asepro@yahoo.com\" target=\"_blank\" rel=\"noopener noreferrer\">E-Mail<\/a><\/p>\n","protected":false},"excerpt":{"rendered":"<p>Ry\u00fbky\u00fb Kobud\u00f4 Tesshinkan Ky\u00f4 Kai &#8211; Iran Branch Sensei: &nbsp;&nbsp; Prof. Seyed Ahmad Taleghani 1646757384 Tehran Tel\/Fax: +98-21-77935436 Mobile: +98-9195324980 E-Mail<\/p>\n","protected":false},"author":4,"featured_media":0,"parent":1163,"menu_order":0,"comment_status":"closed","ping_status":"closed","template":"","meta":{"footnotes":""},"_links":{"self":[{"href":"https:\/\/kobudo-tesshinkan.eu\/index.php\/wp-json\/wp\/v2\/pages\/5875"}],"collection":[{"href":"https:\/\/kobudo-tesshinkan.eu\/index.php\/wp-json\/wp\/v2\/pages"}],"about":[{"href":"https:\/\/kobudo-tesshinkan.eu\/index.php\/wp-json\/wp\/v2\/types\/page"}],"author":[{"embeddable":true,"href":"https:\/\/kobudo-tesshinkan.eu\/index.php\/wp-json\/wp\/v2\/users\/4"}],"replies":[{"embeddable":true,"href":"https:\/\/kobudo-tesshinkan.eu\/index.php\/wp-json\/wp\/v2\/comments?post=5875"}],"version-history":[{"count":4,"href":"https:\/\/kobudo-tesshinkan.eu\/index.php\/wp-json\/wp\/v2\/pages\/5875\/revisions"}],"predecessor-version":[{"id":5890,"href":"https:\/\/kobudo-tesshinkan.eu\/index.php\/wp-json\/wp\/v2\/pages\/5875\/revisions\/5890"}],"up":[{"embeddable":true,"href":"https:\/\/kobudo-tesshinkan.eu\/index.php\/wp-json\/wp\/v2\/pages\/1163"}],"wp:attachment":[{"href":"https:\/\/kobudo-tesshinkan.eu\/index.php\/wp-json\/wp\/v2\/media?parent=5875"}],"curies":[{"name":"wp","href":"https:\/\/api.w.org\/{rel}","templated":true}]}}