{"id":5621,"date":"2019-11-17T20:59:37","date_gmt":"2019-11-17T19:59:37","guid":{"rendered":"https:\/\/kobudo-tesshinkan.eu\/?page_id=5621"},"modified":"2019-11-18T20:32:45","modified_gmt":"2019-11-18T19:32:45","slug":"braziliya","status":"publish","type":"page","link":"https:\/\/kobudo-tesshinkan.eu\/index.php\/ru\/braziliya\/","title":{"rendered":"\u0411\u0440\u0430\u0437\u0438\u043b\u0438\u044f"},"content":{"rendered":"\n<h3 class=\"wp-block-heading\"><strong>North Karate Association<\/strong><\/h3>\n\n\n\n<p><strong>Sensei:<\/strong> Fernando Ant\u00f4nio Bastos Neto<\/p>\n\n\n\n<div class=\"wp-block-image\"><figure class=\"alignright\"><img loading=\"lazy\" decoding=\"async\" width=\"150\" height=\"150\" src=\"https:\/\/kobudo-tesshinkan.eu\/wp-content\/uploads\/2019\/11\/Logo_Belem-150x150.jpg\" alt=\"\" class=\"wp-image-5613\" srcset=\"https:\/\/kobudo-tesshinkan.eu\/wp-content\/uploads\/2019\/11\/Logo_Belem-150x150.jpg 150w, https:\/\/kobudo-tesshinkan.eu\/wp-content\/uploads\/2019\/11\/Logo_Belem-300x300.jpg 300w, https:\/\/kobudo-tesshinkan.eu\/wp-content\/uploads\/2019\/11\/Logo_Belem-768x771.jpg 768w, https:\/\/kobudo-tesshinkan.eu\/wp-content\/uploads\/2019\/11\/Logo_Belem-1021x1024.jpg 1021w, https:\/\/kobudo-tesshinkan.eu\/wp-content\/uploads\/2019\/11\/Logo_Belem.jpg 1181w\" sizes=\"(max-width: 150px) 100vw, 150px\" \/><\/figure><\/div>\n\n\n\n<p>Avenida Governador Jos\u00e9 Malcher 2306, 3rd floor<br>ZIP code:  66060-230<br>City:  Bel\u00e9m do Par\u00e1 \/ Brasilien<\/p>\n\n\n\n<p>Tel: +55 (041) 091 99143 &#8211; 9161<\/p>\n\n\n\n<p>Practise times:<br>Friday and Saturday  18:00 &#8211; 21:30<\/p>\n\n\n\n<p><a rel=\"noreferrer noopener\" aria-label=\" (\u00f6ffnet in neuem Tab)\" href=\"https:\/\/www.facebook.com\/associacaonortedekarate\/\" target=\"_blank\">Homepage<\/a> &nbsp;&nbsp;&nbsp; <a href=\"mailto:fbneto@outlook.com.br\" target=\"_blank\" rel=\"noreferrer noopener\" aria-label=\" (\u00f6ffnet in neuem Tab)\">E-Mail<\/a><\/p>\n","protected":false},"excerpt":{"rendered":"<p>North Karate Association Sensei: Fernando Ant\u00f4nio Bastos Neto Avenida Governador Jos\u00e9 Malcher 2306, 3rd floorZIP code: 66060-230City: Bel\u00e9m do Par\u00e1 \/ Brasilien Tel: +55 (041) 091 99143 &#8211; 9161 Practise times:Friday and Saturday 18:00 &#8211; 21:30 Homepage &nbsp;&nbsp;&nbsp; E-Mail<\/p>\n","protected":false},"author":1,"featured_media":0,"parent":0,"menu_order":0,"comment_status":"closed","ping_status":"closed","template":"","meta":{"footnotes":""},"_links":{"self":[{"href":"https:\/\/kobudo-tesshinkan.eu\/index.php\/wp-json\/wp\/v2\/pages\/5621"}],"collection":[{"href":"https:\/\/kobudo-tesshinkan.eu\/index.php\/wp-json\/wp\/v2\/pages"}],"about":[{"href":"https:\/\/kobudo-tesshinkan.eu\/index.php\/wp-json\/wp\/v2\/types\/page"}],"author":[{"embeddable":true,"href":"https:\/\/kobudo-tesshinkan.eu\/index.php\/wp-json\/wp\/v2\/users\/1"}],"replies":[{"embeddable":true,"href":"https:\/\/kobudo-tesshinkan.eu\/index.php\/wp-json\/wp\/v2\/comments?post=5621"}],"version-history":[{"count":3,"href":"https:\/\/kobudo-tesshinkan.eu\/index.php\/wp-json\/wp\/v2\/pages\/5621\/revisions"}],"predecessor-version":[{"id":5646,"href":"https:\/\/kobudo-tesshinkan.eu\/index.php\/wp-json\/wp\/v2\/pages\/5621\/revisions\/5646"}],"wp:attachment":[{"href":"https:\/\/kobudo-tesshinkan.eu\/index.php\/wp-json\/wp\/v2\/media?parent=5621"}],"curies":[{"name":"wp","href":"https:\/\/api.w.org\/{rel}","templated":true}]}}