{"id":562,"date":"2016-12-24T17:18:02","date_gmt":"2016-12-24T16:18:02","guid":{"rendered":"http:\/\/tesshinkan.ddns.net\/tesshinkan-wp\/?page_id=562"},"modified":"2026-04-26T11:26:14","modified_gmt":"2026-04-26T09:26:14","slug":"seminars","status":"publish","type":"page","link":"https:\/\/kobudo-tesshinkan.eu\/index.php\/en\/dates_reports\/seminars\/","title":{"rendered":"Seminars"},"content":{"rendered":"\n<p><a href=\"https:\/\/kobudo-tesshinkan.eu\/index.php\/de\/termine-berichte\/lehrgaenge\/vergangene-lehrgaenge\/\" data-type=\"URL\" data-id=\"https:\/\/kobudo-tesshinkan.eu\/index.php\/de\/termine-berichte\/lehrgaenge\/vergangene-lehrgaenge\/\" target=\"_blank\" rel=\"noreferrer noopener\">Vergangene Lehrg\u00e4nge<\/a><\/p>\n\n\n\n<h2 class=\"wp-block-heading\">2027<\/h2>\n\n\n\n<figure class=\"wp-block-table\"><table><tbody><tr><td>15.07. &#8211; 18.07.2026<\/td><td>Nordhausen (GER)<\/td><td><a href=\"https:\/\/kobudo-tesshinkan.eu\/wp-content\/uploads\/2025\/08\/2026_Europe_Gasshuku.pdf\">Tesshinkan Europe-Gasshuku<\/a><\/td><\/tr><tr><td>21.02.2027<\/td><td>Nordhausen (GER)<\/td><td><a href=\"https:\/\/kobudo-tesshinkan.eu\/wp-content\/uploads\/2026\/04\/2026_Intensivkurs.pdf\" data-type=\"page\" data-id=\"7522\" target=\"_blank\" rel=\"noreferrer noopener\">Kobud\u00f4-Intensiv #6<\/a><br>Pelny, 6. DAN<\/td><\/tr><tr><td>10.01.2027<\/td><td>Nordhausen (GER)<\/td><td><a href=\"https:\/\/kobudo-tesshinkan.eu\/wp-content\/uploads\/2026\/04\/2026_Intensivkurs.pdf\" data-type=\"link\" data-id=\"https:\/\/kobudo-tesshinkan.eu\/wp-content\/uploads\/2026\/04\/2026_Intensivkurs.pdf\" target=\"_blank\" rel=\"noreferrer noopener\">Kobud\u00f4-Intensiv #5<\/a><br>Pelny, 6. DAN<\/td><\/tr><\/tbody><\/table><\/figure>\n\n\n\n<h2 class=\"wp-block-heading\">2026<\/h2>\n\n\n\n<figure class=\"wp-block-table\"><table><tbody><tr><td>06.12.2026<\/td><td>Nordhausen (GER)<\/td><td><a href=\"https:\/\/kobudo-tesshinkan.eu\/wp-content\/uploads\/2026\/04\/2026_Intensivkurs.pdf\" data-type=\"page\" data-id=\"7522\" target=\"_blank\" rel=\"noreferrer noopener\">Kobud\u00f4-Intensiv #4<\/a><br>Pelny, 6. DAN<\/td><\/tr><tr><td>01.11.2026<\/td><td>Nordhausen (GER)<\/td><td><a href=\"https:\/\/kobudo-tesshinkan.eu\/wp-content\/uploads\/2026\/04\/2026_Intensivkurs.pdf\" data-type=\"page\" data-id=\"7522\" target=\"_blank\" rel=\"noreferrer noopener\">Kobud\u00f4-Intensiv #3<\/a><br>Pelny, 6. DAN<\/td><\/tr><tr><td>04.10.2026<\/td><td>Nordhausen (GER)<\/td><td><a href=\"https:\/\/kobudo-tesshinkan.eu\/wp-content\/uploads\/2026\/04\/2026_Intensivkurs.pdf\" data-type=\"link\" data-id=\"https:\/\/kobudo-tesshinkan.eu\/wp-content\/uploads\/2026\/04\/2026_Intensivkurs.pdf\" target=\"_blank\" rel=\"noreferrer noopener\">Kobud\u00f4-Intensiv #2<\/a><br>Pelny, 6. DAN<\/td><\/tr><tr><td>06.09.2026<\/td><td>Nordhausen (GER)<\/td><td><a href=\"https:\/\/kobudo-tesshinkan.eu\/wp-content\/uploads\/2026\/04\/2026_Intensivkurs.pdf\" target=\"_blank\" rel=\"noreferrer noopener\">Kobud\u00f4-Intensiv #1<\/a><br>Pelny, 6. DAN<\/td><\/tr><tr><td>09.07. &#8211; 12.07.2026<\/td><td>Nordhausen (GER)<\/td><td><a href=\"https:\/\/kobudo-tesshinkan.eu\/wp-content\/uploads\/2025\/08\/2026_Europe_Gasshuku.pdf\">Tesshinkan Europe-Gasshuku<\/a><br>=&gt; <a href=\"https:\/\/kobudo-tesshinkan.eu\/index.php\/de\/anmeldung-zum-gasshuku-2026-in-nordhausen-ger\/\" data-type=\"page\" data-id=\"7522\">Registrierung bis 31.05.2026<\/a><\/td><\/tr><tr><td>10.05.2026<\/td><td>Jena (GER)<\/td><td><a href=\"https:\/\/kobudo-tesshinkan.eu\/wp-content\/uploads\/2026\/01\/2026_Jena_DM.pdf\">Spring Seminar &amp; German Championship<\/a><br>Pelny, 6. DAN<\/td><\/tr><tr><td>03.04. &#8211; 05.04.2026<\/td><td>Jurga (RUS)<\/td><td><a href=\"https:\/\/kobudo-tesshinkan.eu\/wp-content\/uploads\/2026\/02\/2026_Jurga.pdf\">Seminar<\/a><br>Pelny, 6. DAN<\/td><\/tr><tr><td>21.02. &#8211; 22.02.2026<\/td><td>Lodz (POL)<\/td><td><a href=\"https:\/\/kobudo-tesshinkan.eu\/wp-content\/uploads\/2026\/01\/2026_Lodz_Kobudo.pdf\">International Seminar<\/a><br>Pelny, 6. DAN<\/td><\/tr><tr><td>08.02.2026<\/td><td>Nordhausen (GER)<\/td><td><a href=\"https:\/\/kobudo-tesshinkan.eu\/wp-content\/uploads\/2025\/09\/2025_Intensivkurs.pdf\" target=\"_blank\" rel=\"noreferrer noopener\">Kobud\u00f4-Intensiv #6<\/a><br>Pelny, 6. DAN<\/td><\/tr><tr><td>31.01.2026<\/td><td>Manebach (GER)<\/td><td>Ryukyu Shorin Ryu Karate Kobudo Tesshinkan<br>Walter, Lorenz, Reichmuth, Nolte<\/td><\/tr><tr><td>11.01.2026<\/td><td>Nordhausen (GER)<\/td><td><a href=\"https:\/\/kobudo-tesshinkan.eu\/wp-content\/uploads\/2025\/09\/2025_Intensivkurs.pdf\" target=\"_blank\" rel=\"noreferrer noopener\">Kobud\u00f4-Intensiv #5<\/a><br>Pelny, 6. DAN<\/td><\/tr><\/tbody><\/table><\/figure>\n\n\n","protected":false},"excerpt":{"rendered":"<p>Vergangene Lehrg\u00e4nge 2027 15.07. &#8211; 18.07.2026 Nordhausen (GER) Tesshinkan Europe-Gasshuku 21.02.2027 Nordhausen (GER) Kobud\u00f4-Intensiv #6Pelny, 6. DAN 10.01.2027 Nordhausen (GER) Kobud\u00f4-Intensiv #5Pelny, 6. DAN 2026 06.12.2026 Nordhausen (GER) Kobud\u00f4-Intensiv #4Pelny, 6. DAN 01.11.2026 Nordhausen (GER) Kobud\u00f4-Intensiv #3Pelny, 6. DAN 04.10.2026 Nordhausen (GER) Kobud\u00f4-Intensiv #2Pelny, 6. DAN 06.09.2026 Nordhausen (GER) Kobud\u00f4-Intensiv #1Pelny, 6. DAN 09.07. &#8211; &#8230; <a title=\"Seminars\" class=\"read-more\" href=\"https:\/\/kobudo-tesshinkan.eu\/index.php\/en\/dates_reports\/seminars\/\" aria-label=\"Mehr Informationen \u00fcber Seminars\">Weiterlesen<\/a><\/p>\n","protected":false},"author":1,"featured_media":0,"parent":141,"menu_order":0,"comment_status":"closed","ping_status":"closed","template":"","meta":{"footnotes":""},"_links":{"self":[{"href":"https:\/\/kobudo-tesshinkan.eu\/index.php\/wp-json\/wp\/v2\/pages\/562"}],"collection":[{"href":"https:\/\/kobudo-tesshinkan.eu\/index.php\/wp-json\/wp\/v2\/pages"}],"about":[{"href":"https:\/\/kobudo-tesshinkan.eu\/index.php\/wp-json\/wp\/v2\/types\/page"}],"author":[{"embeddable":true,"href":"https:\/\/kobudo-tesshinkan.eu\/index.php\/wp-json\/wp\/v2\/users\/1"}],"replies":[{"embeddable":true,"href":"https:\/\/kobudo-tesshinkan.eu\/index.php\/wp-json\/wp\/v2\/comments?post=562"}],"version-history":[{"count":69,"href":"https:\/\/kobudo-tesshinkan.eu\/index.php\/wp-json\/wp\/v2\/pages\/562\/revisions"}],"predecessor-version":[{"id":7582,"href":"https:\/\/kobudo-tesshinkan.eu\/index.php\/wp-json\/wp\/v2\/pages\/562\/revisions\/7582"}],"up":[{"embeddable":true,"href":"https:\/\/kobudo-tesshinkan.eu\/index.php\/wp-json\/wp\/v2\/pages\/141"}],"wp:attachment":[{"href":"https:\/\/kobudo-tesshinkan.eu\/index.php\/wp-json\/wp\/v2\/media?parent=562"}],"curies":[{"name":"wp","href":"https:\/\/api.w.org\/{rel}","templated":true}]}}