{"id":542,"date":"2016-08-28T20:47:38","date_gmt":"2016-08-28T18:47:38","guid":{"rendered":"http:\/\/tesshinkan.ddns.net\/tesshinkan-wp\/?page_id=542"},"modified":"2024-12-03T09:07:16","modified_gmt":"2024-12-03T08:07:16","slug":"impressum","status":"publish","type":"page","link":"https:\/\/kobudo-tesshinkan.eu\/index.php\/de\/impressum\/","title":{"rendered":"Impressum"},"content":{"rendered":"<p style=\"text-align: center;\">Webmaster kobudo-tesshinkan.eu<br \/>\nFrank Pelny<br \/>\nBergstr. 1<br \/>\nD-99734 NORDHAUSEN<\/p>\n<p style=\"text-align: center;\">Mail: <a href=\"mailto:info@kobudo-tesshinkan.eu\">info@kobudo-tesshinkan.eu<\/a><\/p>\n<p style=\"text-align: center;\">Mit dem Urteil vom 12. Mai 1998 hat das Landgericht Hamburg entschieden, dass man durch die Ausbringung eines Links die Inhalte der gelinkten Seite ggf. mit zu verantworten hat. Dies kann &#8211; so das LG &#8211; nur dadurch verhindert werden, dass man sich ausdr\u00fccklich von diesen Inhalten distanziert. Auf dieser Website sind Links zu anderen Seiten im Internet gelegt.<\/p>\n<p style=\"text-align: center;\" align=\"justify\">F\u00fcr alle Links dieser Homepage gilt: Der Betreiber von kobudo-tesshinkan.eu m\u00f6chte ausdr\u00fccklich betonen, dass er keinerlei Einfluss auf die Gestaltung und die Inhalte der gelinkten Seiten hat. Deshalb distanziert er sich hiermit ausdr\u00fccklich von allen Inhalten aller gelinkten Seiten auf seiner Website. Gleiches gilt f\u00fcr Links in s\u00e4mtlichen E-Mails, Foren und Bannern.<\/p>\n<p><center>Nachdruck oder Ver\u00f6ffentlichung &#8211; auch in Teilen &#8211; sind nur mit ausdr\u00fccklicher schriftlicher Genehmigung des Betreibers erlaubt.<\/center><\/p>\n","protected":false},"excerpt":{"rendered":"<p>Webmaster kobudo-tesshinkan.eu Frank Pelny Bergstr. 1 D-99734 NORDHAUSEN Mail: info@kobudo-tesshinkan.eu Mit dem Urteil vom 12. Mai 1998 hat das Landgericht Hamburg entschieden, dass man durch die Ausbringung eines Links die Inhalte der gelinkten Seite ggf. mit zu verantworten hat. Dies kann &#8211; so das LG &#8211; nur dadurch verhindert werden, dass man sich ausdr\u00fccklich von &#8230; <a title=\"Impressum\" class=\"read-more\" href=\"https:\/\/kobudo-tesshinkan.eu\/index.php\/de\/impressum\/\" aria-label=\"Mehr Informationen \u00fcber Impressum\">Weiterlesen<\/a><\/p>\n","protected":false},"author":1,"featured_media":0,"parent":0,"menu_order":6,"comment_status":"closed","ping_status":"closed","template":"","meta":{"footnotes":""},"_links":{"self":[{"href":"https:\/\/kobudo-tesshinkan.eu\/index.php\/wp-json\/wp\/v2\/pages\/542"}],"collection":[{"href":"https:\/\/kobudo-tesshinkan.eu\/index.php\/wp-json\/wp\/v2\/pages"}],"about":[{"href":"https:\/\/kobudo-tesshinkan.eu\/index.php\/wp-json\/wp\/v2\/types\/page"}],"author":[{"embeddable":true,"href":"https:\/\/kobudo-tesshinkan.eu\/index.php\/wp-json\/wp\/v2\/users\/1"}],"replies":[{"embeddable":true,"href":"https:\/\/kobudo-tesshinkan.eu\/index.php\/wp-json\/wp\/v2\/comments?post=542"}],"version-history":[{"count":2,"href":"https:\/\/kobudo-tesshinkan.eu\/index.php\/wp-json\/wp\/v2\/pages\/542\/revisions"}],"predecessor-version":[{"id":7219,"href":"https:\/\/kobudo-tesshinkan.eu\/index.php\/wp-json\/wp\/v2\/pages\/542\/revisions\/7219"}],"wp:attachment":[{"href":"https:\/\/kobudo-tesshinkan.eu\/index.php\/wp-json\/wp\/v2\/media?parent=542"}],"curies":[{"name":"wp","href":"https:\/\/api.w.org\/{rel}","templated":true}]}}