{"id":526,"date":"2016-08-22T22:30:37","date_gmt":"2016-08-22T20:30:37","guid":{"rendered":"http:\/\/tesshinkan.ddns.net\/tesshinkan-wp\/?page_id=526"},"modified":"2024-04-07T23:00:22","modified_gmt":"2024-04-07T21:00:22","slug":"startseite","status":"publish","type":"page","link":"https:\/\/kobudo-tesshinkan.eu\/index.php\/de\/startseite\/","title":{"rendered":"Startseite"},"content":{"rendered":"<p><center><div aria-live=\"polite\" id=\"soliloquy-container-926\" class=\"soliloquy-container soliloquy-transition-fade  soliloquy-theme-classic\" style=\"max-width:800px;max-height:600px;\"><ul id=\"soliloquy-926\" class=\"soliloquy-slider soliloquy-slides soliloquy-wrap soliloquy-clear\"><li aria-hidden=\"true\" class=\"soliloquy-item soliloquy-item-1 soliloquy-image-slide\" draggable=\"false\" style=\"list-style:none\"><img decoding=\"async\" id=\"soliloquy-image-966\" class=\"soliloquy-image soliloquy-image-1\" src=\"https:\/\/kobudo-tesshinkan.eu\/wp-content\/uploads\/2017\/01\/test-startseite-00-800x600_c.jpg\" alt=\"test-startseite-00\" \/><\/li><li aria-hidden=\"true\" class=\"soliloquy-item soliloquy-item-2 soliloquy-image-slide\" draggable=\"false\" style=\"list-style:none\"><img decoding=\"async\" id=\"soliloquy-image-6799\" class=\"soliloquy-image soliloquy-image-2\" src=\"https:\/\/kobudo-tesshinkan.eu\/wp-content\/uploads\/2023\/08\/12-800x600_c.jpg\" alt=\"12\" \/><\/li><li aria-hidden=\"true\" class=\"soliloquy-item soliloquy-item-3 soliloquy-image-slide\" draggable=\"false\" style=\"list-style:none\"><img decoding=\"async\" id=\"soliloquy-image-6806\" class=\"soliloquy-image soliloquy-image-3\" src=\"https:\/\/kobudo-tesshinkan.eu\/wp-content\/uploads\/2023\/08\/Titel-800x600_c.jpg\" alt=\"Titel\" \/><\/li><li aria-hidden=\"true\" class=\"soliloquy-item soliloquy-item-4 soliloquy-image-slide\" draggable=\"false\" style=\"list-style:none\"><img decoding=\"async\" id=\"soliloquy-image-6798\" class=\"soliloquy-image soliloquy-image-4\" src=\"https:\/\/kobudo-tesshinkan.eu\/wp-content\/uploads\/2023\/08\/11-800x600_c.jpg\" alt=\"11\" \/><\/li><li aria-hidden=\"true\" class=\"soliloquy-item soliloquy-item-5 soliloquy-image-slide\" draggable=\"false\" style=\"list-style:none\"><img decoding=\"async\" id=\"soliloquy-image-6797\" class=\"soliloquy-image soliloquy-image-5\" src=\"https:\/\/kobudo-tesshinkan.eu\/wp-content\/uploads\/2023\/08\/10-800x600_c.jpg\" alt=\"10\" \/><\/li><li aria-hidden=\"true\" class=\"soliloquy-item soliloquy-item-6 soliloquy-image-slide\" draggable=\"false\" style=\"list-style:none\"><img decoding=\"async\" id=\"soliloquy-image-6443\" class=\"soliloquy-image soliloquy-image-6\" src=\"https:\/\/kobudo-tesshinkan.eu\/wp-content\/uploads\/2022\/08\/IMG_6011-800x600_c.jpg\" alt=\"IMG_6011\" \/><\/li><li aria-hidden=\"true\" class=\"soliloquy-item soliloquy-item-7 soliloquy-image-slide\" draggable=\"false\" style=\"list-style:none\"><img decoding=\"async\" id=\"soliloquy-image-6437\" class=\"soliloquy-image soliloquy-image-7\" src=\"https:\/\/kobudo-tesshinkan.eu\/wp-content\/uploads\/2022\/08\/IMG_6796-800x600_c.jpg\" alt=\"Okinawa_Strand_2022\" \/><\/li><li aria-hidden=\"true\" class=\"soliloquy-item soliloquy-item-8 soliloquy-image-slide\" draggable=\"false\" style=\"list-style:none\"><img decoding=\"async\" id=\"soliloquy-image-6444\" class=\"soliloquy-image soliloquy-image-8\" src=\"https:\/\/kobudo-tesshinkan.eu\/wp-content\/uploads\/2022\/08\/IMG_6195-800x600_c.jpg\" alt=\"IMG_6195\" \/><\/li><li aria-hidden=\"true\" class=\"soliloquy-item soliloquy-item-9 soliloquy-image-slide\" draggable=\"false\" style=\"list-style:none\"><img decoding=\"async\" id=\"soliloquy-image-6445\" class=\"soliloquy-image soliloquy-image-9\" src=\"https:\/\/kobudo-tesshinkan.eu\/wp-content\/uploads\/2022\/08\/IMG_6487-800x600_c.jpg\" alt=\"IMG_6487\" \/><\/li><li aria-hidden=\"true\" class=\"soliloquy-item soliloquy-item-10 soliloquy-image-slide\" draggable=\"false\" style=\"list-style:none\"><img decoding=\"async\" id=\"soliloquy-image-942\" class=\"soliloquy-image soliloquy-image-10\" src=\"https:\/\/kobudo-tesshinkan.eu\/wp-content\/uploads\/2017\/01\/test-startseite-12-800x600_c.jpg\" alt=\"test-startseite-12\" \/><\/li><li aria-hidden=\"true\" class=\"soliloquy-item soliloquy-item-11 soliloquy-image-slide\" draggable=\"false\" style=\"list-style:none\"><img decoding=\"async\" id=\"soliloquy-image-940\" class=\"soliloquy-image soliloquy-image-11\" src=\"https:\/\/kobudo-tesshinkan.eu\/wp-content\/uploads\/2017\/01\/test-startseite-09-800x600_c.jpg\" alt=\"test-startseite-09\" \/><\/li><li aria-hidden=\"true\" class=\"soliloquy-item soliloquy-item-12 soliloquy-image-slide\" draggable=\"false\" style=\"list-style:none\"><img decoding=\"async\" id=\"soliloquy-image-932\" class=\"soliloquy-image soliloquy-image-12\" src=\"https:\/\/kobudo-tesshinkan.eu\/wp-content\/uploads\/2017\/01\/test-startseite-01-800x600_c.jpg\" alt=\"test-startseite-01\" \/><\/li><li aria-hidden=\"true\" class=\"soliloquy-item soliloquy-item-13 soliloquy-image-slide\" draggable=\"false\" style=\"list-style:none\"><img decoding=\"async\" id=\"soliloquy-image-934\" class=\"soliloquy-image soliloquy-image-13\" src=\"https:\/\/kobudo-tesshinkan.eu\/wp-content\/uploads\/2017\/01\/test-startseite-03-800x600_c.jpg\" alt=\"test-startseite-03\" \/><\/li><li aria-hidden=\"true\" class=\"soliloquy-item soliloquy-item-14 soliloquy-image-slide\" draggable=\"false\" style=\"list-style:none\"><img decoding=\"async\" id=\"soliloquy-image-941\" class=\"soliloquy-image soliloquy-image-14\" src=\"https:\/\/kobudo-tesshinkan.eu\/wp-content\/uploads\/2017\/01\/test-startseite-10-800x600_c.jpg\" alt=\"test-startseite-10\" \/><\/li><li aria-hidden=\"true\" class=\"soliloquy-item soliloquy-item-15 soliloquy-image-slide\" draggable=\"false\" style=\"list-style:none\"><img decoding=\"async\" id=\"soliloquy-image-939\" class=\"soliloquy-image soliloquy-image-15\" src=\"https:\/\/kobudo-tesshinkan.eu\/wp-content\/uploads\/2017\/01\/test-startseite-08-800x600_c.jpg\" alt=\"test-startseite-08\" \/><\/li><\/ul><\/div><noscript><style type=\"text\/css\">#soliloquy-container-926{opacity:1}<\/style><\/noscript><\/center><\/p>\n\n\n<div style=\"height:30px\" aria-hidden=\"true\" class=\"wp-block-spacer\"><\/div>\n\n\n\n<p class=\"has-text-align-center has-background has-normal-font-size\" style=\"background-color:#f9f9f9\">Der Verband \u201e<span class=\"has-inline-color has-vivid-red-color\">Ry\u00fbky\u00fb Kobud\u00f4 Tesshinkan Ky\u00f4 Kai<\/span>\u201c wurde von Tamayose Hidemi Sensei am 22. Mai 1999 gegr\u00fcndet, um das Ry\u00fbky\u00fb Kobud\u00f4 in der Tradition seines Meisters Akamine Eisuke fortzuf\u00fchren. <\/p>\n\n\n\n<p class=\"has-text-align-center has-background has-normal-font-size\" style=\"background-color:#f9f9f9\">In direkter Linie von Taira Shinken \u00fcber Akamine Eisuke zu Tamayose Hidemi lehrt der Tesshinkan Verband heute 23 traditionelle Kobud\u00f4 Kata.<\/p>\n\n\n\n<p class=\"has-text-align-center has-background has-normal-font-size\" style=\"background-color:#f9f9f9\">Das Honbu-D\u00f4j\u00f4 befindet sich in Ozato (Nanjo-City) auf Okinawa.<\/p>\n\n\n\n<p><\/p>\n\n\n<div class=\"wp-block-image is-resized\">\n<figure class=\"aligncenter size-medium\"><img loading=\"lazy\" decoding=\"async\" width=\"300\" height=\"300\" src=\"https:\/\/kobudo-tesshinkan.eu\/wp-content\/uploads\/2016\/08\/tesshinkan-logo-800px-300x300.png\" alt=\"\" class=\"wp-image-523\" srcset=\"https:\/\/kobudo-tesshinkan.eu\/wp-content\/uploads\/2016\/08\/tesshinkan-logo-800px-300x300.png 300w, https:\/\/kobudo-tesshinkan.eu\/wp-content\/uploads\/2016\/08\/tesshinkan-logo-800px-150x150.png 150w, https:\/\/kobudo-tesshinkan.eu\/wp-content\/uploads\/2016\/08\/tesshinkan-logo-800px-400x400.png 400w, https:\/\/kobudo-tesshinkan.eu\/wp-content\/uploads\/2016\/08\/tesshinkan-logo-800px.png 800w\" sizes=\"(max-width: 300px) 100vw, 300px\" \/><\/figure><\/div>\n\n\n<div style=\"height:20px\" aria-hidden=\"true\" class=\"wp-block-spacer\"><\/div>\n","protected":false},"excerpt":{"rendered":"<p>Der Verband \u201eRy\u00fbky\u00fb Kobud\u00f4 Tesshinkan Ky\u00f4 Kai\u201c wurde von Tamayose Hidemi Sensei am 22. Mai 1999 gegr\u00fcndet, um das Ry\u00fbky\u00fb Kobud\u00f4 in der Tradition seines Meisters Akamine Eisuke fortzuf\u00fchren. In direkter Linie von Taira Shinken \u00fcber Akamine Eisuke zu Tamayose Hidemi lehrt der Tesshinkan Verband heute 23 traditionelle Kobud\u00f4 Kata. Das Honbu-D\u00f4j\u00f4 befindet sich in &#8230; <a title=\"Startseite\" class=\"read-more\" href=\"https:\/\/kobudo-tesshinkan.eu\/index.php\/de\/startseite\/\" aria-label=\"Mehr Informationen \u00fcber Startseite\">Weiterlesen<\/a><\/p>\n","protected":false},"author":1,"featured_media":0,"parent":0,"menu_order":0,"comment_status":"closed","ping_status":"closed","template":"","meta":{"footnotes":""},"_links":{"self":[{"href":"https:\/\/kobudo-tesshinkan.eu\/index.php\/wp-json\/wp\/v2\/pages\/526"}],"collection":[{"href":"https:\/\/kobudo-tesshinkan.eu\/index.php\/wp-json\/wp\/v2\/pages"}],"about":[{"href":"https:\/\/kobudo-tesshinkan.eu\/index.php\/wp-json\/wp\/v2\/types\/page"}],"author":[{"embeddable":true,"href":"https:\/\/kobudo-tesshinkan.eu\/index.php\/wp-json\/wp\/v2\/users\/1"}],"replies":[{"embeddable":true,"href":"https:\/\/kobudo-tesshinkan.eu\/index.php\/wp-json\/wp\/v2\/comments?post=526"}],"version-history":[{"count":71,"href":"https:\/\/kobudo-tesshinkan.eu\/index.php\/wp-json\/wp\/v2\/pages\/526\/revisions"}],"predecessor-version":[{"id":6963,"href":"https:\/\/kobudo-tesshinkan.eu\/index.php\/wp-json\/wp\/v2\/pages\/526\/revisions\/6963"}],"wp:attachment":[{"href":"https:\/\/kobudo-tesshinkan.eu\/index.php\/wp-json\/wp\/v2\/media?parent=526"}],"curies":[{"name":"wp","href":"https:\/\/api.w.org\/{rel}","templated":true}]}}