{"id":513,"date":"2016-08-22T21:39:13","date_gmt":"2016-08-22T19:39:13","guid":{"rendered":"http:\/\/tesshinkan.ddns.net\/tesshinkan-wp\/?page_id=513"},"modified":"2025-03-18T14:12:18","modified_gmt":"2025-03-18T13:12:18","slug":"buecher","status":"publish","type":"page","link":"https:\/\/kobudo-tesshinkan.eu\/index.php\/de\/shop\/buecher\/","title":{"rendered":"B\u00fccher"},"content":{"rendered":"<h2 align=\"left\">RY\u00dbKY\u00db KOBUD\u00d4 TESSHINKAN &#8211; Teil 1 (Lehrbuch)<\/h2>\n<p>Erstmals werden in diesem Buch Hintergr\u00fcnde, Techniken, Kata und Kampf\u00fcbungen der Stilrichtung &#8222;TESSHINKAN&#8220; der \u00d6ffentlichkeit anschaulich dargestellt.<\/p>\n<h3 align=\"justify\"><img loading=\"lazy\" decoding=\"async\" class=\"alignright wp-image-516 size-medium\" src=\"https:\/\/kobudo-tesshinkan.eu\/wp-content\/uploads\/2016\/08\/Buch_Kobudo-201x300.jpg\" alt=\"book1_kobudo\" width=\"201\" height=\"300\" srcset=\"https:\/\/kobudo-tesshinkan.eu\/wp-content\/uploads\/2016\/08\/Buch_Kobudo-201x300.jpg 201w, https:\/\/kobudo-tesshinkan.eu\/wp-content\/uploads\/2016\/08\/Buch_Kobudo.jpg 394w\" sizes=\"(max-width: 201px) 100vw, 201px\" \/><strong> Aus dem Inhalt:<\/strong><\/h3>\n<ul>\n<li>pers\u00f6nliches Vorwort von Kaich\u00f4 Tamayose Hidemi<\/li>\n<li>Geschichte Okinawas und des Ry\u00fbky\u00fb Kobud\u00f4<\/li>\n<li>Waffen des Ry\u00fbky\u00fb Kobud\u00f4 (Arten, Pflege, Deutsches Waffenrecht)<\/li>\n<li>Das traditionelle D\u00f4j\u00f4, \u00dcbungsbekleidung, Graduierungssystem<\/li>\n<li>Gymnastik mit Verwendung des B\u00f4, \u00dcbungen zur Verbesserung der B\u00f4-Handhabung<\/li>\n<li>Stellungen, Einsatz der H\u00fcfte, Lehrmethodik, Kihon \/ Kata \/ Kumite<\/li>\n<li>B\u00f4, Tekk\u00f4, Nunchaku, Sai, Tunf\u00e2: Grundwissen, Kihon und passendes Kumite, Kata, Kata-Bunkai<\/li>\n<li>Pr\u00fcfungsprogramme<\/li>\n<\/ul>\n<p align=\"left\"><strong>A5 Format, Hardcover<br \/><\/strong><strong>512 Seiten<br \/>ca. 1500 s\/w Fotos und Skizzen<br \/>ISBN: 978-3-7375-1126-1<br \/>Preis: 42,00 EURO zuz\u00fcglich Versand <\/strong><\/p>\n<hr \/>\n<h2 align=\"left\">RY\u00dbKY\u00db KOBUD\u00d4 TESSHINKAN &#8211; Teil 2 (Lehrbuch)<\/h2>\n<p align=\"left\"><img loading=\"lazy\" decoding=\"async\" class=\"alignright wp-image-518 size-medium\" src=\"https:\/\/kobudo-tesshinkan.eu\/wp-content\/uploads\/2016\/08\/Buch_Kobudo_2-201x300.jpg\" alt=\"book_Kobudo_2\" width=\"201\" height=\"300\" srcset=\"https:\/\/kobudo-tesshinkan.eu\/wp-content\/uploads\/2016\/08\/Buch_Kobudo_2-201x300.jpg 201w, https:\/\/kobudo-tesshinkan.eu\/wp-content\/uploads\/2016\/08\/Buch_Kobudo_2.jpg 394w\" sizes=\"(max-width: 201px) 100vw, 201px\" \/>Mit dem Erscheinen dieses zweiten Teils der Buchserie &#8222;RY\u00dbKY\u00db KOBUD\u00d4 TESSHINKAN&#8220; ist diese KOBUD\u00d4-Stilrichtung wohl weltweit am besten dokumentiert. In diesem Buch werden eine Vielzahl von Einzel- und Partner\u00fcbungen sowie KATA beschrieben, die weitere pers\u00f6nliche Fortschritte erm\u00f6glichen. Unterst\u00fctzend wirken dabei Hunderte von Fotos und erg\u00e4nzende historische Hintergrundinformationen.<\/p>\n<h3 align=\"left\">Aus dem Inhalt:<\/h3>\n<ul>\n<li>Vorworte von Kaich\u00f4 Tamayose Hidemi, Ky\u00f4shi Donald Shapland und Sensei Frank Pelny<\/li>\n<li>kurze Einf\u00fchrung mit Geschichte, technischen Merkmalen und \u00dcbersicht des Lehrprogrammes<\/li>\n<li>eigene Kapitel f\u00fcr B\u00d4, NUNCHAKU, SAI, TUNF\u00c2, TINB\u00ca&amp;R\u00d4CHIN und NICH\u00d4GAMA<\/li>\n<li>unz\u00e4hlige methodische \u00dcbungen<\/li>\n<li>KATA-Programm 4. und 5. DAN und zus\u00e4tzliche KATA des RY\u00dbKY\u00db KOBUD\u00d4<\/li>\n<li>verschiedene KUMITE-Formen<\/li>\n<li>Trainingshilfen (Spiegel, MAKIWARA, KUMI-B\u00d4, Schutzbekleidung)<\/li>\n<li>Anhang mit zus\u00e4tzlichen Informationen, historischen Fotos und aktuellen Fotos<\/li>\n<\/ul>\n<p><strong>A5 Format, Hardcover<br \/><\/strong><strong>456 Seiten<br \/><\/strong><strong>ca. 1400 Fotos und Skizzen<br \/><\/strong><strong>ISBN:\u00a0 978-3-7375-1128-5<br \/><\/strong><strong>Preis:\u00a0 42,00 EURO zuz\u00fcglich Versand<\/strong><\/p>\n<hr \/>\n<h2>RY\u00dbKY\u00db KOBUD\u00d4 TESSHINKAN &#8211; Teil 3 (Lehrbuch)<\/h2>\n<p><img loading=\"lazy\" decoding=\"async\" class=\"alignright wp-image-1348 size-medium\" src=\"https:\/\/kobudo-tesshinkan.eu\/wp-content\/uploads\/2016\/08\/Buch_Kobudo_3-208x300.jpg\" alt=\"\" width=\"208\" height=\"300\" srcset=\"https:\/\/kobudo-tesshinkan.eu\/wp-content\/uploads\/2016\/08\/Buch_Kobudo_3-208x300.jpg 208w, https:\/\/kobudo-tesshinkan.eu\/wp-content\/uploads\/2016\/08\/Buch_Kobudo_3.jpg 394w\" sizes=\"(max-width: 208px) 100vw, 208px\" \/>Dieser dritte Teil komplettiert die Buchserie &#8222;RY\u00dbKY\u00db KOBUD\u00d4 TESSHINKAN&#8220;. Erstmals seit 40 Jahren, seit der Trilogie &#8222;RY\u00dbKY\u00db KOBUD\u00d4&#8220; (J\u00d4KAN, CH\u00dbKAN, GEKAN) von INOUE MOTOKATSU (1918- 1993) aus den Jahren 1972-1974, liegt mit dieser Buchserie nun die komplette Beschreibung eines Okinawa Waffenkampfstils vor, und damit weltweit erst zum zweiten Mal \u00fcberhaupt.<\/p>\n<h3>Aus dem Inhalt:<\/h3>\n<ul>\n<li>Vorworte von Kaich\u00f4 Tamayose Hidemi und Sensei Frank Pelny<\/li>\n<li>Einf\u00fchrung mit einer \u00dcbersicht \u00fcber Kobud\u00f4-Waffen, Kobud\u00f4-Stilrichtungen, Geschichte und Organisationen der Stilrichtung RY\u00dbKY\u00db KOBUD\u00d4<\/li>\n<li>eigene Kapitel f\u00fcr B\u00d4, TEKK\u00d4, NUNCHAKU, SAI, \u00caKU und SURUJIN<\/li>\n<li>viele methodische \u00dcbungen<\/li>\n<li>KATA-Programm 6. bis 8. DAN und zus\u00e4tzliche KATA des RY\u00dbKY\u00db KOBUD\u00d4<\/li>\n<li>Anhang mit zus\u00e4tzlichen Informationen, historischen Fotos und aktuellen Fotos, Schriftzeichen und einem kleinen Okinawa-Reisef\u00fchrer<\/li>\n<\/ul>\n<p><strong>A5 Format, Hardcover<\/strong><br \/><strong>428 Seiten<\/strong><br \/><strong>ca. 1000 s\/w Fotos und Zeichnungen<\/strong><br \/><strong>ISBN: \u00a0978-3-7375-0991-6<\/strong><br \/><strong>Preis:\u00a0 42,00 EURO zuz\u00fcglich Versand<\/strong><\/p>\n<hr \/>\n<h2>RY\u00dbKY\u00db KOBUD\u00d4 TESSHINKAN &#8211; Kompendium (Teil 4 &#8211; KATA-Lexikon)<\/h2>\n<p><img loading=\"lazy\" decoding=\"async\" class=\"alignright wp-image-1344 size-medium\" src=\"https:\/\/kobudo-tesshinkan.eu\/wp-content\/uploads\/2017\/05\/Buch_Comp-215x300.jpg\" alt=\"\" width=\"215\" height=\"300\" srcset=\"https:\/\/kobudo-tesshinkan.eu\/wp-content\/uploads\/2017\/05\/Buch_Comp-215x300.jpg 215w, https:\/\/kobudo-tesshinkan.eu\/wp-content\/uploads\/2017\/05\/Buch_Comp-400x557.jpg 400w, https:\/\/kobudo-tesshinkan.eu\/wp-content\/uploads\/2017\/05\/Buch_Comp.jpg 718w\" sizes=\"(max-width: 215px) 100vw, 215px\" \/>Dieses Buch enth\u00e4lt, erstmalig weltweit, das vollst\u00e4ndige Lehrprogramm der traditionellen Waffenkampfkunst RY\u00dbKY\u00db KOBUD\u00d4 TESSHINKAN von Okinawa. Alle Abl\u00e4ufe sind auf \u00fcbersichtlichen Schritt-f\u00fcr-Schritt Bildtafeln dargestellt. Erg\u00e4nzend wurden ein kurzer geschichtlicher Abriss und das Pr\u00fcfungs- und Wettkampfprogramm mit aufgenommen. Ausgestattet mit einem Ringeinband ist dieses Buch ein handliches Nachschlagewerk f\u00fcr Training, Pr\u00fcfung und Wettkampf.<\/p>\n<p><strong>A5 Format, Softcover mit Ringbindung<\/strong><br \/><strong>376 Seiten<\/strong><br \/><strong>180 Tafeln mit hunderten von s\/w Fotos<\/strong><br \/><strong>Deutsch \/ Englisch \/ Russisch<\/strong><br \/><strong>ISBN: 978-3-7375-1127-8<\/strong><br \/><strong>Preis:\u00a0 42,00 EURO zuz\u00fcglich Versand<\/strong><\/p>\n<hr \/>\n<h2>RY\u00dbKY\u00db KOBUD\u00d4 TESSHINKAN &#8211; Handbuch (Teil 5 &#8211; Lehrbuch)<\/h2>\n<p><a href=\"https:\/\/kobudo-tesshinkan.eu\/wp-content\/uploads\/2021\/11\/U1_edited-scaled.jpg\"><img loading=\"lazy\" decoding=\"async\" class=\"wp-image-6118 size-medium alignright\" src=\"https:\/\/kobudo-tesshinkan.eu\/wp-content\/uploads\/2021\/11\/U1_edited-207x300.jpg\" alt=\"\" width=\"207\" height=\"300\" srcset=\"https:\/\/kobudo-tesshinkan.eu\/wp-content\/uploads\/2021\/11\/U1_edited-207x300.jpg 207w, https:\/\/kobudo-tesshinkan.eu\/wp-content\/uploads\/2021\/11\/U1_edited-705x1024.jpg 705w, https:\/\/kobudo-tesshinkan.eu\/wp-content\/uploads\/2021\/11\/U1_edited-768x1115.jpg 768w, https:\/\/kobudo-tesshinkan.eu\/wp-content\/uploads\/2021\/11\/U1_edited-1058x1536.jpg 1058w, https:\/\/kobudo-tesshinkan.eu\/wp-content\/uploads\/2021\/11\/U1_edited-1410x2048.jpg 1410w, https:\/\/kobudo-tesshinkan.eu\/wp-content\/uploads\/2021\/11\/U1_edited-scaled.jpg 1763w\" sizes=\"(max-width: 207px) 100vw, 207px\" \/><\/a><\/p>\n<p>Dieser f\u00fcnfte Band der Buchserie \u201cRY\u00dbKY\u00db KOBUD\u00d4 TESSHINKAN\u201d vollendet die vollst\u00e4ndige Beschreibung dieses originalen Kampfsystems von Okinawa. Erg\u00e4nzend zu den Teilen 1-3 und dem Kompendium werden im vorliegenden Buch keine technischen Abl\u00e4ufe beschrieben, sondern die ihnen zugrundeliegenden biomechanischen Konzepte allgemeinverst\u00e4ndlich erkl\u00e4rt.<\/p>\n<div style=\"height: 70px;\">\u00a0<\/div>\n<p><strong>A5 Format, Hardcover<\/strong><br \/><strong>352 Seiten<\/strong><br \/><strong>Deutsch \/ Englisch \/ Russisch<\/strong><br \/><strong>ISBN:\u00a0\u00a0 978-3-7375-1129-2<\/strong><br \/><strong>Preis:\u00a0 42,00 EURO zuz\u00fcglich Versand<\/strong><\/p>\n<hr \/>\n<h2>RY\u00dbKY\u00db KOBUD\u00d4 &#8211; weapons \/ TEKK\u00d4 (Lehrbuch)<\/h2>\n<div align=\"justify\">Basierend auf der Buch-Trilogie &#8222;RY\u00dbK<img loading=\"lazy\" decoding=\"async\" class=\"alignright wp-image-1010 size-medium\" src=\"https:\/\/kobudo-tesshinkan.eu\/wp-content\/uploads\/2017\/02\/Buch_Tekko-212x300.gif\" alt=\"\" width=\"212\" height=\"300\" \/>Y\u00db KOBUD\u00d4 TESSHINKAN&#8220; von Frank Pelny wurden im vorliegenden Buch alle Informationen zur Okinawa-Fauskampfwaffe TEKK\u00d4 geb\u00fcndelt:<\/div>\n<ul>\n<li>Geschichte<\/li>\n<li>Grundlagen<\/li>\n<li>Grundtechniken<\/li>\n<li>KATA<\/li>\n<li>Partner\u00fcbungen<\/li>\n<li>Terminologie<\/li>\n<\/ul>\n<p align=\"left\"><strong> A5 Format, Hardcover<\/strong><br \/><strong>344 Seiten<\/strong><br \/><strong>ca. 50 s\/w Fotos und Grafiken<\/strong><br \/><strong>Deutsch \/ Englisch \/ Russisch<\/strong><br \/><strong>ISBN:\u00a0 978-3-7375-0993-0<\/strong><br \/><strong><strong> Preis:\u00a0 29,00 EURO zuz\u00fcglich Versand<\/strong><\/strong><\/p>\n<hr \/>\n<h2>RY\u00dbKY\u00db KOBUD\u00d4 &#8211; weapons \/ NUNCHAKU (Lehrbuch)<\/h2>\n<div align=\"left\"><img loading=\"lazy\" decoding=\"async\" class=\"alignright wp-image-1349 size-medium\" src=\"https:\/\/kobudo-tesshinkan.eu\/wp-content\/uploads\/2016\/08\/Buch_Nunchaku-213x300.jpg\" alt=\"\" width=\"213\" height=\"300\" srcset=\"https:\/\/kobudo-tesshinkan.eu\/wp-content\/uploads\/2016\/08\/Buch_Nunchaku-213x300.jpg 213w, https:\/\/kobudo-tesshinkan.eu\/wp-content\/uploads\/2016\/08\/Buch_Nunchaku.jpg 394w\" sizes=\"(max-width: 213px) 100vw, 213px\" \/>Basierend auf der Buch-Trilogie &#8222;RY\u00dbKY\u00db KOBUD\u00d4 TESSHINKAN&#8220; von Frank Pelny wurden im vorliegenden Buch alle Informationen zur Okinawa-Waffe NUNCHAKU geb\u00fcndelt:<\/div>\n<ul>\n<li>Geschichte<\/li>\n<li>Grundlagen<\/li>\n<li>Grundtechniken<\/li>\n<li>KATA<\/li>\n<li>Partner\u00fcbungen<\/li>\n<li>Terminologie<\/li>\n<\/ul>\n<p><strong>A5 Format, Hardcover<\/strong><br \/><strong>380 Seiten<\/strong><br \/><strong>ca. 60 s\/w Fotos und Grafiken<\/strong><br \/><strong>Deutsch \/ Englisch \/ Russisch<\/strong><br \/><strong>ISBN:\u00a0 978-3-7375-0995-4<\/strong><br \/><strong>Preis:\u00a0 29,00 EURO zuz\u00fcglich Versand<\/strong><\/p>\n\n\n<p><\/p>\n","protected":false},"excerpt":{"rendered":"<p>RY\u00dbKY\u00db KOBUD\u00d4 TESSHINKAN &#8211; Teil 1 (Lehrbuch) Erstmals werden in diesem Buch Hintergr\u00fcnde, Techniken, Kata und Kampf\u00fcbungen der Stilrichtung &#8222;TESSHINKAN&#8220; der \u00d6ffentlichkeit anschaulich dargestellt. Aus dem Inhalt: pers\u00f6nliches Vorwort von Kaich\u00f4 Tamayose Hidemi Geschichte Okinawas und des Ry\u00fbky\u00fb Kobud\u00f4 Waffen des Ry\u00fbky\u00fb Kobud\u00f4 (Arten, Pflege, Deutsches Waffenrecht) Das traditionelle D\u00f4j\u00f4, \u00dcbungsbekleidung, Graduierungssystem Gymnastik mit Verwendung &#8230; <a title=\"B\u00fccher\" class=\"read-more\" href=\"https:\/\/kobudo-tesshinkan.eu\/index.php\/de\/shop\/buecher\/\" aria-label=\"Mehr Informationen \u00fcber B\u00fccher\">Weiterlesen<\/a><\/p>\n","protected":false},"author":1,"featured_media":0,"parent":507,"menu_order":0,"comment_status":"closed","ping_status":"closed","template":"","meta":{"footnotes":""},"_links":{"self":[{"href":"https:\/\/kobudo-tesshinkan.eu\/index.php\/wp-json\/wp\/v2\/pages\/513"}],"collection":[{"href":"https:\/\/kobudo-tesshinkan.eu\/index.php\/wp-json\/wp\/v2\/pages"}],"about":[{"href":"https:\/\/kobudo-tesshinkan.eu\/index.php\/wp-json\/wp\/v2\/types\/page"}],"author":[{"embeddable":true,"href":"https:\/\/kobudo-tesshinkan.eu\/index.php\/wp-json\/wp\/v2\/users\/1"}],"replies":[{"embeddable":true,"href":"https:\/\/kobudo-tesshinkan.eu\/index.php\/wp-json\/wp\/v2\/comments?post=513"}],"version-history":[{"count":19,"href":"https:\/\/kobudo-tesshinkan.eu\/index.php\/wp-json\/wp\/v2\/pages\/513\/revisions"}],"predecessor-version":[{"id":7328,"href":"https:\/\/kobudo-tesshinkan.eu\/index.php\/wp-json\/wp\/v2\/pages\/513\/revisions\/7328"}],"up":[{"embeddable":true,"href":"https:\/\/kobudo-tesshinkan.eu\/index.php\/wp-json\/wp\/v2\/pages\/507"}],"wp:attachment":[{"href":"https:\/\/kobudo-tesshinkan.eu\/index.php\/wp-json\/wp\/v2\/media?parent=513"}],"curies":[{"name":"wp","href":"https:\/\/api.w.org\/{rel}","templated":true}]}}