{"id":48,"date":"2015-09-13T17:15:37","date_gmt":"2015-09-13T15:15:37","guid":{"rendered":"http:\/\/tesshinkan.ddns.net\/tesshinkan-wp\/?page_id=48"},"modified":"2025-11-17T18:12:56","modified_gmt":"2025-11-17T17:12:56","slug":"geschichte","status":"publish","type":"page","link":"https:\/\/kobudo-tesshinkan.eu\/index.php\/de\/ueber-ryukyu-kobudo-tesshinkan\/geschichte\/","title":{"rendered":"Geschichte"},"content":{"rendered":"<figure id=\"attachment_293\" aria-describedby=\"caption-attachment-293\" style=\"width: 141px\" class=\"wp-caption alignleft\"><a href=\"https:\/\/kobudo-tesshinkan.eu\/wp-content\/uploads\/2015\/09\/yabiku.gif\" rel=\"attachment wp-att-293\"><img loading=\"lazy\" decoding=\"async\" class=\"wp-image-293 size-full\" src=\"https:\/\/kobudo-tesshinkan.eu\/wp-content\/uploads\/2015\/09\/yabiku.gif\" alt=\"portrait_yabiku\" width=\"151\" height=\"202\" \/><\/a><figcaption id=\"caption-attachment-293\" class=\"wp-caption-text\">YABIKU MODEN (1878-1941)<\/figcaption><\/figure>\n<p>Der Kampf mit Waffen hat auf Okinawa eine lange Tradition. Typisch ist auch, dass die waffenlosen Kampfechniken sich immer synchron der Kampftechniken mit Waffen entwickelten, wie die zwei R\u00e4der an der gleichen Achse eines Wagens.<\/p>\n<p>Das RY\u00dbKY\u00db KOBUD\u00d4, wie wir es heute kennen und \u00fcben, l\u00e4sst sich bis zu SAKUGAWA T\u00d4DI (05.03.1733-07.07.1815) zur\u00fcckverfolgen, dem Urvater des T\u00d4DE (dem heutigen KARATE), der auch BUKI-JUTSU (Kampftechniken mit Waffen) \u00fcbte. RY\u00dbKY\u00db KOBUD\u00d4 wurde in der Folge durch viele Meister bis zum heutigen Tag weitergegeben.<\/p>\n<figure id=\"attachment_306\" aria-describedby=\"caption-attachment-306\" style=\"width: 141px\" class=\"wp-caption alignright\"><a href=\"https:\/\/kobudo-tesshinkan.eu\/wp-content\/uploads\/2015\/09\/taira.gif\" rel=\"attachment wp-att-306\"><img loading=\"lazy\" decoding=\"async\" class=\"wp-image-306 size-full\" src=\"https:\/\/kobudo-tesshinkan.eu\/wp-content\/uploads\/2015\/09\/taira.gif\" alt=\"portrait_taira\" width=\"151\" height=\"185\" \/><\/a><figcaption id=\"caption-attachment-306\" class=\"wp-caption-text\">TAIRA SHINKEN (1897-1970)<\/figcaption><\/figure>\n<p>Durch den KOBU-JUTSU Meister YABIKU MODEN (1878-1941) wurde vermutlich 1911 der &#8222;RY\u00dbKY\u00db KOBU-JUTSU KENKYU KAI&#8220; gegr\u00fcndet.<\/p>\n<p>1955 erschuf TAIRA SHINKEN (12.06.1897-03.09.1970) daraus den &#8222;RY\u00dbKY\u00db KOBUD\u00d4 HOZON SHINK\u00d4 KAI&#8220; (\u00fcbersetzt etwa &#8222;Gesellschaft zur F\u00f6rderung und Bewahrung der alten Waffenkampfk\u00fcnste von RY\u00dbKY\u00db&#8220;), um die unvollendete Arbeit seines Meisters YABIKU MODEN zu beenden.<\/p>\n<figure id=\"attachment_307\" aria-describedby=\"caption-attachment-307\" style=\"width: 141px\" class=\"wp-caption alignleft\"><a href=\"https:\/\/kobudo-tesshinkan.eu\/wp-content\/uploads\/2015\/09\/akamine.gif\" rel=\"attachment wp-att-307\"><img loading=\"lazy\" decoding=\"async\" class=\"wp-image-307 size-full\" src=\"https:\/\/kobudo-tesshinkan.eu\/wp-content\/uploads\/2015\/09\/akamine.gif\" alt=\"portrait_akamine\" width=\"151\" height=\"201\" \/><\/a><figcaption id=\"caption-attachment-307\" class=\"wp-caption-text\">AKAMINE EISUKE (1925-1999)<\/figcaption><\/figure>\n<p>Nach dem Tode TAIRA&#8217;s 1970, \u00fcbernahm sein Sch\u00fcler AKAMINE EISUKE (01.05.1925-13.01.1999) die F\u00fchrung des Verbandes bis 1999, dem Jahr, in dem er auch starb.<\/p>\n<p>Das RY\u00dbKY\u00db KOBUD\u00d4 System bestand aus 36 KATA, welche durch TAIRA SHINKEN SENSEI gesammelt wurden. Leider sind einige dieser KATA im Laufe der Jahre nicht weitergegeben worden und somit verloren gegangen.<\/p>\n<figure id=\"attachment_308\" aria-describedby=\"caption-attachment-308\" style=\"width: 142px\" class=\"wp-caption alignright\"><a href=\"https:\/\/kobudo-tesshinkan.eu\/wp-content\/uploads\/2015\/09\/tamayose.gif\" rel=\"attachment wp-att-308\"><img loading=\"lazy\" decoding=\"async\" class=\"wp-image-308 size-full\" src=\"https:\/\/kobudo-tesshinkan.eu\/wp-content\/uploads\/2015\/09\/tamayose.gif\" alt=\"portrait_tamayose\" width=\"152\" height=\"204\" \/><\/a><figcaption id=\"caption-attachment-308\" class=\"wp-caption-text\">TAMAYOSE HIDEMI (1949-)<\/figcaption><\/figure>\n<p>Um RY\u00dbKY\u00db KOBUD\u00d4 in der Weise weiter bestehen zu lassen, wie es durch SENSEI AKAMINE EISUKE unterrichtet worden war, begr\u00fcndete TAMAYOSE HIDEMI SENSEI am 22.05.1999 den &#8222;RY\u00dbKY\u00db KOBUD\u00d4 TESSHINKAN KY\u00d4KAI&#8220;. Das TESSHINKAN nutzt 23 KATA und benutzt als Prim\u00e4rwaffen NUNCHAKU (Dreschflegel), TEKK\u00d4 (Schlagringe), B\u00d4 (Langstock), SAI (Metalldreizack), TUNFA (M\u00fchlholz), TINB\u00ca &amp; R\u00d4CHIN (Schild &amp; Dolch), KAMA (Sichel) und \u00caKU (Paddel).<\/p>\n<h2>\u00a0<\/h2>\n<p>\u00a0<\/p>\n<p>\u00a0<\/p>\n\n\n<p class=\"has-large-font-size\">Stammbaum<\/p>\n\n\n\n<figure class=\"wp-block-image size-large\"><a href=\"https:\/\/kobudo-tesshinkan.eu\/wp-content\/uploads\/2025\/11\/Stammbaum_Tesshinkan_2-scaled.jpeg\"><img loading=\"lazy\" decoding=\"async\" width=\"724\" height=\"1024\" src=\"https:\/\/kobudo-tesshinkan.eu\/wp-content\/uploads\/2025\/11\/Stammbaum_Tesshinkan_2-724x1024.jpeg\" alt=\"\" class=\"wp-image-7495\" srcset=\"https:\/\/kobudo-tesshinkan.eu\/wp-content\/uploads\/2025\/11\/Stammbaum_Tesshinkan_2-724x1024.jpeg 724w, https:\/\/kobudo-tesshinkan.eu\/wp-content\/uploads\/2025\/11\/Stammbaum_Tesshinkan_2-212x300.jpeg 212w, https:\/\/kobudo-tesshinkan.eu\/wp-content\/uploads\/2025\/11\/Stammbaum_Tesshinkan_2-768x1086.jpeg 768w, https:\/\/kobudo-tesshinkan.eu\/wp-content\/uploads\/2025\/11\/Stammbaum_Tesshinkan_2-1086x1536.jpeg 1086w, https:\/\/kobudo-tesshinkan.eu\/wp-content\/uploads\/2025\/11\/Stammbaum_Tesshinkan_2-1448x2048.jpeg 1448w, https:\/\/kobudo-tesshinkan.eu\/wp-content\/uploads\/2025\/11\/Stammbaum_Tesshinkan_2-scaled.jpeg 1810w\" sizes=\"(max-width: 724px) 100vw, 724px\" \/><\/a><\/figure>\n","protected":false},"excerpt":{"rendered":"<p>Der Kampf mit Waffen hat auf Okinawa eine lange Tradition. Typisch ist auch, dass die waffenlosen Kampfechniken sich immer synchron der Kampftechniken mit Waffen entwickelten, wie die zwei R\u00e4der an der gleichen Achse eines Wagens. Das RY\u00dbKY\u00db KOBUD\u00d4, wie wir es heute kennen und \u00fcben, l\u00e4sst sich bis zu SAKUGAWA T\u00d4DI (05.03.1733-07.07.1815) zur\u00fcckverfolgen, dem Urvater &#8230; <a title=\"Geschichte\" class=\"read-more\" href=\"https:\/\/kobudo-tesshinkan.eu\/index.php\/de\/ueber-ryukyu-kobudo-tesshinkan\/geschichte\/\" aria-label=\"Mehr Informationen \u00fcber Geschichte\">Weiterlesen<\/a><\/p>\n","protected":false},"author":1,"featured_media":0,"parent":7,"menu_order":1,"comment_status":"closed","ping_status":"closed","template":"","meta":{"footnotes":""},"_links":{"self":[{"href":"https:\/\/kobudo-tesshinkan.eu\/index.php\/wp-json\/wp\/v2\/pages\/48"}],"collection":[{"href":"https:\/\/kobudo-tesshinkan.eu\/index.php\/wp-json\/wp\/v2\/pages"}],"about":[{"href":"https:\/\/kobudo-tesshinkan.eu\/index.php\/wp-json\/wp\/v2\/types\/page"}],"author":[{"embeddable":true,"href":"https:\/\/kobudo-tesshinkan.eu\/index.php\/wp-json\/wp\/v2\/users\/1"}],"replies":[{"embeddable":true,"href":"https:\/\/kobudo-tesshinkan.eu\/index.php\/wp-json\/wp\/v2\/comments?post=48"}],"version-history":[{"count":9,"href":"https:\/\/kobudo-tesshinkan.eu\/index.php\/wp-json\/wp\/v2\/pages\/48\/revisions"}],"predecessor-version":[{"id":7497,"href":"https:\/\/kobudo-tesshinkan.eu\/index.php\/wp-json\/wp\/v2\/pages\/48\/revisions\/7497"}],"up":[{"embeddable":true,"href":"https:\/\/kobudo-tesshinkan.eu\/index.php\/wp-json\/wp\/v2\/pages\/7"}],"wp:attachment":[{"href":"https:\/\/kobudo-tesshinkan.eu\/index.php\/wp-json\/wp\/v2\/media?parent=48"}],"curies":[{"name":"wp","href":"https:\/\/api.w.org\/{rel}","templated":true}]}}