{"id":4,"date":"2015-08-16T16:57:59","date_gmt":"2015-08-16T14:57:59","guid":{"rendered":"http:\/\/192.168.0.12\/tesshinkan-wp\/?page_id=4"},"modified":"2016-05-06T16:45:21","modified_gmt":"2016-05-06T14:45:21","slug":"waffen-im-ryukyu-kobudo","status":"publish","type":"page","link":"https:\/\/kobudo-tesshinkan.eu\/index.php\/de\/ueber-ryukyu-kobudo-tesshinkan\/waffen-im-ryukyu-kobudo\/","title":{"rendered":"Waffen im Ryukyu Kobudo"},"content":{"rendered":"<h2>B\u00d4<\/h2>\n<p><a href=\"https:\/\/kobudo-tesshinkan.eu\/wp-content\/uploads\/2015\/08\/weap_bo.jpg\"><img loading=\"lazy\" decoding=\"async\" class=\"alignleft\" src=\"https:\/\/kobudo-tesshinkan.eu\/wp-content\/uploads\/2015\/08\/weap_bo.jpg\" alt=\"weap_bo\" width=\"123\" height=\"194\" \/><\/a>&#8222;ROKU-SHAKU-B\u00d4&#8220;, der ca. 182cm lange Stock, gilt als wichtigste und am schwersten zu beherrschende Waffe im RY\u00dbKY\u00db KOBUD\u00d4. Er wurde zur t\u00e4glichen Arbeit auf dem Feld aber auch als Waffe benutzt. Heute gibt es 13 anerkannte B\u00d4-KATA, aber es werden wesentlich mehr als nur diese Formen ge\u00fcbt. Der original B\u00d4 aus Okinawa wird nur aus roter Eiche hergestellt, ist etwas flexibel und konisch (an beiden Ende schmal zulaufend).<\/p>\n<h2>SAI<\/h2>\n<p><a href=\"https:\/\/kobudo-tesshinkan.eu\/wp-content\/uploads\/2015\/08\/weap_sai.jpg\"><img loading=\"lazy\" decoding=\"async\" class=\"alignright\" src=\"https:\/\/kobudo-tesshinkan.eu\/wp-content\/uploads\/2015\/08\/weap_sai.jpg\" alt=\"weap_sai\" width=\"123\" height=\"188\" \/><\/a>Dreizackige Metallgabeln, welche im Allgemeinen paarweise benutzt werden um zu blocken oder zu &#8222;durchbohren&#8220;. Urspr\u00fcnglich aus China nach Okinawa gekommen, sind SAI-Gabeln seit je her Waffen f\u00fcr den Kampf.<\/p>\n<h2>\u00caKU<\/h2>\n<p><a href=\"https:\/\/kobudo-tesshinkan.eu\/wp-content\/uploads\/2015\/08\/weap_eku.jpg\"><img loading=\"lazy\" decoding=\"async\" class=\"alignleft\" src=\"https:\/\/kobudo-tesshinkan.eu\/wp-content\/uploads\/2015\/08\/weap_eku.jpg\" alt=\"weap_eku\" width=\"123\" height=\"178\" \/><\/a>Ein Ruder oder Paddel, welches von den Fischern Okinawas benutzt wurde. Diese Ruder waren von Hand gefertigt und variierten in Gr\u00f6\u00dfe und Form von Dorf zu Dorf. Die typische Technik, die diese Kata kennzeichnen, ist die Spitze des Ruders in den Sand zu &#8222;graben&#8220; und dem Gegner dann ins Gesicht zu schlagen, bevor er angreift.<\/p>\n<h2>KAMA<\/h2>\n<p><a href=\"https:\/\/kobudo-tesshinkan.eu\/wp-content\/uploads\/2015\/08\/weap_kama.jpg\"><img loading=\"lazy\" decoding=\"async\" class=\"alignright\" src=\"https:\/\/kobudo-tesshinkan.eu\/wp-content\/uploads\/2015\/08\/weap_kama.jpg\" alt=\"weap_kama\" width=\"123\" height=\"196\" \/><\/a>Eine weitverbreitete Sichel mit einem scharfen gebogenen Stahlblatt und einem h\u00f6lzernen Handgriff, welche durch das Volk von Okinawa f\u00fcr eine Vielzahl von landwirtschaftlichen T\u00e4tigkeiten genutzt wird. Als Waffe wird sie normalerweise paarweise verwendet (NICH\u00d4-KAMA).<\/p>\n<h2>TINB\u00ca und R\u00d4CHIN<\/h2>\n<p><a href=\"https:\/\/kobudo-tesshinkan.eu\/wp-content\/uploads\/2015\/08\/weap_tinbe.jpg\"><img loading=\"lazy\" decoding=\"async\" class=\"alignleft\" src=\"https:\/\/kobudo-tesshinkan.eu\/wp-content\/uploads\/2015\/08\/weap_tinbe.jpg\" alt=\"weap_tinbe\" width=\"123\" height=\"198\" \/><\/a>TINB\u00ca (Schild) und R\u00d4CHIN (Dolch \/ kurzer Speer) &#8211; Dies waren Hilfsmittel der einheimischen Fischer. Das Schild war meist ein Schildkr\u00f6tenpanzer und der kurze Speer wurde benutzt um Fische zu t\u00f6ten, wenn das Netz eingeholt wurde.<\/p>\n<h2>TEKK\u00d4<\/h2>\n<p><a href=\"https:\/\/kobudo-tesshinkan.eu\/wp-content\/uploads\/2015\/08\/weap_tekko.jpg\"><img loading=\"lazy\" decoding=\"async\" class=\"alignright\" src=\"https:\/\/kobudo-tesshinkan.eu\/wp-content\/uploads\/2015\/08\/weap_tekko.jpg\" alt=\"weap_tekko\" width=\"123\" height=\"169\" \/><\/a>Urspr\u00fcnglich war das TEKK\u00d4 ein Metallhufeisen, welches im Inneren des KIMONO getragen wurde, um sich im Selbstverteidigungsfall damit wehren zu k\u00f6nnen. Es wurden immer zwei Hufeisen so zusammengebunden, dass ein (geschlossener) Handgriff entstand.<\/p>\n<h2>NUNCHAKU<\/h2>\n<p><a href=\"https:\/\/kobudo-tesshinkan.eu\/wp-content\/uploads\/2015\/08\/weap_nunchaku.jpg\"><img loading=\"lazy\" decoding=\"async\" class=\"alignleft\" src=\"https:\/\/kobudo-tesshinkan.eu\/wp-content\/uploads\/2015\/08\/weap_nunchaku.jpg\" alt=\"weap_nunchaku\" width=\"123\" height=\"206\" \/><\/a>Dies war urspr\u00fcnglich ein h\u00f6lzernes Pferdezaumzeug oder ein Dreschflegel und konnte im Inneren des KIMONO verborgen werden. Wenn es wie eine Acht geschwungen wird, entwickelt sich eine enorme Kraft.<\/p>\n<h2>TUNFA<\/h2>\n<p><a href=\"https:\/\/kobudo-tesshinkan.eu\/wp-content\/uploads\/2015\/08\/weap_tonfa.jpg\"><img loading=\"lazy\" decoding=\"async\" class=\"alignright\" src=\"https:\/\/kobudo-tesshinkan.eu\/wp-content\/uploads\/2015\/08\/weap_tonfa.jpg\" alt=\"weap_tonfa\" width=\"123\" height=\"224\" \/><\/a>Urspr\u00fcnglich war dies der abnehmbare Handgriff eines kleinen M\u00fchlsteins, der benutzt wurde, um Reis, Mais, Bohnen, usw. zu mahlen. Paarweise verwendet und in einer Acht geschwungen, entwickelt dieses Hilfsmittel eine geradezu unglaubliche Kraft.<\/p>\n","protected":false},"excerpt":{"rendered":"<p>B\u00d4 &#8222;ROKU-SHAKU-B\u00d4&#8220;, der ca. 182cm lange Stock, gilt als wichtigste und am schwersten zu beherrschende Waffe im RY\u00dbKY\u00db KOBUD\u00d4. Er wurde zur t\u00e4glichen Arbeit auf dem Feld aber auch als Waffe benutzt. Heute gibt es 13 anerkannte B\u00d4-KATA, aber es werden wesentlich mehr als nur diese Formen ge\u00fcbt. Der original B\u00d4 aus Okinawa wird nur &#8230; <a title=\"Waffen im Ryukyu Kobudo\" class=\"read-more\" href=\"https:\/\/kobudo-tesshinkan.eu\/index.php\/de\/ueber-ryukyu-kobudo-tesshinkan\/waffen-im-ryukyu-kobudo\/\" aria-label=\"Mehr Informationen \u00fcber Waffen im Ryukyu Kobudo\">Weiterlesen<\/a><\/p>\n","protected":false},"author":1,"featured_media":0,"parent":7,"menu_order":0,"comment_status":"closed","ping_status":"closed","template":"","meta":{"footnotes":""},"_links":{"self":[{"href":"https:\/\/kobudo-tesshinkan.eu\/index.php\/wp-json\/wp\/v2\/pages\/4"}],"collection":[{"href":"https:\/\/kobudo-tesshinkan.eu\/index.php\/wp-json\/wp\/v2\/pages"}],"about":[{"href":"https:\/\/kobudo-tesshinkan.eu\/index.php\/wp-json\/wp\/v2\/types\/page"}],"author":[{"embeddable":true,"href":"https:\/\/kobudo-tesshinkan.eu\/index.php\/wp-json\/wp\/v2\/users\/1"}],"replies":[{"embeddable":true,"href":"https:\/\/kobudo-tesshinkan.eu\/index.php\/wp-json\/wp\/v2\/comments?post=4"}],"version-history":[{"count":9,"href":"https:\/\/kobudo-tesshinkan.eu\/index.php\/wp-json\/wp\/v2\/pages\/4\/revisions"}],"predecessor-version":[{"id":218,"href":"https:\/\/kobudo-tesshinkan.eu\/index.php\/wp-json\/wp\/v2\/pages\/4\/revisions\/218"}],"up":[{"embeddable":true,"href":"https:\/\/kobudo-tesshinkan.eu\/index.php\/wp-json\/wp\/v2\/pages\/7"}],"wp:attachment":[{"href":"https:\/\/kobudo-tesshinkan.eu\/index.php\/wp-json\/wp\/v2\/media?parent=4"}],"curies":[{"name":"wp","href":"https:\/\/api.w.org\/{rel}","templated":true}]}}