{"id":297,"date":"2016-03-13T23:13:38","date_gmt":"2016-03-13T22:13:38","guid":{"rendered":"http:\/\/tesshinkan.ddns.net\/tesshinkan-wp\/?page_id=297"},"modified":"2026-02-07T15:28:53","modified_gmt":"2026-02-07T14:28:53","slug":"297-2","status":"publish","type":"page","link":"https:\/\/kobudo-tesshinkan.eu\/index.php\/de\/ueber-ryukyu-kobudo-tesshinkan\/pruefungswesen\/297-2\/","title":{"rendered":"Graduierungssystem"},"content":{"rendered":"<h3>10. KY\u00db &#8211; 6. KY\u00db (Wei\u00dfgurt)<\/h3>\n<ul>\n<li>Praxiszeit: 1 Jahr<\/li>\n<li>B\u00d4-NO-KIHON<\/li>\n<li><a href=\"http:\/\/www.youtube.com\/watch?v=e7SCDx6VgB8\">MAEZATO-NO-TEKK\u00d4<\/a><\/li>\n<\/ul>\n<h3>5. KY\u00db &#8211; 1. KY\u00db (Braungurt)<\/h3>\n<ul>\n<li>Praxiszeit: 1 Jahr<\/li>\n<li>B\u00d4-NO-KIHON<\/li>\n<li><a href=\"http:\/\/www.youtube.com\/watch?v=XJmKWmQOnlg&amp;list=PL56BEA5DD954AAD7E\">SH\u00dbSHI-NO-KUN (SH\u00d4)<\/a><\/li>\n<li><a href=\"http:\/\/www.youtube.com\/watch?v=zzz7WoWd9fI\">MAEZATO-NO-NUNCHAKU<\/a><\/li>\n<\/ul>\n<hr \/>\n<h3>1. DAN &#8211; SHO DAN<\/h3>\n<ul>\n<li>Praxiszeit: 2 Jahre (Vorbereitungszeit: 1 Jahr)<\/li>\n<li>Mindestalter: 15 Jahre<\/li>\n<li><a href=\"http:\/\/www.youtube.com\/watch?v=N0Lh5tynoeQ&amp;list=PL56BEA5DD954AAD7E\">SAKUGAWA-NO-KUN (SH\u00d4)<\/a><\/li>\n<li><a href=\"http:\/\/www.youtube.com\/watch?v=sv67Gks8WSc&amp;list=PL56BEA5DD954AAD7E\">CHIKIN (TSUKEN)-SHITAHAKU-NO-SAI<\/a><\/li>\n<li><a href=\"http:\/\/www.youtube.com\/watch?v=f4j4ictgjvc\">AKAMINE-NO-NUNCHAKU<\/a><\/li>\n<\/ul>\n<h3>2. DAN &#8211; NI DAN<\/h3>\n<ul>\n<li>Praxiszeit: 4 Jahre \u00a0 (Vorbereitungszeit: \u00a0 2 Jahre)<\/li>\n<li>Mindestalter: \u00a0 18 Jahre<\/li>\n<li><a href=\"http:\/\/www.youtube.com\/watch?v=mSoUlBj1Hkk&amp;list=PL56BEA5DD954AAD7E\">SH\u00dbSHI-NO-KUN (DAI)<\/a><\/li>\n<li><a href=\"http:\/\/www.youtube.com\/watch?v=FtN1NjllCJI&amp;list=PL56BEA5DD954AAD7E\">CHATAN-YARA-NO-SAI<\/a><\/li>\n<li><a href=\"http:\/\/www.youtube.com\/watch?v=qI5Txj1clZU&amp;list=PL56BEA5DD954AAD7E&amp;index=32\">YAKUSOKU KUMITE: B\u00d4-TAI-SAI<\/a><\/li>\n<\/ul>\n<h3>3. DAN &#8211; SAN DAN<\/h3>\n<ul>\n<li>Praxiszeit: 7 Jahre \u00a0 (Vorbereitungszeit: \u00a0 3 Jahre)<\/li>\n<li>Mindestalter: \u00a0 24 Jahre<\/li>\n<li><a href=\"http:\/\/www.youtube.com\/watch?v=GIjeUGNsALM&amp;list=PL56BEA5DD954AAD7E\">SAKUGAWA-NO-KUN (DAI)<\/a><\/li>\n<li><a href=\"http:\/\/www.youtube.com\/watch?v=n8T8Ol47LqI&amp;list=PL56BEA5DD954AAD7E\">HAMA-HIGA-NO-SAI<\/a><\/li>\n<li><a href=\"http:\/\/www.youtube.com\/watch?v=xN5rOmD9slY&amp;list=PL56BEA5DD954AAD7E&amp;index=33\">HAMA-HIGA-NO-TUNF\u00c2<\/a><\/li>\n<\/ul>\n<h3>4. DAN &#8211; YON DAN<\/h3>\n<ul>\n<li>Praxiszeit: 10 Jahre (Vorbereitungszeit: 3 Jahre)<\/li>\n<li>Mindestalter: 30 Jahre<\/li>\n<li><a href=\"http:\/\/www.youtube.com\/watch?v=5NsiMv2JXgs&amp;list=PL56BEA5DD954AAD7E\">SHIRATARU-NO-KUN<\/a><\/li>\n<li><a href=\"http:\/\/www.youtube.com\/watch?v=wtb325duzbQ&amp;list=PL56BEA5DD954AAD7E&amp;index=32\">TAWATA-NO-SAI<\/a><\/li>\n<li><a href=\"http:\/\/www.youtube.com\/watch?v=YAoTnIS5u-M&amp;list=PL56BEA5DD954AAD7E&amp;index=39\">KANEGAWA-NO-TINB\u00ca<\/a><\/li>\n<li><a href=\"https:\/\/youtu.be\/5uougTxVhWU?feature=shared\">YARA-GUWA-NO-TUNFA<\/a><\/li>\n<\/ul>\n<h3>5. DAN &#8211; GO DAN<\/h3>\n<ul>\n<li>Praxiszeit: 14 Jahre<\/li>\n<li>Mindestalter: 35 Jahre<\/li>\n<li><a href=\"https:\/\/youtu.be\/kMzyH2ATc2M\">YONEGAWA (YUNIGA)-NO-KUN<\/a><\/li>\n<li>YAKAA-NO-SAI<\/li>\n<li><a href=\"https:\/\/youtu.be\/BncVr6rzdTQ\">KANEGAWA-NO-NICH\u00d4-GAMA<\/a><\/li>\n<\/ul>\n<h3>6. DAN &#8211; ROKU DAN \/ RENSHI<\/h3>\n<ul>\n<li>Praxiszeit: 20 Jahre<\/li>\n<li>Mindestalter: 41 Jahre<\/li>\n<li><a href=\"https:\/\/youtu.be\/yJtI5rchT8c?feature=shared\">CHO\u00dbN-NO-KUN<\/a><\/li>\n<li><a href=\"https:\/\/youtu.be\/_VYDV-tUce4?feature=shared\">JIGEN-NO-SAI<\/a><\/li>\n<li><a href=\"https:\/\/youtu.be\/-z7JgGB6NdA?si=au3UQ0GPiXEZNYmo\">CHIKIN (TSUKEN)-SUNAKAKE-NO-\u00caKU<\/a><\/li>\n<\/ul>\n<h3>7. DAN &#8211; NANA DAN \/ KY\u00d4SHI<\/h3>\n<ul>\n<li>Praxiszeit: 26 Jahre<\/li>\n<li>Mindestalter: 47 Jahre<\/li>\n<li><a href=\"https:\/\/youtu.be\/xg9R2zdkQCg?si=j0AYcAf0oVeSA7OG\">URASOE (URASHI)-NO-KUN<\/a><\/li>\n<li>SOEISHI-NO-KUN (SHO)<\/li>\n<li><a href=\"https:\/\/youtu.be\/juOY4JuFdiU?feature=shared\">KUGUSHIKU (KOJ\u00d4)-NO-SAI<\/a><\/li>\n<li>Kobud\u00f4 History<\/li>\n<\/ul>\n<h3>8. DAN &#8211; HACHI DAN<\/h3>\n<ul>\n<li>Praxiszeit: 32 Jahre<\/li>\n<li>Mindestalter: 53 Jahre<\/li>\n<li><a href=\"https:\/\/youtu.be\/hbRbVaShT40?si=WhJxg_EtqFTmLZMH\">CHINEN-SHIKIYANAKA-NO-KUN<\/a><\/li>\n<li>SOEISHI-NO-KUN (DAI)<\/li>\n<li><a href=\"https:\/\/youtu.be\/f5VoTVqYiSI?feature=shared\">SUEYOSHI-NO-KUN<\/a><\/li>\n<\/ul>\n<h3>9. DAN &#8211; KY\u00db DAN \/ HANSHI<\/h3>\n<ul>\n<li>Praxiszeit: 40 Jahre<\/li>\n<li>Mindestalter: 61 Jahre<\/li>\n<\/ul>\n<h3>10. DAN &#8211; JU DAN<\/h3>\n<ul>\n<li>Praxiszeit: 50 Jahre<\/li>\n<li>Mindestalter: 71 Jahre<\/li>\n<\/ul>\n","protected":false},"excerpt":{"rendered":"<p>10. KY\u00db &#8211; 6. KY\u00db (Wei\u00dfgurt) Praxiszeit: 1 Jahr B\u00d4-NO-KIHON MAEZATO-NO-TEKK\u00d4 5. KY\u00db &#8211; 1. KY\u00db (Braungurt) Praxiszeit: 1 Jahr B\u00d4-NO-KIHON SH\u00dbSHI-NO-KUN (SH\u00d4) MAEZATO-NO-NUNCHAKU 1. DAN &#8211; SHO DAN Praxiszeit: 2 Jahre (Vorbereitungszeit: 1 Jahr) Mindestalter: 15 Jahre SAKUGAWA-NO-KUN (SH\u00d4) CHIKIN (TSUKEN)-SHITAHAKU-NO-SAI AKAMINE-NO-NUNCHAKU 2. DAN &#8211; NI DAN Praxiszeit: 4 Jahre \u00a0 (Vorbereitungszeit: \u00a0 2 &#8230; <a title=\"Graduierungssystem\" class=\"read-more\" href=\"https:\/\/kobudo-tesshinkan.eu\/index.php\/de\/ueber-ryukyu-kobudo-tesshinkan\/pruefungswesen\/297-2\/\" aria-label=\"Mehr Informationen \u00fcber Graduierungssystem\">Weiterlesen<\/a><\/p>\n","protected":false},"author":1,"featured_media":0,"parent":295,"menu_order":0,"comment_status":"closed","ping_status":"closed","template":"","meta":{"footnotes":""},"_links":{"self":[{"href":"https:\/\/kobudo-tesshinkan.eu\/index.php\/wp-json\/wp\/v2\/pages\/297"}],"collection":[{"href":"https:\/\/kobudo-tesshinkan.eu\/index.php\/wp-json\/wp\/v2\/pages"}],"about":[{"href":"https:\/\/kobudo-tesshinkan.eu\/index.php\/wp-json\/wp\/v2\/types\/page"}],"author":[{"embeddable":true,"href":"https:\/\/kobudo-tesshinkan.eu\/index.php\/wp-json\/wp\/v2\/users\/1"}],"replies":[{"embeddable":true,"href":"https:\/\/kobudo-tesshinkan.eu\/index.php\/wp-json\/wp\/v2\/comments?post=297"}],"version-history":[{"count":4,"href":"https:\/\/kobudo-tesshinkan.eu\/index.php\/wp-json\/wp\/v2\/pages\/297\/revisions"}],"predecessor-version":[{"id":7546,"href":"https:\/\/kobudo-tesshinkan.eu\/index.php\/wp-json\/wp\/v2\/pages\/297\/revisions\/7546"}],"up":[{"embeddable":true,"href":"https:\/\/kobudo-tesshinkan.eu\/index.php\/wp-json\/wp\/v2\/pages\/295"}],"wp:attachment":[{"href":"https:\/\/kobudo-tesshinkan.eu\/index.php\/wp-json\/wp\/v2\/media?parent=297"}],"curies":[{"name":"wp","href":"https:\/\/api.w.org\/{rel}","templated":true}]}}