{"id":282,"date":"2016-03-13T16:16:42","date_gmt":"2016-03-13T15:16:42","guid":{"rendered":"http:\/\/tesshinkan.ddns.net\/tesshinkan-wp\/?page_id=282"},"modified":"2017-05-08T21:24:49","modified_gmt":"2017-05-08T19:24:49","slug":"japan","status":"publish","type":"page","link":"https:\/\/kobudo-tesshinkan.eu\/index.php\/de\/ueber-ryukyu-kobudo-tesshinkan\/dojos\/asien\/japan\/","title":{"rendered":"Japan"},"content":{"rendered":"<h2><strong>Okinawa<\/strong><\/h2>\n<h3><b><a href=\"https:\/\/kobudo-tesshinkan.eu\/wp-content\/uploads\/2016\/03\/tesshinkan-logo2.gif\" rel=\"attachment wp-att-251\"><img loading=\"lazy\" decoding=\"async\" class=\"alignright size-full wp-image-251\" src=\"https:\/\/kobudo-tesshinkan.eu\/wp-content\/uploads\/2016\/03\/tesshinkan-logo2.gif\" alt=\"tesshinkan-logo2\" width=\"189\" height=\"189\" \/><\/a>Ry\u00fbky\u00fb Kobud\u00f4 Tesshinkan Honbu-D\u00f4j\u00f4<\/b><\/h3>\n<p><b>Kaich\u00f4:<\/b> \u00a0\u00a0 Tamayose Hidemi<\/p>\n<p>1244-19 Aza Nakama<br \/>\nOZATO NANJO-City<br \/>\nOkinawa \/ Japan<br \/>\n901-1206<\/p>\n<p>Phone\/Fax:\u00a0+81 &#8211; (0)98 &#8211; 946-3778<br \/>\n<a href=\"https:\/\/kobudo-tesshinkan.eu\" target=\"_blank\" rel=\"noopener noreferrer\">Hompage<\/a> \u00a0\u00a0\u00a0 <a href=\"mailto:tesshinkan-honbu@jupiter.ocn.ne.jp\" target=\"_blank\" rel=\"noopener noreferrer\">E-Mail<\/a><\/p>\n","protected":false},"excerpt":{"rendered":"<p>Okinawa Ry\u00fbky\u00fb Kobud\u00f4 Tesshinkan Honbu-D\u00f4j\u00f4 Kaich\u00f4: \u00a0\u00a0 Tamayose Hidemi 1244-19 Aza Nakama OZATO NANJO-City Okinawa \/ Japan 901-1206 Phone\/Fax:\u00a0+81 &#8211; (0)98 &#8211; 946-3778 Hompage \u00a0\u00a0\u00a0 E-Mail<\/p>\n","protected":false},"author":1,"featured_media":0,"parent":1163,"menu_order":1,"comment_status":"closed","ping_status":"closed","template":"","meta":{"footnotes":""},"_links":{"self":[{"href":"https:\/\/kobudo-tesshinkan.eu\/index.php\/wp-json\/wp\/v2\/pages\/282"}],"collection":[{"href":"https:\/\/kobudo-tesshinkan.eu\/index.php\/wp-json\/wp\/v2\/pages"}],"about":[{"href":"https:\/\/kobudo-tesshinkan.eu\/index.php\/wp-json\/wp\/v2\/types\/page"}],"author":[{"embeddable":true,"href":"https:\/\/kobudo-tesshinkan.eu\/index.php\/wp-json\/wp\/v2\/users\/1"}],"replies":[{"embeddable":true,"href":"https:\/\/kobudo-tesshinkan.eu\/index.php\/wp-json\/wp\/v2\/comments?post=282"}],"version-history":[{"count":2,"href":"https:\/\/kobudo-tesshinkan.eu\/index.php\/wp-json\/wp\/v2\/pages\/282\/revisions"}],"predecessor-version":[{"id":1381,"href":"https:\/\/kobudo-tesshinkan.eu\/index.php\/wp-json\/wp\/v2\/pages\/282\/revisions\/1381"}],"up":[{"embeddable":true,"href":"https:\/\/kobudo-tesshinkan.eu\/index.php\/wp-json\/wp\/v2\/pages\/1163"}],"wp:attachment":[{"href":"https:\/\/kobudo-tesshinkan.eu\/index.php\/wp-json\/wp\/v2\/media?parent=282"}],"curies":[{"name":"wp","href":"https:\/\/api.w.org\/{rel}","templated":true}]}}