{"id":263,"date":"2016-03-13T16:00:29","date_gmt":"2016-03-13T15:00:29","guid":{"rendered":"http:\/\/tesshinkan.ddns.net\/tesshinkan-wp\/?page_id=263"},"modified":"2023-08-24T22:27:51","modified_gmt":"2023-08-24T20:27:51","slug":"russland","status":"publish","type":"page","link":"https:\/\/kobudo-tesshinkan.eu\/index.php\/de\/ueber-ryukyu-kobudo-tesshinkan\/dojos\/europa\/russland\/","title":{"rendered":"Russland"},"content":{"rendered":"<h2><strong>Kaliningrad region<\/strong><\/h2>\n<h3><b><a href=\"https:\/\/kobudo-tesshinkan.eu\/wp-content\/uploads\/2016\/03\/logo_kaliningrad.gif\" rel=\"attachment wp-att-266\"><img loading=\"lazy\" decoding=\"async\" class=\"alignright size-full wp-image-266\" src=\"https:\/\/kobudo-tesshinkan.eu\/wp-content\/uploads\/2016\/03\/logo_kaliningrad.gif\" alt=\"logo_kaliningrad\" width=\"142\" height=\"142\" \/><\/a>Kaliningrad Kobudo Federation<\/b><\/h3>\n<p><b>Sensei:<\/b> \u00a0\u00a0 Pavel Dolgachov<\/p>\n<p>Certificated D\u00f4j\u00f4 of the Ry\u00fbky\u00fb Kobud\u00f4 Tesshinkan Ky\u00f4 Kai &#8211; No. #44<\/p>\n<p>Kolhoznaya ul., 4-1<br \/>\n236029, Kaliningrad region<br \/>\nRussia<\/p>\n<p>training place:<br \/>\nSporthall of school No.44<br \/>\n(Molodyozhnaya ul, 7)<\/p>\n<p>mobile Phone: \u00a0 +7-4012-768094<br \/>\nhome phone: \u00a0\u00a0 +7-4012-584480<br \/>\n<a href=\"mailto:kobudo-kgd@mail.ru\" target=\"_blank\" rel=\"noopener\">E-Mail<\/a><\/p>\n<hr \/>\n<h2><strong>Siberia Region<\/strong><\/h2>\n<h3><b><a href=\"https:\/\/kobudo-tesshinkan.eu\/wp-content\/uploads\/2022\/11\/arsenal-budo.jpg\" rel=\"attachment wp-att-267\"><img loading=\"lazy\" decoding=\"async\" class=\"alignright size-full wp-image-267\" src=\"https:\/\/kobudo-tesshinkan.eu\/wp-content\/uploads\/2022\/11\/arsenal-budo.jpg\" alt=\"logo_tomsk\" width=\"142\" height=\"142\" \/><\/a>Siberia Kobudo Federation<\/b><\/h3>\n<p><b>Sensei:<\/b> \u00a0\u00a0 Vyacheslav Rogozin<\/p>\n<p>Club Karate G\u00f4j\u00fb-Ry\u00fb, Kobud\u00f4 Tesshinkan &#8222;Arsenal-BUDO&#8220; &#8211; No. #40<\/p>\n<p>training place:<br \/>\nGovorova Str.48\/1<br \/>\n634057 Tomsk<br \/>\nRussia<\/p>\n<p>training time:<br \/>\nSaturday 9:00 &#8211; 10:00<br \/>\nSunday 9:00 &#8211; 10:00<\/p>\n<p>mobile Phone: 8-913-850-9302<\/p>\n<p><a href=\"http:\/\/goju.tomsk.ru\" target=\"_blank\" rel=\"noopener\">Hompage<\/a>\u00a0\u00a0\u00a0<a href=\"mailto:gojuryu_tomsk@mail.ru\" target=\"_blank\" rel=\"noopener\">E-Mail<\/a><\/p>\n<hr \/>\n<h3><b><a href=\"https:\/\/kobudo-tesshinkan.eu\/wp-content\/uploads\/2016\/03\/logo_biysk.gif\" rel=\"attachment wp-att-268\"><img loading=\"lazy\" decoding=\"async\" class=\"alignright size-full wp-image-268\" src=\"https:\/\/kobudo-tesshinkan.eu\/wp-content\/uploads\/2016\/03\/logo_biysk.gif\" alt=\"logo_biysk\" width=\"142\" height=\"142\" \/><\/a>Club of contact karate, kobudo, self-defense and hand-to-hand combat &#8222;Daidokai&#8220;<\/b><\/h3>\n<p><b>Sensei:<\/b> \u00a0\u00a0 Vsevolod Nikolayev<\/p>\n<p>training place:<br \/>\nUl. Gorno-Altayskaya, 52<br \/>\nSchool no. 25<br \/>\nBiysk<br \/>\nRussia<\/p>\n<p>training time:<br \/>\nSunday 10:00-11:30<\/p>\n<p>Phone: \u00a0\u00a0\u00a0\u00a0 8-960-955-1348<br \/>\n<a href=\"http:\/\/www.daidokai.ru\" target=\"_blank\" rel=\"noopener\">Hompage<\/a>\u00a0\u00a0\u00a0<a href=\"mailto:akunihonjin@mail.ru\" target=\"_blank\" rel=\"noopener\">E-Mail<\/a><\/p>\n<hr \/>\n<h3><strong><a href=\"https:\/\/kobudo-tesshinkan.eu\/wp-content\/uploads\/2016\/03\/Tesshinkan_Europe.gif\" rel=\"attachment wp-att-237\"><img loading=\"lazy\" decoding=\"async\" class=\"alignright size-full wp-image-237\" src=\"https:\/\/kobudo-tesshinkan.eu\/wp-content\/uploads\/2016\/03\/Tesshinkan_Europe.gif\" alt=\"Tesshinkan_Europe\" width=\"114\" height=\"113\" \/><\/a>Club Dyussh-Sibiryak<\/strong><\/h3>\n<p><b>Sensei:<\/b> \u00a0\u00a0 Boris Grigoryev<\/p>\n<p>training place:<br \/>\nUl. Matrosova, 127<br \/>\nchildren sport school &#8222;Sibiryak&#8220;<br \/>\nAnzhero-Sudzhensk<br \/>\nRussia<\/p>\n<p>training time:<br \/>\nMonday \u00a0\u00a0\u00a0\u00a0 15:30-17:40<br \/>\nWednesday 15:30-17:40<br \/>\nFriday \u00a0\u00a0\u00a0\u00a0\u00a0\u00a0 15:30-17:40<br \/>\nSunday \u00a0\u00a0\u00a0\u00a0 08:30-10:00<\/p>\n<p>Phone: \u00a0\u00a0\u00a0\u00a0\u00a08-909-522-8610<br \/>\n<a href=\"http:\/\/www.dyussh-sibiryak.narod.ru\" target=\"_blank\" rel=\"noopener\">Hompage<\/a>\u00a0\u00a0\u00a0<a href=\"mailto:bor372@yandex.ru\" target=\"_blank\" rel=\"noopener\">E-Mail<\/a><\/p>\n<hr \/>\n<h2><strong>Crimea Region<\/strong><\/h2>\n<h3><b><a href=\"https:\/\/kobudo-tesshinkan.eu\/wp-content\/uploads\/2016\/03\/Tesshinkan_Europe.gif\" rel=\"attachment wp-att-237\"><img loading=\"lazy\" decoding=\"async\" class=\"alignright size-full wp-image-237\" src=\"https:\/\/kobudo-tesshinkan.eu\/wp-content\/uploads\/2016\/03\/Tesshinkan_Europe.gif\" alt=\"Tesshinkan_Europe\" width=\"114\" height=\"113\" \/><\/a>Tesshinkan Sevastopol<\/b><\/h3>\n<p><b>Sensei:<\/b> \u00a0\u00a0 Kostiantyn Deriahin<\/p>\n<p>Center of Eastern culture &#8222;Victory&#8220;<br \/>\nul. Astana Kesaeva 11b<br \/>\nSevastopol<\/p>\n<p>Phone: \u00a0\u00a0\u00a0\u00a0+380991049194<br \/>\n+380993064354<br \/>\n<a href=\"mailto:kostyafudokan@mail.ru\" target=\"_blank\" rel=\"noopener\">E-Mail<\/a><\/p>\n<hr \/>\n<h2><strong>Woronesch region<\/strong><\/h2>\n<h3><b>Woronesch Kobudo Federation<\/b><\/h3>\n<p><b>Sensei:<\/b> \u00a0\u00a0 Evgenii Kiselev<\/p>\n<p>Certificated D\u00f4j\u00f4 of the Ry\u00fbky\u00fb Kobud\u00f4 Tesshinkan Ky\u00f4 Kai &#8211; No. #43<\/p>\n","protected":false},"excerpt":{"rendered":"<p>Kaliningrad region Kaliningrad Kobudo Federation Sensei: \u00a0\u00a0 Pavel Dolgachov Certificated D\u00f4j\u00f4 of the Ry\u00fbky\u00fb Kobud\u00f4 Tesshinkan Ky\u00f4 Kai &#8211; No. #44 Kolhoznaya ul., 4-1 236029, Kaliningrad region Russia training place: Sporthall of school No.44 (Molodyozhnaya ul, 7) mobile Phone: \u00a0 +7-4012-768094 home phone: \u00a0\u00a0 +7-4012-584480 E-Mail Siberia Region Siberia Kobudo Federation Sensei: \u00a0\u00a0 Vyacheslav Rogozin &#8230; <a title=\"Russland\" class=\"read-more\" href=\"https:\/\/kobudo-tesshinkan.eu\/index.php\/de\/ueber-ryukyu-kobudo-tesshinkan\/dojos\/europa\/russland\/\" aria-label=\"Mehr Informationen \u00fcber Russland\">Weiterlesen<\/a><\/p>\n","protected":false},"author":1,"featured_media":0,"parent":1167,"menu_order":0,"comment_status":"closed","ping_status":"closed","template":"","meta":{"footnotes":""},"_links":{"self":[{"href":"https:\/\/kobudo-tesshinkan.eu\/index.php\/wp-json\/wp\/v2\/pages\/263"}],"collection":[{"href":"https:\/\/kobudo-tesshinkan.eu\/index.php\/wp-json\/wp\/v2\/pages"}],"about":[{"href":"https:\/\/kobudo-tesshinkan.eu\/index.php\/wp-json\/wp\/v2\/types\/page"}],"author":[{"embeddable":true,"href":"https:\/\/kobudo-tesshinkan.eu\/index.php\/wp-json\/wp\/v2\/users\/1"}],"replies":[{"embeddable":true,"href":"https:\/\/kobudo-tesshinkan.eu\/index.php\/wp-json\/wp\/v2\/comments?post=263"}],"version-history":[{"count":6,"href":"https:\/\/kobudo-tesshinkan.eu\/index.php\/wp-json\/wp\/v2\/pages\/263\/revisions"}],"predecessor-version":[{"id":6861,"href":"https:\/\/kobudo-tesshinkan.eu\/index.php\/wp-json\/wp\/v2\/pages\/263\/revisions\/6861"}],"up":[{"embeddable":true,"href":"https:\/\/kobudo-tesshinkan.eu\/index.php\/wp-json\/wp\/v2\/pages\/1167"}],"wp:attachment":[{"href":"https:\/\/kobudo-tesshinkan.eu\/index.php\/wp-json\/wp\/v2\/media?parent=263"}],"curies":[{"name":"wp","href":"https:\/\/api.w.org\/{rel}","templated":true}]}}