{"id":1835,"date":"2018-11-26T21:05:00","date_gmt":"2018-11-26T20:05:00","guid":{"rendered":"http:\/\/tesshinkan-wp.ddns.net\/tesshinkan-wp\/?page_id=1835"},"modified":"2018-11-26T21:05:01","modified_gmt":"2018-11-26T20:05:01","slug":"znachok-vyshivki","status":"publish","type":"page","link":"https:\/\/kobudo-tesshinkan.eu\/index.php\/ru\/znachok-vyshivki\/","title":{"rendered":"\u0417\u043d\u0430\u0447\u043e\u043a \u0432\u044b\u0448\u0438\u0432\u043a\u0438"},"content":{"rendered":"\n<div class=\"wp-block-image\"><figure class=\"alignright\"><a href=\"https:\/\/kobudo-tesshinkan.eu\/wp-content\/uploads\/2016\/03\/tesshinkan-logo2.gif\"><img loading=\"lazy\" decoding=\"async\" width=\"189\" height=\"189\" src=\"https:\/\/kobudo-tesshinkan.eu\/wp-content\/uploads\/2016\/03\/tesshinkan-logo2.gif\" alt=\"\" class=\"wp-image-251\"\/><\/a><\/figure><\/div>\n\n\n\n<p>RY\u00dbKY\u00db KOBUD\u00d4 TESSHINKAN from SHUREIDO on Okinawa<\/p>\n\n\n\n<ul><li>diameter 10 cm<\/li><li>red \/ white \/ black<\/li><li>Euro 15,00 \/ piece + forwarding <\/li><\/ul>\n","protected":false},"excerpt":{"rendered":"<p>RY\u00dbKY\u00db KOBUD\u00d4 TESSHINKAN from SHUREIDO on Okinawa diameter 10 cm red \/ white \/ black Euro 15,00 \/ piece + forwarding<\/p>\n","protected":false},"author":1,"featured_media":0,"parent":0,"menu_order":0,"comment_status":"closed","ping_status":"closed","template":"","meta":{"footnotes":""},"_links":{"self":[{"href":"https:\/\/kobudo-tesshinkan.eu\/index.php\/wp-json\/wp\/v2\/pages\/1835"}],"collection":[{"href":"https:\/\/kobudo-tesshinkan.eu\/index.php\/wp-json\/wp\/v2\/pages"}],"about":[{"href":"https:\/\/kobudo-tesshinkan.eu\/index.php\/wp-json\/wp\/v2\/types\/page"}],"author":[{"embeddable":true,"href":"https:\/\/kobudo-tesshinkan.eu\/index.php\/wp-json\/wp\/v2\/users\/1"}],"replies":[{"embeddable":true,"href":"https:\/\/kobudo-tesshinkan.eu\/index.php\/wp-json\/wp\/v2\/comments?post=1835"}],"version-history":[{"count":1,"href":"https:\/\/kobudo-tesshinkan.eu\/index.php\/wp-json\/wp\/v2\/pages\/1835\/revisions"}],"predecessor-version":[{"id":1837,"href":"https:\/\/kobudo-tesshinkan.eu\/index.php\/wp-json\/wp\/v2\/pages\/1835\/revisions\/1837"}],"wp:attachment":[{"href":"https:\/\/kobudo-tesshinkan.eu\/index.php\/wp-json\/wp\/v2\/media?parent=1835"}],"curies":[{"name":"wp","href":"https:\/\/api.w.org\/{rel}","templated":true}]}}