{"id":1596,"date":"2018-06-14T21:06:37","date_gmt":"2018-06-14T19:06:37","guid":{"rendered":"http:\/\/tesshinkan.ddns.net\/tesshinkan-wp\/?page_id=1596"},"modified":"2018-06-14T21:06:37","modified_gmt":"2018-06-14T19:06:37","slug":"ssha","status":"publish","type":"page","link":"https:\/\/kobudo-tesshinkan.eu\/index.php\/ru\/ryukyu-kobudo\/dodzyo\/ssha\/","title":{"rendered":"\u0421\u0428\u0410"},"content":{"rendered":"<h2>Florida<\/h2>\n<h3><img loading=\"lazy\" decoding=\"async\" class=\"alignright wp-image-1185 size-full\" src=\"https:\/\/kobudo-tesshinkan.eu\/wp-content\/uploads\/2017\/02\/logo-dojo-usa.gif\" width=\"120\" height=\"120\" \/>Ocala Shinbukan Dojo<\/h3>\n<p><b>Sensei:<\/b> Robby Bray<\/p>\n<p>Certificated D\u00f4j\u00f4 of the Ry\u00fbky\u00fb Kobud\u00f4 Tesshinkan Ky\u00f4 Kai &#8211; No. #14<\/p>\n<p>3602 NE 8th Place<br \/>\nOcala \/ Florida<\/p>\n<p align=\"center\"><a href=\"http:\/\/www.ocalashinbukan.com\" target=\"_blank\" rel=\"noopener\">Hompage<\/a> \u00a0\u00a0\u00a0 <a href=\"mailto:admin@ocalatesshinkan.com\" target=\"_blank\" rel=\"noopener\">E-Mail<\/a><\/p>\n<hr \/>\n<h3 align=\"center\"><img loading=\"lazy\" decoding=\"async\" class=\"alignright wp-image-1185 size-full\" src=\"https:\/\/kobudo-tesshinkan.eu\/wp-content\/uploads\/2017\/02\/logo-dojo-usa.gif\" width=\"120\" height=\"120\" \/><b>Port st. Lucie<\/b> Tesshinkan<b> Ry\u00fbky\u00fb Kobud\u00f4<\/b><\/h3>\n<p align=\"center\"><b>Sensei:<\/b> David Seltser<\/p>\n<p align=\"center\">Certificated D\u00f4j\u00f4 of the Ry\u00fbky\u00fb Kobud\u00f4 Tesshinkan Ky\u00f4 Kai &#8211; No. #19<\/p>\n<p align=\"center\">Port st. Lucie \/ Florida<\/p>\n<p align=\"center\"><a href=\"http:\/\/www.\" target=\"_blank\" rel=\"noopener\">Hompage<\/a> \u00a0\u00a0\u00a0 <a href=\"mailto:Dseltser@aol.com\" target=\"_blank\" rel=\"noopener\">E-Mail<\/a><\/p>\n<hr \/>\n<h3><b><a href=\"https:\/\/kobudo-tesshinkan.eu\/wp-content\/uploads\/2017\/02\/logo-dojo-usa.gif\"><img loading=\"lazy\" decoding=\"async\" class=\"alignright size-full wp-image-1185\" src=\"https:\/\/kobudo-tesshinkan.eu\/wp-content\/uploads\/2017\/02\/logo-dojo-usa.gif\" alt=\"\" width=\"120\" height=\"120\" \/><\/a>Ry\u00fbky\u00fb Kobud\u00f4<\/b> Tesshinkan<\/h3>\n<p><b>Sensei:<\/b> Patricia Dawn Lasher<\/p>\n<p>Certificated D\u00f4j\u00f4 of the Ry\u00fbky\u00fb Kobud\u00f4 Tesshinkan Ky\u00f4 Kai &#8211; No. #21<\/p>\n<p>Florida<\/p>\n<p><a href=\"mailto:pdlasher@cox.net\" target=\"_blank\" rel=\"noopener\">E-Mail<\/a><\/p>\n<hr \/>\n<h3><b><img loading=\"lazy\" decoding=\"async\" class=\"alignright size-full wp-image-1185\" src=\"https:\/\/kobudo-tesshinkan.eu\/wp-content\/uploads\/2017\/02\/logo-dojo-usa.gif\" alt=\"\" width=\"120\" height=\"120\" \/>Ry\u00fbky\u00fb<\/b> Kobud\u00f4<b> Tesshinkan<\/b><\/h3>\n<p><b>Sensei:<\/b> Thomas Hodges<\/p>\n<p>Certificated D\u00f4j\u00f4 of the Ry\u00fbky\u00fb Kobud\u00f4 Tesshinkan Ky\u00f4 Kai &#8211; No. #23<\/p>\n<p>Florida<\/p>\n<p><a href=\"mailto:harleyt26@yahoo.com\" target=\"_blank\" rel=\"noopener\">E-Mail<\/a><\/p>\n<hr \/>\n<h2 align=\"center\"><b>Montana<\/b><\/h2>\n<h3><img loading=\"lazy\" decoding=\"async\" class=\"alignright size-full wp-image-1184\" src=\"https:\/\/kobudo-tesshinkan.eu\/wp-content\/uploads\/2017\/02\/logo-dojo-bozeman.gif\" alt=\"\" width=\"127\" height=\"142\" \/><b>Ash&#8217;s<\/b> Okinawan<b> Karate<\/b><\/h3>\n<p><b>Sensei:<\/b> Brian Ash<\/p>\n<p>Certificated D\u00f4j\u00f4 of the Ry\u00fbky\u00fb Kobud\u00f4 Tesshinkan Ky\u00f4 Kai &#8211; No. #20<\/p>\n<p>610 Professional Drive<br \/>\nSuite #1<br \/>\nBozeman, Montana 59718<\/p>\n<p>phone: \u00a0\u00a0406-994-9194<\/p>\n<p align=\"center\"><a href=\"http:\/\/www.ashsokinawankarate.com\" target=\"_blank\" rel=\"noopener\">Hompage<\/a> \u00a0\u00a0\u00a0 <a href=\"mailto:ashkarate@msn.com\" target=\"_blank\" rel=\"noopener\">E-Mail<\/a><\/p>\n","protected":false},"excerpt":{"rendered":"<p>Florida Ocala Shinbukan Dojo Sensei: Robby Bray Certificated D\u00f4j\u00f4 of the Ry\u00fbky\u00fb Kobud\u00f4 Tesshinkan Ky\u00f4 Kai &#8211; No. #14 3602 NE 8th Place Ocala \/ Florida Hompage \u00a0\u00a0\u00a0 E-Mail Port st. Lucie Tesshinkan Ry\u00fbky\u00fb Kobud\u00f4 Sensei: David Seltser Certificated D\u00f4j\u00f4 of the Ry\u00fbky\u00fb Kobud\u00f4 Tesshinkan Ky\u00f4 Kai &#8211; No. #19 Port st. Lucie \/ Florida &#8230; <a title=\"\u0421\u0428\u0410\" class=\"read-more\" href=\"https:\/\/kobudo-tesshinkan.eu\/index.php\/ru\/ryukyu-kobudo\/dodzyo\/ssha\/\" aria-label=\"Mehr Informationen \u00fcber \u0421\u0428\u0410\">Weiterlesen<\/a><\/p>\n","protected":false},"author":1,"featured_media":0,"parent":1553,"menu_order":0,"comment_status":"closed","ping_status":"closed","template":"","meta":{"footnotes":""},"_links":{"self":[{"href":"https:\/\/kobudo-tesshinkan.eu\/index.php\/wp-json\/wp\/v2\/pages\/1596"}],"collection":[{"href":"https:\/\/kobudo-tesshinkan.eu\/index.php\/wp-json\/wp\/v2\/pages"}],"about":[{"href":"https:\/\/kobudo-tesshinkan.eu\/index.php\/wp-json\/wp\/v2\/types\/page"}],"author":[{"embeddable":true,"href":"https:\/\/kobudo-tesshinkan.eu\/index.php\/wp-json\/wp\/v2\/users\/1"}],"replies":[{"embeddable":true,"href":"https:\/\/kobudo-tesshinkan.eu\/index.php\/wp-json\/wp\/v2\/comments?post=1596"}],"version-history":[{"count":1,"href":"https:\/\/kobudo-tesshinkan.eu\/index.php\/wp-json\/wp\/v2\/pages\/1596\/revisions"}],"predecessor-version":[{"id":1597,"href":"https:\/\/kobudo-tesshinkan.eu\/index.php\/wp-json\/wp\/v2\/pages\/1596\/revisions\/1597"}],"up":[{"embeddable":true,"href":"https:\/\/kobudo-tesshinkan.eu\/index.php\/wp-json\/wp\/v2\/pages\/1553"}],"wp:attachment":[{"href":"https:\/\/kobudo-tesshinkan.eu\/index.php\/wp-json\/wp\/v2\/media?parent=1596"}],"curies":[{"name":"wp","href":"https:\/\/api.w.org\/{rel}","templated":true}]}}