{"id":1575,"date":"2018-06-14T20:58:15","date_gmt":"2018-06-14T18:58:15","guid":{"rendered":"http:\/\/tesshinkan.ddns.net\/tesshinkan-wp\/?page_id=1575"},"modified":"2018-06-14T20:58:15","modified_gmt":"2018-06-14T18:58:15","slug":"yaponiya","status":"publish","type":"page","link":"https:\/\/kobudo-tesshinkan.eu\/index.php\/ru\/yaponiya\/","title":{"rendered":"\u042f\u043f\u043e\u043d\u0438\u044f"},"content":{"rendered":"<h2><strong>Okinawa<\/strong><\/h2>\n<h3><b><img loading=\"lazy\" decoding=\"async\" class=\"alignright wp-image-251 size-full\" src=\"https:\/\/kobudo-tesshinkan.eu\/wp-content\/uploads\/2016\/03\/tesshinkan-logo2.gif\" alt=\"tesshinkan-logo2\" width=\"189\" height=\"189\" \/>Ry\u00fbky\u00fb Kobud\u00f4 Tesshinkan Honbu-D\u00f4j\u00f4<\/b><\/h3>\n<p><b>Kaich\u00f4:<\/b> Tamayose Hidemi<\/p>\n<p>1244-19 Aza Nakama<br \/>\nOZATO NANJO-City<br \/>\nOkinawa \/ Japan<br \/>\n901-1206<\/p>\n<p>Phone\/Fax: +81 &#8211; (0)98 &#8211; 946-3778<br \/>\n<a href=\"https:\/\/kobudo-tesshinkan.eu\" target=\"_blank\" rel=\"noopener noreferrer\">Hompage<\/a> <a href=\"mailto:tesshinkan-honbu@jupiter.ocn.ne.jp\" target=\"_blank\" rel=\"noopener noreferrer\">E-Mail<\/a><\/p>\n","protected":false},"excerpt":{"rendered":"<p>Okinawa Ry\u00fbky\u00fb Kobud\u00f4 Tesshinkan Honbu-D\u00f4j\u00f4 Kaich\u00f4: Tamayose Hidemi 1244-19 Aza Nakama OZATO NANJO-City Okinawa \/ Japan 901-1206 Phone\/Fax: +81 &#8211; (0)98 &#8211; 946-3778 Hompage E-Mail<\/p>\n","protected":false},"author":1,"featured_media":0,"parent":0,"menu_order":1,"comment_status":"closed","ping_status":"closed","template":"","meta":{"footnotes":""},"_links":{"self":[{"href":"https:\/\/kobudo-tesshinkan.eu\/index.php\/wp-json\/wp\/v2\/pages\/1575"}],"collection":[{"href":"https:\/\/kobudo-tesshinkan.eu\/index.php\/wp-json\/wp\/v2\/pages"}],"about":[{"href":"https:\/\/kobudo-tesshinkan.eu\/index.php\/wp-json\/wp\/v2\/types\/page"}],"author":[{"embeddable":true,"href":"https:\/\/kobudo-tesshinkan.eu\/index.php\/wp-json\/wp\/v2\/users\/1"}],"replies":[{"embeddable":true,"href":"https:\/\/kobudo-tesshinkan.eu\/index.php\/wp-json\/wp\/v2\/comments?post=1575"}],"version-history":[{"count":1,"href":"https:\/\/kobudo-tesshinkan.eu\/index.php\/wp-json\/wp\/v2\/pages\/1575\/revisions"}],"predecessor-version":[{"id":1576,"href":"https:\/\/kobudo-tesshinkan.eu\/index.php\/wp-json\/wp\/v2\/pages\/1575\/revisions\/1576"}],"wp:attachment":[{"href":"https:\/\/kobudo-tesshinkan.eu\/index.php\/wp-json\/wp\/v2\/media?parent=1575"}],"curies":[{"name":"wp","href":"https:\/\/api.w.org\/{rel}","templated":true}]}}