{"id":1556,"date":"2018-03-20T20:27:33","date_gmt":"2018-03-20T19:27:33","guid":{"rendered":"http:\/\/tesshinkan.ddns.net\/tesshinkan-wp\/?page_id=1556"},"modified":"2025-01-30T11:43:27","modified_gmt":"2025-01-30T10:43:27","slug":"germaniya","status":"publish","type":"page","link":"https:\/\/kobudo-tesshinkan.eu\/index.php\/ru\/ryukyu-kobudo\/dodzyo\/germaniya\/","title":{"rendered":"\u0413\u0435\u0440\u043c\u0430\u043d\u0438\u044f"},"content":{"rendered":"<h2><strong>Th\u00fcringen<\/strong><\/h2>\n<h3><strong><a href=\"https:\/\/kobudo-tesshinkan.eu\/wp-content\/uploads\/2016\/03\/Logo_Nordhausen01.gif\"><img loading=\"lazy\" decoding=\"async\" class=\"alignright size-full wp-image-232\" src=\"https:\/\/kobudo-tesshinkan.eu\/wp-content\/uploads\/2016\/03\/Logo_Nordhausen01.gif\" alt=\"Logo_Nordhausen01\" width=\"137\" height=\"139\" \/><\/a>KARATE-DO-KWAI NORDHAUSEN e.V.<\/strong><\/h3>\n<p><b>Sensei:<\/b> \u00a0\u00a0 Frank Pelny<\/p>\n<p>Certificated D\u00f4j\u00f4 of the Ry\u00fbky\u00fb Kobud\u00f4 Tesshinkan Ky\u00f4 Kai &#8211; No. #6<\/p>\n<p>Sporthalle des Humboldt-Gymnasiums<br \/>\nBlasistra\u00dfe 15<br \/>\nD-99734 \u00a0 NORDHAUSEN<\/p>\n<p>Trainingszeiten:<br \/>\nmittwochs 18.00 &#8211; 19.30 Uhr<\/p>\n<p align=\"center\"><a href=\"http:\/\/www.karate-nordhausen.de\" target=\"_blank\" rel=\"noopener noreferrer\">Homepage<\/a> \u00a0\u00a0\u00a0 <a href=\"mailto:info@kobudo-tesshinkan.eu\" target=\"_blank\" rel=\"noopener noreferrer\">E-Mail<\/a><\/p>\n<hr \/>\n<h3><a href=\"https:\/\/kobudo-tesshinkan.eu\/wp-content\/uploads\/2016\/03\/Logo_Jena01.gif\"><img loading=\"lazy\" decoding=\"async\" class=\"alignright size-full wp-image-230\" src=\"https:\/\/kobudo-tesshinkan.eu\/wp-content\/uploads\/2016\/03\/Logo_Jena01.gif\" alt=\"Logo_Jena01\" width=\"142\" height=\"142\" \/><\/a><strong>SEISHINKAI JENA e.V.<\/strong><\/h3>\n<p><b>Sensei:<\/b> \u00a0\u00a0 Hagen Walter<\/p>\n<p>Certificated D\u00f4j\u00f4 of the Ry\u00fbky\u00fb Kobud\u00f4 Tesshinkan Ky\u00f4 Kai &#8211; No. #11<\/p>\n<p>Sportkomplex &#8222;Werner Seelenbinder&#8220;<br \/>\nLeichtathletikhalle in der Oberaue<br \/>\nJENA Lobeda\/West<\/p>\n<p>Trainingszeiten:<br \/>\nmontags 20.30 &#8211; 22.00 Uhr<br \/>\nmittwochs 19.00 &#8211; 20.30 Uhr<br \/>\nfreitags 20.30 &#8211; 22.00 Uhr<\/p>\n<p><a href=\"http:\/\/www.kobudo-jena.de\" target=\"_blank\" rel=\"noopener noreferrer\">Homepage<\/a> \u00a0\u00a0\u00a0 <a href=\"mailto:kobudo@seishinkai.de\" target=\"_blank\" rel=\"noopener noreferrer\">E-Mail<\/a><\/p>\n<hr \/>\n<h3><a href=\"https:\/\/kobudo-tesshinkan.eu\/wp-content\/uploads\/2023\/09\/Bushido_Ilmenau.png\"><img loading=\"lazy\" decoding=\"async\" class=\"alignright  wp-image-237\" src=\"https:\/\/kobudo-tesshinkan.eu\/wp-content\/uploads\/2023\/09\/Bushido_Ilmenau.png\" alt=\"Bushido Ilmenau\" width=\"140\" height=\"139\" \/><\/a><strong>D\u00f4j\u00f4 Bushido Ilmenau<\/strong><\/h3>\n<p><b>Sensei:<\/b> \u00a0\u00a0 Ramona Risch<\/p>\n<p>Certificated D\u00f4j\u00f4 of the Ry\u00fbky\u00fb Kobud\u00f4 Tesshinkan Ky\u00f4 Kai &#8211; No. #..<\/p>\n<p>D\u00f4j\u00f4 Bushido Ilmenau<br \/>\nVogelherd 74<br \/>\n98693 Ilmenau<\/p>\n<p>Trainingszeiten:<br \/>\ndienstag 20.15 \u2013 22.00 Uhr<br \/>\ndonnerstags 20.15 \u2013 22.00 Uhr<\/p>\n<p><a href=\"https:\/\/tesshinkanilmenau.wordpress.com\/\" target=\"_blank\" rel=\"noopener noreferrer\">Homepage<\/a> \u00a0\u00a0\u00a0 <a href=\"mailto:michael.kloeppel@tu-ilmenau.de\" target=\"_blank\" rel=\"noopener noreferrer\">E-Mail<\/a><\/p>\n<hr \/>\n<h3><strong><a href=\"https:\/\/kobudo-tesshinkan.eu\/wp-content\/uploads\/2020\/10\/Logo_chikara_club.png\"><img loading=\"lazy\" decoding=\"async\" class=\"wp-image-5821  alignright\" src=\"https:\/\/kobudo-tesshinkan.eu\/wp-content\/uploads\/2020\/10\/Logo_chikara_club-300x300.png\" alt=\"\" width=\"140\" height=\"140\" srcset=\"https:\/\/kobudo-tesshinkan.eu\/wp-content\/uploads\/2020\/10\/Logo_chikara_club-300x300.png 300w, https:\/\/kobudo-tesshinkan.eu\/wp-content\/uploads\/2020\/10\/Logo_chikara_club-150x150.png 150w, https:\/\/kobudo-tesshinkan.eu\/wp-content\/uploads\/2020\/10\/Logo_chikara_club.png 400w\" sizes=\"(max-width: 140px) 100vw, 140px\" \/><\/a>Karate Dojo Chikara Club Erfurt e.V.<br \/>\n<\/strong><\/h3>\n<p><b>Sensei:<\/b> \u00a0\u00a0 Stefanie Dahlke<\/p>\n<p>Certificated D\u00f4j\u00f4 of the Ry\u00fbky\u00fb Kobud\u00f4 Tesshinkan Ky\u00f4 Kai &#8211; No. #41<\/p>\n<p>Julius-K\u00f6nigs-Str. 8<br \/>\nD-99095 \u00a0 ERFURT<\/p>\n<p>Trainingszeiten:<br \/>\nmittwochs 19.45 &#8211; 20.45 Uhr<\/p>\n<p style=\"text-align: left;\" align=\"center\"><a href=\"http:\/\/www.kdce.de\/\" target=\"_blank\" rel=\"noopener noreferrer\">Hompage<\/a> \u00a0\u00a0\u00a0 <a href=\"mailto:steffigrz@gmx.net\" target=\"_blank\" rel=\"noopener noreferrer\">E-Mail<\/a><\/p>\n<hr \/>\n<h2><strong>Sachsen-Anhalt<\/strong><\/h2>\n<h3><b><a href=\"https:\/\/kobudo-tesshinkan.eu\/wp-content\/uploads\/2016\/03\/Logo_Halle.gif\" rel=\"attachment wp-att-243\"><img loading=\"lazy\" decoding=\"async\" class=\"alignright size-full wp-image-243\" src=\"https:\/\/kobudo-tesshinkan.eu\/wp-content\/uploads\/2016\/03\/Logo_Halle.gif\" alt=\"Logo_Halle\" width=\"132\" height=\"142\" \/><\/a>JITOKU-DO HALLE e.V.<\/b><\/h3>\n<p><b>Sensei: <\/b>Sebastian Edelmann<\/p>\n<p>Certificated D\u00f4j\u00f4 of the Ry\u00fbky\u00fb Kobud\u00f4 Tesshinkan Ky\u00f4 Kai &#8211; No. #7<\/p>\n<p>Sporthalle Klosterstra\u00dfe<br \/>\nKlosterstra\u00dfe<br \/>\nD-06108 Halle \/ Saale<\/p>\n<p>Trainingszeiten:<br \/>\nfreitags 17.30 &#8211; 18.30 Uhr<\/p>\n<p><a href=\"http:\/\/www.jitoku-halle.de\" target=\"_blank\" rel=\"noopener noreferrer\">Homepage<\/a> \u00a0\u00a0\u00a0 <a href=\"mailto:info@jitoku-halle.de\" target=\"_blank\" rel=\"noopener noreferrer\">E-Mail<\/a><\/p>\n<hr \/>\n<h3><b><a href=\"https:\/\/kobudo-tesshinkan.eu\/wp-content\/uploads\/2016\/03\/Logo_BSVHeide.gif\" rel=\"attachment wp-att-245\"><img loading=\"lazy\" decoding=\"async\" class=\"alignright size-full wp-image-245\" src=\"https:\/\/kobudo-tesshinkan.eu\/wp-content\/uploads\/2016\/03\/Logo_BSVHeide.gif\" alt=\"Logo_BSVHeide\" width=\"143\" height=\"142\" \/><\/a>BSV Heide 90 e.V.<\/b><\/h3>\n<p><b>Sensei:<\/b> \u00a0\u00a0 Kathrin K\u00f6rbitz<\/p>\n<p>Turnhalle Burgkemnitz<br \/>\nAm Park 1 (N\u00e4he Bahnhof)<br \/>\nD-06774 Muldestausee OT Burgkemnitz<\/p>\n<p>Trainingszeiten:<br \/>\nmontags 18.15 &#8211; 19.45 Uhr<\/p>\n<p>Telefon: \u00a0\u00a0+49 &#8211; (0)34955 &#8211; 40879<br \/>\n<a href=\"http:\/\/www.karate-burgkemnitz.de\" target=\"_blank\" rel=\"noopener noreferrer\">Homepage<\/a> \u00a0\u00a0\u00a0 <a href=\"mailto:karate-bsvheide90@gmx.de\" target=\"_blank\" rel=\"noopener noreferrer\">E-Mail<\/a><\/p>\n<hr \/>\n<h2><strong>Sachsen<\/strong><\/h2>\n<h3><b><a href=\"https:\/\/kobudo-tesshinkan.eu\/wp-content\/uploads\/2016\/03\/Logo_Leipzig.gif\" rel=\"attachment wp-att-246\"><img loading=\"lazy\" decoding=\"async\" class=\"alignright size-full wp-image-246\" src=\"https:\/\/kobudo-tesshinkan.eu\/wp-content\/uploads\/2016\/03\/Logo_Leipzig.gif\" alt=\"Logo_Leipzig\" width=\"142\" height=\"142\" \/><\/a>SHOTOKAN DOJO LEIPZIG e.V.<\/b><\/h3>\n<p><b>Sensei:<\/b> \u00a0\u00a0 Pierre Lorenz<\/p>\n<p>Certificated D\u00f4j\u00f4 of the Ry\u00fbky\u00fb Kobud\u00f4 Tesshinkan Ky\u00f4 Kai &#8211; No. #12<\/p>\n<p>Trainingszeiten:<br \/>\ndienstags 20.15 &#8211; 21.45 Uhr<br \/>\nSportst\u00e4tte des 157. Grundschule<br \/>\nHans-Driesch-Stra\u00dfe 41<br \/>\nD-04179 Leipzig<\/p>\n<p>donnerstags 19.30 &#8211; 21.00 Uhr<br \/>\nSportst\u00e4tte des Max-Klinger-Gymnasiums<br \/>\nMiltitzer Weg 4<br \/>\nD-04205 Leipzig<\/p>\n<p><a href=\"http:\/\/www.shotokan-dojo-leipzig.de\" target=\"_blank\" rel=\"noopener noreferrer\">Homepage<\/a> \u00a0\u00a0\u00a0 <a href=\"mailto:info@shotokan-dojo-leipzig.de\" target=\"_blank\" rel=\"noopener noreferrer\">E-Mail<\/a><\/p>\n<hr \/>\n<h2><strong>Niedersachsen<\/strong><\/h2>\n<h3><b><a href=\"https:\/\/kobudo-tesshinkan.eu\/wp-content\/uploads\/2025\/01\/KiKonzept.png\" rel=\"attachment wp-att-247\"><img loading=\"lazy\" decoding=\"async\" class=\"alignright wp-image-247\" src=\"https:\/\/kobudo-tesshinkan.eu\/wp-content\/uploads\/2025\/01\/KiKonzept.png\" alt=\"logo_kikonzept\" width=\"150\" height=\"153\" \/><\/a><\/b><\/h3>\n<h3><b>KiKonzept e.V.<\/b><b><\/b><\/h3>\n<p><b>Sensei:<\/b> Dr. Natalie Mandel<\/p>\n<p>Certificated D\u00f4j\u00f4 of the Ry\u00fbky\u00fb Kobud\u00f4 Tesshinkan Ky\u00f4 Kai &#8211; No. #46<\/p>\n<p>Burgwedeler Str. 10 c<br \/>\n30916 Isernhagen<\/p>\n<p><a href=\"mailto:kikonzept@hotmail.de\" target=\"_blank\" rel=\"noopener noreferrer\">E-Mail<\/a><\/p>\n<hr \/>\n<h2><strong>Nordrhein-Westfalen<\/strong><\/h2>\n<h3><b><img loading=\"lazy\" decoding=\"async\" class=\"alignright size-thumbnail wp-image-5460\" src=\"https:\/\/kobudo-tesshinkan.eu\/wp-content\/uploads\/2019\/08\/logo-dojo-torakai-150x150.png\" alt=\"\" width=\"150\" height=\"150\" \/>Torakai e.V.<\/b><\/h3>\n<p><b>Sensei:<\/b> J\u00fcrgen Porsch<\/p>\n<p>Certificated D\u00f4j\u00f4 of the Ry\u00fbky\u00fb Kobud\u00f4 Tesshinkan Ky\u00f4 Kai &#8211; No. #37<\/p>\n<p>Turnhalle 1 der Gemeinschaftshauptschule Friedensh\u00f6he<br \/>\nFriedensh\u00f6he 44<br \/>\n58256 ENNEPETAL<\/p>\n<p>Trainingszeiten:<br \/>\nmontags 20.30 &#8211; 21.45<\/p>\n<p><a href=\"http:\/\/www.torakai.de\" target=\"_blank\" rel=\"noopener noreferrer\">Homepage<\/a><\/p>\n<hr \/>\n<h2><strong>Hessen<\/strong><\/h2>\n<h3><b><img loading=\"lazy\" decoding=\"async\" class=\"alignright size-thumbnail wp-image-5460\" src=\"https:\/\/kobudo-tesshinkan.eu\/wp-content\/uploads\/2021\/04\/Vereins_LogoKKFW.png\" alt=\"\" width=\"140\" height=\"140\" \/>Kobudo Kampfsport Friedberg Wetterau e.V.<\/b><\/h3>\n<p><b>Sensei: <\/b>David Dekreon, Laszlo Lehnhardt<\/p>\n<p>Certificated D\u00f4j\u00f4 of the Ry\u00fbky\u00fb Kobud\u00f4 Tesshinkan Ky\u00f4 Kai &#8211; No. #16<\/p>\n<p><a href=\"http:\/\/www.Tesshinkan.de\" target=\"_blank\" rel=\"noopener noreferrer\">Hompage<\/a> \u00a0\u00a0\u00a0 <a href=\"mailto:info@kobudo-friedberg.de\" target=\"_blank\" rel=\"noopener noreferrer\">E-Mail<\/a><\/p>\n","protected":false},"excerpt":{"rendered":"<p>Th\u00fcringen KARATE-DO-KWAI NORDHAUSEN e.V. Sensei: \u00a0\u00a0 Frank Pelny Certificated D\u00f4j\u00f4 of the Ry\u00fbky\u00fb Kobud\u00f4 Tesshinkan Ky\u00f4 Kai &#8211; No. #6 Sporthalle des Humboldt-Gymnasiums Blasistra\u00dfe 15 D-99734 \u00a0 NORDHAUSEN Trainingszeiten: mittwochs 18.00 &#8211; 19.30 Uhr Homepage \u00a0\u00a0\u00a0 E-Mail SEISHINKAI JENA e.V. Sensei: \u00a0\u00a0 Hagen Walter Certificated D\u00f4j\u00f4 of the Ry\u00fbky\u00fb Kobud\u00f4 Tesshinkan Ky\u00f4 Kai &#8211; No. &#8230; <a title=\"\u0413\u0435\u0440\u043c\u0430\u043d\u0438\u044f\" class=\"read-more\" href=\"https:\/\/kobudo-tesshinkan.eu\/index.php\/ru\/ryukyu-kobudo\/dodzyo\/germaniya\/\" aria-label=\"Mehr Informationen \u00fcber \u0413\u0435\u0440\u043c\u0430\u043d\u0438\u044f\">Weiterlesen<\/a><\/p>\n","protected":false},"author":1,"featured_media":0,"parent":1553,"menu_order":0,"comment_status":"closed","ping_status":"closed","template":"","meta":{"footnotes":""},"_links":{"self":[{"href":"https:\/\/kobudo-tesshinkan.eu\/index.php\/wp-json\/wp\/v2\/pages\/1556"}],"collection":[{"href":"https:\/\/kobudo-tesshinkan.eu\/index.php\/wp-json\/wp\/v2\/pages"}],"about":[{"href":"https:\/\/kobudo-tesshinkan.eu\/index.php\/wp-json\/wp\/v2\/types\/page"}],"author":[{"embeddable":true,"href":"https:\/\/kobudo-tesshinkan.eu\/index.php\/wp-json\/wp\/v2\/users\/1"}],"replies":[{"embeddable":true,"href":"https:\/\/kobudo-tesshinkan.eu\/index.php\/wp-json\/wp\/v2\/comments?post=1556"}],"version-history":[{"count":17,"href":"https:\/\/kobudo-tesshinkan.eu\/index.php\/wp-json\/wp\/v2\/pages\/1556\/revisions"}],"predecessor-version":[{"id":7259,"href":"https:\/\/kobudo-tesshinkan.eu\/index.php\/wp-json\/wp\/v2\/pages\/1556\/revisions\/7259"}],"up":[{"embeddable":true,"href":"https:\/\/kobudo-tesshinkan.eu\/index.php\/wp-json\/wp\/v2\/pages\/1553"}],"wp:attachment":[{"href":"https:\/\/kobudo-tesshinkan.eu\/index.php\/wp-json\/wp\/v2\/media?parent=1556"}],"curies":[{"name":"wp","href":"https:\/\/api.w.org\/{rel}","templated":true}]}}