{"id":153,"date":"2015-11-29T14:35:10","date_gmt":"2015-11-29T13:35:10","guid":{"rendered":"http:\/\/tesshinkan.ddns.net\/tesshinkan-wp\/?page_id=153"},"modified":"2025-11-17T18:16:28","modified_gmt":"2025-11-17T17:16:28","slug":"history","status":"publish","type":"page","link":"https:\/\/kobudo-tesshinkan.eu\/index.php\/en\/about-ryukyu-kobudo-tesshinkan\/history\/","title":{"rendered":"History"},"content":{"rendered":"<figure id=\"attachment_293\" aria-describedby=\"caption-attachment-293\" style=\"width: 141px\" class=\"wp-caption alignleft\"><a href=\"https:\/\/kobudo-tesshinkan.eu\/wp-content\/uploads\/2015\/09\/yabiku.gif\" rel=\"attachment wp-att-293\"><img loading=\"lazy\" decoding=\"async\" class=\"wp-image-293 size-full\" src=\"https:\/\/kobudo-tesshinkan.eu\/wp-content\/uploads\/2015\/09\/yabiku.gif\" alt=\"portrait_yabiku\" width=\"151\" height=\"202\" \/><\/a><figcaption id=\"caption-attachment-293\" class=\"wp-caption-text\">YABIKU MODEN (1878-1941)<\/figcaption><\/figure>\n<p>The fight with arms has a long tradition on Okinawa. It is also typical that the unarmed fight-techniques always developed the fight-techniques with arms synchronized, like which two wheels at the same axis of a car.<\/p>\n<p>The RY\u00dbKY\u00db KOBUD\u00d4, as we know it today and practice, can be retraced up to SAKUGAWA T\u00d4DI (05.03.1733-07.07.1815), the forefather of the T\u00d4DE (the present-day KARATE), who practiced also BUKI-JUTSU (fight-techniques with arms). RY\u00dbKY\u00db KOBUD\u00d4 was relayed in the consequence by many masters up to the present-day<\/p>\n<figure id=\"attachment_306\" aria-describedby=\"caption-attachment-306\" style=\"width: 141px\" class=\"wp-caption alignright\"><a href=\"https:\/\/kobudo-tesshinkan.eu\/wp-content\/uploads\/2015\/09\/taira.gif\" rel=\"attachment wp-att-306\"><img loading=\"lazy\" decoding=\"async\" class=\"wp-image-306 size-full\" src=\"https:\/\/kobudo-tesshinkan.eu\/wp-content\/uploads\/2015\/09\/taira.gif\" alt=\"portrait_taira\" width=\"151\" height=\"185\" \/><\/a><figcaption id=\"caption-attachment-306\" class=\"wp-caption-text\">TAIRA SHINKEN (1897-1970)<\/figcaption><\/figure>\n<p>By the KOBU-JUTSU master YABIKU MODEN (1878-1941), was established in 1911 presumably the &#8222;RY\u00dbKY\u00db KOBU-JUTSU KENKY\u00db KAI&#8220;.<\/p>\n<p>In 1955, TAIRA SHINKEN (12.06.1897-03.09.1970) created from it the &#8222;RY\u00dbKY\u00db KOBUD\u00d4 HOZON SHINK\u00d4 KAI&#8220; society (translates approximately &#8222;to the support and protection of the old arms-fight-arts of RY\u00dbKY\u00db&#8220;) in order to finish the unfinished work of his master YABIKU MODEN.<\/p>\n<figure id=\"attachment_307\" aria-describedby=\"caption-attachment-307\" style=\"width: 141px\" class=\"wp-caption alignleft\"><a href=\"https:\/\/kobudo-tesshinkan.eu\/wp-content\/uploads\/2015\/09\/akamine.gif\" rel=\"attachment wp-att-307\"><img loading=\"lazy\" decoding=\"async\" class=\"wp-image-307 size-full\" src=\"https:\/\/kobudo-tesshinkan.eu\/wp-content\/uploads\/2015\/09\/akamine.gif\" alt=\"portrait_akamine\" width=\"151\" height=\"201\" \/><\/a><figcaption id=\"caption-attachment-307\" class=\"wp-caption-text\">AKAMINE EISUKE (1925-1999)<\/figcaption><\/figure>\n<p>After the death TAIRA&#8217;s in 1970, his student AKAMINE EISUKE (01.05.1925-13.01.1999) adopted the leadership of the association until 1999, the year, in which he also died.<\/p>\n<p>The RY\u00dbKY\u00db KOBUD\u00d4 system consisted of 36 KATA, which were collected by TAIRA SHINKEN SENSEI. Unfortunately some have not been relayed this KATA in the course of the years and consequently have been lost gone.<\/p>\n<figure id=\"attachment_308\" aria-describedby=\"caption-attachment-308\" style=\"width: 142px\" class=\"wp-caption alignright\"><a href=\"https:\/\/kobudo-tesshinkan.eu\/wp-content\/uploads\/2015\/09\/tamayose.gif\" rel=\"attachment wp-att-308\"><img loading=\"lazy\" decoding=\"async\" class=\"wp-image-308 size-full\" src=\"https:\/\/kobudo-tesshinkan.eu\/wp-content\/uploads\/2015\/09\/tamayose.gif\" alt=\"portrait_tamayose\" width=\"152\" height=\"204\" \/><\/a><figcaption id=\"caption-attachment-308\" class=\"wp-caption-text\">TAMAYOSE HIDEMI (1949-)<\/figcaption><\/figure>\n<p>In order to have consisted RY\u00dbKY\u00db KOBUD\u00d4 of the manner further, as it had been taught by SENSEI AKAMINE EISUKE, well-founded TAMAYOSE HIDEMI SENSEI at the 22.05.1999 the &#8222;RY\u00dbKY\u00db KOBUD\u00d4 TESSHINKAN KY\u00d4 KAI&#8220;. The TESSHINKAN uses 23 KATA and uses NUNCHAKU (threshing flail), TEKK\u00d4 (knuckledusters), B\u00d4 (long-stick), SAI (metal-trident), TUNFA (millwood), TINB\u00ca &amp; R\u00d4CHIN (shield &amp; dagger), KAMA (sickle) and \u00caKU (paddle) as primarily-arms.<\/p>\n\n\n<p><\/p>\n\n\n\n<p><\/p>\n\n\n\n<p><\/p>\n\n\n\n<p class=\"has-large-font-size\">Lineage<\/p>\n\n\n\n<figure class=\"wp-block-image size-large\"><a href=\"https:\/\/kobudo-tesshinkan.eu\/wp-content\/uploads\/2025\/11\/Stammbaum_Tesshinkan_2-scaled.jpeg\"><img loading=\"lazy\" decoding=\"async\" width=\"724\" height=\"1024\" src=\"https:\/\/kobudo-tesshinkan.eu\/wp-content\/uploads\/2025\/11\/Stammbaum_Tesshinkan_2-724x1024.jpeg\" alt=\"\" class=\"wp-image-7495\" srcset=\"https:\/\/kobudo-tesshinkan.eu\/wp-content\/uploads\/2025\/11\/Stammbaum_Tesshinkan_2-724x1024.jpeg 724w, https:\/\/kobudo-tesshinkan.eu\/wp-content\/uploads\/2025\/11\/Stammbaum_Tesshinkan_2-212x300.jpeg 212w, https:\/\/kobudo-tesshinkan.eu\/wp-content\/uploads\/2025\/11\/Stammbaum_Tesshinkan_2-768x1086.jpeg 768w, https:\/\/kobudo-tesshinkan.eu\/wp-content\/uploads\/2025\/11\/Stammbaum_Tesshinkan_2-1086x1536.jpeg 1086w, https:\/\/kobudo-tesshinkan.eu\/wp-content\/uploads\/2025\/11\/Stammbaum_Tesshinkan_2-1448x2048.jpeg 1448w, https:\/\/kobudo-tesshinkan.eu\/wp-content\/uploads\/2025\/11\/Stammbaum_Tesshinkan_2-scaled.jpeg 1810w\" sizes=\"(max-width: 724px) 100vw, 724px\" \/><\/a><\/figure>\n","protected":false},"excerpt":{"rendered":"<p>The fight with arms has a long tradition on Okinawa. It is also typical that the unarmed fight-techniques always developed the fight-techniques with arms synchronized, like which two wheels at the same axis of a car. The RY\u00dbKY\u00db KOBUD\u00d4, as we know it today and practice, can be retraced up to SAKUGAWA T\u00d4DI (05.03.1733-07.07.1815), the &#8230; <a title=\"History\" class=\"read-more\" href=\"https:\/\/kobudo-tesshinkan.eu\/index.php\/en\/about-ryukyu-kobudo-tesshinkan\/history\/\" aria-label=\"Mehr Informationen \u00fcber History\">Weiterlesen<\/a><\/p>\n","protected":false},"author":1,"featured_media":0,"parent":27,"menu_order":0,"comment_status":"open","ping_status":"open","template":"","meta":{"footnotes":""},"_links":{"self":[{"href":"https:\/\/kobudo-tesshinkan.eu\/index.php\/wp-json\/wp\/v2\/pages\/153"}],"collection":[{"href":"https:\/\/kobudo-tesshinkan.eu\/index.php\/wp-json\/wp\/v2\/pages"}],"about":[{"href":"https:\/\/kobudo-tesshinkan.eu\/index.php\/wp-json\/wp\/v2\/types\/page"}],"author":[{"embeddable":true,"href":"https:\/\/kobudo-tesshinkan.eu\/index.php\/wp-json\/wp\/v2\/users\/1"}],"replies":[{"embeddable":true,"href":"https:\/\/kobudo-tesshinkan.eu\/index.php\/wp-json\/wp\/v2\/comments?post=153"}],"version-history":[{"count":3,"href":"https:\/\/kobudo-tesshinkan.eu\/index.php\/wp-json\/wp\/v2\/pages\/153\/revisions"}],"predecessor-version":[{"id":7499,"href":"https:\/\/kobudo-tesshinkan.eu\/index.php\/wp-json\/wp\/v2\/pages\/153\/revisions\/7499"}],"up":[{"embeddable":true,"href":"https:\/\/kobudo-tesshinkan.eu\/index.php\/wp-json\/wp\/v2\/pages\/27"}],"wp:attachment":[{"href":"https:\/\/kobudo-tesshinkan.eu\/index.php\/wp-json\/wp\/v2\/media?parent=153"}],"curies":[{"name":"wp","href":"https:\/\/api.w.org\/{rel}","templated":true}]}}