{"id":151,"date":"2015-11-29T14:29:49","date_gmt":"2015-11-29T13:29:49","guid":{"rendered":"http:\/\/tesshinkan.ddns.net\/tesshinkan-wp\/?page_id=151"},"modified":"2019-01-27T18:50:16","modified_gmt":"2019-01-27T17:50:16","slug":"reports","status":"publish","type":"page","link":"https:\/\/kobudo-tesshinkan.eu\/index.php\/en\/dates_reports\/reports\/","title":{"rendered":"Reports"},"content":{"rendered":"<div id=\"pl-151\"  class=\"panel-layout\" ><div id=\"pg-151-0\"  class=\"panel-grid panel-no-style\" ><div id=\"pgc-151-0-0\"  class=\"panel-grid-cell\" ><div id=\"panel-151-0-0-0\" class=\"so-panel widget widget_siteorigin-panels-postloop panel-first-child panel-last-child\" data-index=\"0\" ><article id=\"post-7563\" class=\"post-7563 post type-post status-publish format-standard has-post-thumbnail hentry category-report-en\" itemtype=\"https:\/\/schema.org\/CreativeWork\" itemscope>\n\t<div class=\"inside-article\">\n\t\t\t\t\t<header class=\"entry-header\">\n\t\t\t\t<h2 class=\"entry-title\" itemprop=\"headline\"><a href=\"https:\/\/kobudo-tesshinkan.eu\/index.php\/en\/2nd-international-tesshinkan-seminar-in-poland\/\" rel=\"bookmark\">2nd International Tesshinkan Seminar in Poland<\/a><\/h2>\t\t\t<\/header>\n\t\t\t<div class=\"post-image\">\n\t\t\t\t\t\t\n\t\t\t\t\t\t<a href=\"https:\/\/kobudo-tesshinkan.eu\/index.php\/en\/2nd-international-tesshinkan-seminar-in-poland\/\">\n\t\t\t\t\t\t\t<img loading=\"lazy\" decoding=\"async\" width=\"1181\" height=\"886\" src=\"https:\/\/kobudo-tesshinkan.eu\/wp-content\/uploads\/2026\/03\/IMG_5281.jpg\" class=\"attachment-full size-full wp-post-image\" alt=\"\" itemprop=\"image\" srcset=\"https:\/\/kobudo-tesshinkan.eu\/wp-content\/uploads\/2026\/03\/IMG_5281.jpg 1181w, https:\/\/kobudo-tesshinkan.eu\/wp-content\/uploads\/2026\/03\/IMG_5281-300x225.jpg 300w, https:\/\/kobudo-tesshinkan.eu\/wp-content\/uploads\/2026\/03\/IMG_5281-1024x768.jpg 1024w, https:\/\/kobudo-tesshinkan.eu\/wp-content\/uploads\/2026\/03\/IMG_5281-768x576.jpg 768w\" sizes=\"(max-width: 1181px) 100vw, 1181px\" \/>\n\t\t\t\t\t\t<\/a>\n\t\t\t\t\t<\/div>\n\t\t\t<div class=\"entry-summary\" itemprop=\"text\">\n\t\t\t\t<p>This seminar, led by Frank Pelny Renshi, Shibu-Ch\u014d for Europe, took place on February 21 and 22, 2026, in \u0141\u00f3d\u017a. Vladimir Shakhov Sensei of the Karate Senk\u00f3 \u0141\u00f3d\u017a Club extended the invitation and organized the event excellently. Guests from Estonia enriched the seminar with their participation. Over the course of two days, participants trained for &#8230; <a title=\"2nd International Tesshinkan Seminar in Poland\" class=\"read-more\" href=\"https:\/\/kobudo-tesshinkan.eu\/index.php\/en\/2nd-international-tesshinkan-seminar-in-poland\/\" aria-label=\"Mehr Informationen \u00fcber 2nd International Tesshinkan Seminar in Poland\">Weiterlesen<\/a><\/p>\n\t\t\t<\/div>\n\n\t\t\t<\/div>\n<\/article>\n<article id=\"post-7476\" class=\"post-7476 post type-post status-publish format-standard has-post-thumbnail hentry category-report-en\" itemtype=\"https:\/\/schema.org\/CreativeWork\" itemscope>\n\t<div class=\"inside-article\">\n\t\t\t\t\t<header class=\"entry-header\">\n\t\t\t\t<h2 class=\"entry-title\" itemprop=\"headline\"><a href=\"https:\/\/kobudo-tesshinkan.eu\/index.php\/en\/europe-gasshuku-2025-2\/\" rel=\"bookmark\">Europe-Gasshuku 2025<\/a><\/h2>\t\t\t<\/header>\n\t\t\t<div class=\"post-image\">\n\t\t\t\t\t\t\n\t\t\t\t\t\t<a href=\"https:\/\/kobudo-tesshinkan.eu\/index.php\/en\/europe-gasshuku-2025-2\/\">\n\t\t\t\t\t\t\t<img loading=\"lazy\" decoding=\"async\" width=\"1181\" height=\"886\" src=\"https:\/\/kobudo-tesshinkan.eu\/wp-content\/uploads\/2025\/10\/IMG_7506.jpg\" class=\"attachment-full size-full wp-post-image\" alt=\"\" itemprop=\"image\" srcset=\"https:\/\/kobudo-tesshinkan.eu\/wp-content\/uploads\/2025\/10\/IMG_7506.jpg 1181w, https:\/\/kobudo-tesshinkan.eu\/wp-content\/uploads\/2025\/10\/IMG_7506-300x225.jpg 300w, https:\/\/kobudo-tesshinkan.eu\/wp-content\/uploads\/2025\/10\/IMG_7506-1024x768.jpg 1024w, https:\/\/kobudo-tesshinkan.eu\/wp-content\/uploads\/2025\/10\/IMG_7506-768x576.jpg 768w\" sizes=\"(max-width: 1181px) 100vw, 1181px\" \/>\n\t\t\t\t\t\t<\/a>\n\t\t\t\t\t<\/div>\n\t\t\t<div class=\"entry-summary\" itemprop=\"text\">\n\t\t\t\t<p>24th -27th Juli 2025 Nordhausen \/ Thuringia \/ Germany Nearly 40 participants from all over Germany, Poland, and Estonia once again took advantage of the opportunity to train under the guidance of Tamayose Hidemi Sensei. For four days, they worked intensively on the details of Ry\u016bky\u016b Kobud\u014d Tesshikan. Tamayose Sensei was supported by Frank Pelny &#8230; <a title=\"Europe-Gasshuku 2025\" class=\"read-more\" href=\"https:\/\/kobudo-tesshinkan.eu\/index.php\/en\/europe-gasshuku-2025-2\/\" aria-label=\"Mehr Informationen \u00fcber Europe-Gasshuku 2025\">Weiterlesen<\/a><\/p>\n\t\t\t<\/div>\n\n\t\t\t<\/div>\n<\/article>\n<article id=\"post-7394\" class=\"post-7394 post type-post status-publish format-standard has-post-thumbnail hentry category-report-en\" itemtype=\"https:\/\/schema.org\/CreativeWork\" itemscope>\n\t<div class=\"inside-article\">\n\t\t\t\t\t<header class=\"entry-header\">\n\t\t\t\t<h2 class=\"entry-title\" itemprop=\"headline\"><a href=\"https:\/\/kobudo-tesshinkan.eu\/index.php\/en\/german-championship-2025-in-ryukyu-kobudo-tesshinkan-on-april-27-in-jena\/\" rel=\"bookmark\">German Championship 2025 in Ry\u00fbky\u016b Kobud\u014d Tesshinkan on April 27 in Jena<\/a><\/h2>\t\t\t<\/header>\n\t\t\t<div class=\"post-image\">\n\t\t\t\t\t\t\n\t\t\t\t\t\t<a href=\"https:\/\/kobudo-tesshinkan.eu\/index.php\/en\/german-championship-2025-in-ryukyu-kobudo-tesshinkan-on-april-27-in-jena\/\">\n\t\t\t\t\t\t\t<img loading=\"lazy\" decoding=\"async\" width=\"2560\" height=\"1920\" src=\"https:\/\/kobudo-tesshinkan.eu\/wp-content\/uploads\/2025\/05\/2025_DM01-scaled.jpg\" class=\"attachment-full size-full wp-post-image\" alt=\"\" itemprop=\"image\" srcset=\"https:\/\/kobudo-tesshinkan.eu\/wp-content\/uploads\/2025\/05\/2025_DM01-scaled.jpg 2560w, https:\/\/kobudo-tesshinkan.eu\/wp-content\/uploads\/2025\/05\/2025_DM01-300x225.jpg 300w, https:\/\/kobudo-tesshinkan.eu\/wp-content\/uploads\/2025\/05\/2025_DM01-1024x768.jpg 1024w, https:\/\/kobudo-tesshinkan.eu\/wp-content\/uploads\/2025\/05\/2025_DM01-768x576.jpg 768w, https:\/\/kobudo-tesshinkan.eu\/wp-content\/uploads\/2025\/05\/2025_DM01-1536x1152.jpg 1536w, https:\/\/kobudo-tesshinkan.eu\/wp-content\/uploads\/2025\/05\/2025_DM01-2048x1536.jpg 2048w\" sizes=\"(max-width: 2560px) 100vw, 2560px\" \/>\n\t\t\t\t\t\t<\/a>\n\t\t\t\t\t<\/div>\n\t\t\t<div class=\"entry-summary\" itemprop=\"text\">\n\t\t\t\t\t\t\t<\/div>\n\n\t\t\t<\/div>\n<\/article>\n<article id=\"post-7380\" class=\"post-7380 post type-post status-publish format-standard has-post-thumbnail hentry category-report-en\" itemtype=\"https:\/\/schema.org\/CreativeWork\" itemscope>\n\t<div class=\"inside-article\">\n\t\t\t\t\t<header class=\"entry-header\">\n\t\t\t\t<h2 class=\"entry-title\" itemprop=\"headline\"><a href=\"https:\/\/kobudo-tesshinkan.eu\/index.php\/en\/seminars-in-russia-from-april-13-20-2025\/\" rel=\"bookmark\">Seminars in Russia from April 13-20, 2025<\/a><\/h2>\t\t\t<\/header>\n\t\t\t<div class=\"post-image\">\n\t\t\t\t\t\t\n\t\t\t\t\t\t<a href=\"https:\/\/kobudo-tesshinkan.eu\/index.php\/en\/seminars-in-russia-from-april-13-20-2025\/\">\n\t\t\t\t\t\t\t<img loading=\"lazy\" decoding=\"async\" width=\"886\" height=\"665\" src=\"https:\/\/kobudo-tesshinkan.eu\/wp-content\/uploads\/2025\/05\/Jurga_3.jpg\" class=\"attachment-full size-full wp-post-image\" alt=\"\" itemprop=\"image\" srcset=\"https:\/\/kobudo-tesshinkan.eu\/wp-content\/uploads\/2025\/05\/Jurga_3.jpg 886w, https:\/\/kobudo-tesshinkan.eu\/wp-content\/uploads\/2025\/05\/Jurga_3-300x225.jpg 300w, https:\/\/kobudo-tesshinkan.eu\/wp-content\/uploads\/2025\/05\/Jurga_3-768x576.jpg 768w\" sizes=\"(max-width: 886px) 100vw, 886px\" \/>\n\t\t\t\t\t\t<\/a>\n\t\t\t\t\t<\/div>\n\t\t\t<div class=\"entry-summary\" itemprop=\"text\">\n\t\t\t\t<p>This year&#8217;s seminar series in Russia with the Shibu-Ch\u014d of Europe, Frank Pelny Shihan, began in Kaliningrad. The training sessions with B\u014d, Sai and Nunchaku were good preparation for the three candidates (2x 1st Dan, 1x 2nd Dan), who then successfully passed their exams. Pavel Dolgachev Sensei had once again organized everything well, and the &#8230; <a title=\"Seminars in Russia from April 13-20, 2025\" class=\"read-more\" href=\"https:\/\/kobudo-tesshinkan.eu\/index.php\/en\/seminars-in-russia-from-april-13-20-2025\/\" aria-label=\"Mehr Informationen \u00fcber Seminars in Russia from April 13-20, 2025\">Weiterlesen<\/a><\/p>\n\t\t\t<\/div>\n\n\t\t\t<\/div>\n<\/article>\n<article id=\"post-7152\" class=\"post-7152 post type-post status-publish format-standard has-post-thumbnail hentry category-report-en\" itemtype=\"https:\/\/schema.org\/CreativeWork\" itemscope>\n\t<div class=\"inside-article\">\n\t\t\t\t\t<header class=\"entry-header\">\n\t\t\t\t<h2 class=\"entry-title\" itemprop=\"headline\"><a href=\"https:\/\/kobudo-tesshinkan.eu\/index.php\/en\/25-years-tesshinkan-association-and-okinawa-traditional-kobudo-world-tournament-2024\/\" rel=\"bookmark\">* 25 years Tesshinkan association and Okinawa Traditional Kobud\u014d World Tournament 2024 *<\/a><\/h2>\t\t\t<\/header>\n\t\t\t<div class=\"post-image\">\n\t\t\t\t\t\t\n\t\t\t\t\t\t<a href=\"https:\/\/kobudo-tesshinkan.eu\/index.php\/en\/25-years-tesshinkan-association-and-okinawa-traditional-kobudo-world-tournament-2024\/\">\n\t\t\t\t\t\t\t<img loading=\"lazy\" decoding=\"async\" width=\"1633\" height=\"686\" src=\"https:\/\/kobudo-tesshinkan.eu\/wp-content\/uploads\/2024\/09\/IMG_2681.jpg\" class=\"attachment-full size-full wp-post-image\" alt=\"\" itemprop=\"image\" srcset=\"https:\/\/kobudo-tesshinkan.eu\/wp-content\/uploads\/2024\/09\/IMG_2681.jpg 1633w, https:\/\/kobudo-tesshinkan.eu\/wp-content\/uploads\/2024\/09\/IMG_2681-300x126.jpg 300w, https:\/\/kobudo-tesshinkan.eu\/wp-content\/uploads\/2024\/09\/IMG_2681-1024x430.jpg 1024w, https:\/\/kobudo-tesshinkan.eu\/wp-content\/uploads\/2024\/09\/IMG_2681-768x323.jpg 768w, https:\/\/kobudo-tesshinkan.eu\/wp-content\/uploads\/2024\/09\/IMG_2681-1536x645.jpg 1536w\" sizes=\"(max-width: 1633px) 100vw, 1633px\" \/>\n\t\t\t\t\t\t<\/a>\n\t\t\t\t\t<\/div>\n\t\t\t<div class=\"entry-summary\" itemprop=\"text\">\n\t\t\t\t<p>26th July &#8211; 8th August 2024Naha \/ Okinawa \/ Japan The European group gathered 21 members from Germany and Russia that had a busy schedule on the 12 days on their Okinawa stay.&nbsp; Already on the first day the group went for sightseeing: the kings palace Shurijo-Castle, the mausoleum of the king Tama-Udun, the stone &#8230; <a title=\"* 25 years Tesshinkan association and Okinawa Traditional Kobud\u014d World Tournament 2024 *\" class=\"read-more\" href=\"https:\/\/kobudo-tesshinkan.eu\/index.php\/en\/25-years-tesshinkan-association-and-okinawa-traditional-kobudo-world-tournament-2024\/\" aria-label=\"Mehr Informationen \u00fcber * 25 years Tesshinkan association and Okinawa Traditional Kobud\u014d World Tournament 2024 *\">Weiterlesen<\/a><\/p>\n\t\t\t<\/div>\n\n\t\t\t<\/div>\n<\/article>\n<article id=\"post-7090\" class=\"post-7090 post type-post status-publish format-standard has-post-thumbnail hentry category-report-en\" itemtype=\"https:\/\/schema.org\/CreativeWork\" itemscope>\n\t<div class=\"inside-article\">\n\t\t\t\t\t<header class=\"entry-header\">\n\t\t\t\t<h2 class=\"entry-title\" itemprop=\"headline\"><a href=\"https:\/\/kobudo-tesshinkan.eu\/index.php\/en\/europe-gasshuku\/\" rel=\"bookmark\">Europe-Gasshuku<\/a><\/h2>\t\t\t<\/header>\n\t\t\t<div class=\"post-image\">\n\t\t\t\t\t\t\n\t\t\t\t\t\t<a href=\"https:\/\/kobudo-tesshinkan.eu\/index.php\/en\/europe-gasshuku\/\">\n\t\t\t\t\t\t\t<img loading=\"lazy\" decoding=\"async\" width=\"1181\" height=\"886\" src=\"https:\/\/kobudo-tesshinkan.eu\/wp-content\/uploads\/2024\/07\/image10.jpeg\" class=\"attachment-full size-full wp-post-image\" alt=\"\" itemprop=\"image\" srcset=\"https:\/\/kobudo-tesshinkan.eu\/wp-content\/uploads\/2024\/07\/image10.jpeg 1181w, https:\/\/kobudo-tesshinkan.eu\/wp-content\/uploads\/2024\/07\/image10-300x225.jpeg 300w, https:\/\/kobudo-tesshinkan.eu\/wp-content\/uploads\/2024\/07\/image10-1024x768.jpeg 1024w, https:\/\/kobudo-tesshinkan.eu\/wp-content\/uploads\/2024\/07\/image10-768x576.jpeg 768w\" sizes=\"(max-width: 1181px) 100vw, 1181px\" \/>\n\t\t\t\t\t\t<\/a>\n\t\t\t\t\t<\/div>\n\t\t\t<div class=\"entry-summary\" itemprop=\"text\">\n\t\t\t\t<p>4th &#8211; \u00a07th July 2024 \/\/ 44 participants from eight German federal states, three guests from Poland and of course Tamayose Hidemi Sensei (10th Dan) with his wife Masako-san from Okinawa traveled to Nordhausen in Thuringia to spend four days intensively learning the intricacies of the Ry\u016bky\u016b Kobud\u014d Tesshinkan. In addition to the content from &#8230; <a title=\"Europe-Gasshuku\" class=\"read-more\" href=\"https:\/\/kobudo-tesshinkan.eu\/index.php\/en\/europe-gasshuku\/\" aria-label=\"Mehr Informationen \u00fcber Europe-Gasshuku\">Weiterlesen<\/a><\/p>\n\t\t\t<\/div>\n\n\t\t\t<\/div>\n<\/article>\n<article id=\"post-7005\" class=\"post-7005 post type-post status-publish format-standard has-post-thumbnail hentry category-report-en\" itemtype=\"https:\/\/schema.org\/CreativeWork\" itemscope>\n\t<div class=\"inside-article\">\n\t\t\t\t\t<header class=\"entry-header\">\n\t\t\t\t<h2 class=\"entry-title\" itemprop=\"headline\"><a href=\"https:\/\/kobudo-tesshinkan.eu\/index.php\/en\/easter-seminars-in-russia\/\" rel=\"bookmark\">Easter seminars in Russia<\/a><\/h2>\t\t\t<\/header>\n\t\t\t<div class=\"post-image\">\n\t\t\t\t\t\t\n\t\t\t\t\t\t<a href=\"https:\/\/kobudo-tesshinkan.eu\/index.php\/en\/easter-seminars-in-russia\/\">\n\t\t\t\t\t\t\t<img loading=\"lazy\" decoding=\"async\" width=\"1044\" height=\"522\" src=\"https:\/\/kobudo-tesshinkan.eu\/wp-content\/uploads\/2024\/04\/Titel_Tomsk_2.jpg\" class=\"attachment-full size-full wp-post-image\" alt=\"\" itemprop=\"image\" srcset=\"https:\/\/kobudo-tesshinkan.eu\/wp-content\/uploads\/2024\/04\/Titel_Tomsk_2.jpg 1044w, https:\/\/kobudo-tesshinkan.eu\/wp-content\/uploads\/2024\/04\/Titel_Tomsk_2-300x150.jpg 300w, https:\/\/kobudo-tesshinkan.eu\/wp-content\/uploads\/2024\/04\/Titel_Tomsk_2-1024x512.jpg 1024w, https:\/\/kobudo-tesshinkan.eu\/wp-content\/uploads\/2024\/04\/Titel_Tomsk_2-768x384.jpg 768w\" sizes=\"(max-width: 1044px) 100vw, 1044px\" \/>\n\t\t\t\t\t\t<\/a>\n\t\t\t\t\t<\/div>\n\t\t\t<div class=\"entry-summary\" itemprop=\"text\">\n\t\t\t\t<p>28th March &#8211; 9th April 2024&nbsp;\/\/ Tomsk &#8211; Jurga &#8211; Kaliningrad Pelny Sensei&#8217;s annual seminars in Russia took place over Easter this year. After initial concerns due to the current tense political situation and the associated very difficult journey via Istanbul, he nevertheless accepted the invitation. He was greeted with warm hospitality on site. This &#8230; <a title=\"Easter seminars in Russia\" class=\"read-more\" href=\"https:\/\/kobudo-tesshinkan.eu\/index.php\/en\/easter-seminars-in-russia\/\" aria-label=\"Mehr Informationen \u00fcber Easter seminars in Russia\">Weiterlesen<\/a><\/p>\n\t\t\t<\/div>\n\n\t\t\t<\/div>\n<\/article>\n<article id=\"post-6904\" class=\"post-6904 post type-post status-publish format-standard has-post-thumbnail hentry category-report-en\" itemtype=\"https:\/\/schema.org\/CreativeWork\" itemscope>\n\t<div class=\"inside-article\">\n\t\t\t\t\t<header class=\"entry-header\">\n\t\t\t\t<h2 class=\"entry-title\" itemprop=\"headline\"><a href=\"https:\/\/kobudo-tesshinkan.eu\/index.php\/en\/6th-tesshinkan-seminar-in-woronesch-rus\/\" rel=\"bookmark\">6th Tesshinkan Seminar in Woronesch (RUS)<\/a><\/h2>\t\t\t<\/header>\n\t\t\t<div class=\"post-image\">\n\t\t\t\t\t\t\n\t\t\t\t\t\t<a href=\"https:\/\/kobudo-tesshinkan.eu\/index.php\/en\/6th-tesshinkan-seminar-in-woronesch-rus\/\">\n\t\t\t\t\t\t\t<img loading=\"lazy\" decoding=\"async\" width=\"886\" height=\"665\" src=\"https:\/\/kobudo-tesshinkan.eu\/wp-content\/uploads\/2023\/11\/4.jpg\" class=\"attachment-full size-full wp-post-image\" alt=\"\" itemprop=\"image\" srcset=\"https:\/\/kobudo-tesshinkan.eu\/wp-content\/uploads\/2023\/11\/4.jpg 886w, https:\/\/kobudo-tesshinkan.eu\/wp-content\/uploads\/2023\/11\/4-300x225.jpg 300w, https:\/\/kobudo-tesshinkan.eu\/wp-content\/uploads\/2023\/11\/4-768x576.jpg 768w\" sizes=\"(max-width: 886px) 100vw, 886px\" \/>\n\t\t\t\t\t\t<\/a>\n\t\t\t\t\t<\/div>\n\t\t\t<div class=\"entry-summary\" itemprop=\"text\">\n\t\t\t\t<p>October, 12 &#8211; 14 2023 28 participants from eight d\u014dj\u014d (Semiluki, Voronezh region, Moscow, Moscow region, Orel \/ Livny, Sevastopol, Yurga, Nordhausen \/ GER) met in Semiluki near Voronezh for a joint training.&nbsp; The seminar was organized by Evgenii Kiselev Sensei. Frank Pelny Shihan traveled from Germany as the course leader and as the Shibu-Ch\u014d &#8230; <a title=\"6th Tesshinkan Seminar in Woronesch (RUS)\" class=\"read-more\" href=\"https:\/\/kobudo-tesshinkan.eu\/index.php\/en\/6th-tesshinkan-seminar-in-woronesch-rus\/\" aria-label=\"Mehr Informationen \u00fcber 6th Tesshinkan Seminar in Woronesch (RUS)\">Weiterlesen<\/a><\/p>\n\t\t\t<\/div>\n\n\t\t\t<\/div>\n<\/article>\n<article id=\"post-6836\" class=\"post-6836 post type-post status-publish format-standard has-post-thumbnail hentry category-report-en\" itemtype=\"https:\/\/schema.org\/CreativeWork\" itemscope>\n\t<div class=\"inside-article\">\n\t\t\t\t\t<header class=\"entry-header\">\n\t\t\t\t<h2 class=\"entry-title\" itemprop=\"headline\"><a href=\"https:\/\/kobudo-tesshinkan.eu\/index.php\/en\/europe-natsu-gasshuku-on-27-30-july-2023-in-nordhausen-germany\/\" rel=\"bookmark\">Europe-Natsu-Gasshuku, 27. &#8211; 30. July 2023 in Nordhausen \/ Germany<\/a><\/h2>\t\t\t<\/header>\n\t\t\t<div class=\"post-image\">\n\t\t\t\t\t\t\n\t\t\t\t\t\t<a href=\"https:\/\/kobudo-tesshinkan.eu\/index.php\/en\/europe-natsu-gasshuku-on-27-30-july-2023-in-nordhausen-germany\/\">\n\t\t\t\t\t\t\t<img loading=\"lazy\" decoding=\"async\" width=\"1181\" height=\"886\" src=\"https:\/\/kobudo-tesshinkan.eu\/wp-content\/uploads\/2023\/08\/Titel.jpg\" class=\"attachment-full size-full wp-post-image\" alt=\"\" itemprop=\"image\" srcset=\"https:\/\/kobudo-tesshinkan.eu\/wp-content\/uploads\/2023\/08\/Titel.jpg 1181w, https:\/\/kobudo-tesshinkan.eu\/wp-content\/uploads\/2023\/08\/Titel-300x225.jpg 300w, https:\/\/kobudo-tesshinkan.eu\/wp-content\/uploads\/2023\/08\/Titel-1024x768.jpg 1024w, https:\/\/kobudo-tesshinkan.eu\/wp-content\/uploads\/2023\/08\/Titel-768x576.jpg 768w\" sizes=\"(max-width: 1181px) 100vw, 1181px\" \/>\n\t\t\t\t\t\t<\/a>\n\t\t\t\t\t<\/div>\n\t\t\t<div class=\"entry-summary\" itemprop=\"text\">\n\t\t\t\t<p>54 participants from 5 nations (Algeria, Austria, Poland, Japan, Germany) completed 16 intensive training units in 4 days. Tamayose Hidemi Kaich\u00f4 came all the way from Okinawa and impressed with his open and warm nature as well as many technical details in the training. Five Dan exams could be passed: * 5. Dan:&nbsp;&nbsp;&nbsp;&nbsp;&nbsp;&nbsp; Pierre Lorenz&nbsp;&nbsp;&nbsp;&nbsp;&nbsp;&nbsp;&nbsp;&nbsp;&nbsp; &#8230; <a title=\"Europe-Natsu-Gasshuku, 27. &#8211; 30. July 2023 in Nordhausen \/ Germany\" class=\"read-more\" href=\"https:\/\/kobudo-tesshinkan.eu\/index.php\/en\/europe-natsu-gasshuku-on-27-30-july-2023-in-nordhausen-germany\/\" aria-label=\"Mehr Informationen \u00fcber Europe-Natsu-Gasshuku, 27. &#8211; 30. July 2023 in Nordhausen \/ Germany\">Weiterlesen<\/a><\/p>\n\t\t\t<\/div>\n\n\t\t\t<\/div>\n<\/article>\n<article id=\"post-6686\" class=\"post-6686 post type-post status-publish format-standard hentry category-report-en\" itemtype=\"https:\/\/schema.org\/CreativeWork\" itemscope>\n\t<div class=\"inside-article\">\n\t\t\t\t\t<header class=\"entry-header\">\n\t\t\t\t<h2 class=\"entry-title\" itemprop=\"headline\"><a href=\"https:\/\/kobudo-tesshinkan.eu\/index.php\/en\/ryukyu-kobudo-tesshinkan-beginner-course-in-penzberg\/\" rel=\"bookmark\">Ry\u00fbky\u00fb Kobud\u00f4 Tesshinkan beginner course in Penzberg<\/a><\/h2>\t\t\t<\/header>\n\t\t\t\n\t\t\t<div class=\"entry-summary\" itemprop=\"text\">\n\t\t\t\t<p>On February 18th, despite carnival and the winter holidays, committed karateka met to get a taste of the old weapon art of Kobudo. Sebastian Edelmann could be won as a coach. Sebastian trains karate and kobudo since many years and last year he placed 3rd in the Sai Adult category at the World Tournament in &#8230; <a title=\"Ry\u00fbky\u00fb Kobud\u00f4 Tesshinkan beginner course in Penzberg\" class=\"read-more\" href=\"https:\/\/kobudo-tesshinkan.eu\/index.php\/en\/ryukyu-kobudo-tesshinkan-beginner-course-in-penzberg\/\" aria-label=\"Mehr Informationen \u00fcber Ry\u00fbky\u00fb Kobud\u00f4 Tesshinkan beginner course in Penzberg\">Weiterlesen<\/a><\/p>\n\t\t\t<\/div>\n\n\t\t\t<\/div>\n<\/article>\n<\/div><\/div><\/div><div id=\"pg-151-1\"  class=\"panel-grid panel-no-style\" ><div id=\"pgc-151-1-0\"  class=\"panel-grid-cell\" ><div id=\"panel-151-1-0-0\" class=\"widget_text so-panel widget widget_custom_html panel-first-child panel-last-child\" data-index=\"1\" ><div class=\"textwidget custom-html-widget\"><a href=\"https:\/\/kobudo-tesshinkan.eu\/index.php\/en\/dates_reports\/reports\/reports-archive\/\"> Archive with all reports<\/a><\/div><\/div><\/div><\/div><\/div>","protected":false},"excerpt":{"rendered":"","protected":false},"author":1,"featured_media":0,"parent":141,"menu_order":0,"comment_status":"closed","ping_status":"closed","template":"","meta":{"footnotes":""},"_links":{"self":[{"href":"https:\/\/kobudo-tesshinkan.eu\/index.php\/wp-json\/wp\/v2\/pages\/151"}],"collection":[{"href":"https:\/\/kobudo-tesshinkan.eu\/index.php\/wp-json\/wp\/v2\/pages"}],"about":[{"href":"https:\/\/kobudo-tesshinkan.eu\/index.php\/wp-json\/wp\/v2\/types\/page"}],"author":[{"embeddable":true,"href":"https:\/\/kobudo-tesshinkan.eu\/index.php\/wp-json\/wp\/v2\/users\/1"}],"replies":[{"embeddable":true,"href":"https:\/\/kobudo-tesshinkan.eu\/index.php\/wp-json\/wp\/v2\/comments?post=151"}],"version-history":[{"count":15,"href":"https:\/\/kobudo-tesshinkan.eu\/index.php\/wp-json\/wp\/v2\/pages\/151\/revisions"}],"predecessor-version":[{"id":2100,"href":"https:\/\/kobudo-tesshinkan.eu\/index.php\/wp-json\/wp\/v2\/pages\/151\/revisions\/2100"}],"up":[{"embeddable":true,"href":"https:\/\/kobudo-tesshinkan.eu\/index.php\/wp-json\/wp\/v2\/pages\/141"}],"wp:attachment":[{"href":"https:\/\/kobudo-tesshinkan.eu\/index.php\/wp-json\/wp\/v2\/media?parent=151"}],"curies":[{"name":"wp","href":"https:\/\/api.w.org\/{rel}","templated":true}]}}