{"id":1462,"date":"2017-07-10T21:32:52","date_gmt":"2017-07-10T19:32:52","guid":{"rendered":"http:\/\/tesshinkan.ddns.net\/tesshinkan-wp\/?page_id=1462"},"modified":"2017-07-10T21:34:15","modified_gmt":"2017-07-10T19:34:15","slug":"tesshinkan-patch","status":"publish","type":"page","link":"https:\/\/kobudo-tesshinkan.eu\/index.php\/en\/more\/shop\/other\/tesshinkan-patch\/","title":{"rendered":"Tesshinkan patch"},"content":{"rendered":"<p><a href=\"https:\/\/kobudo-tesshinkan.eu\/wp-content\/uploads\/2016\/03\/tesshinkan-logo2.gif\"><img loading=\"lazy\" decoding=\"async\" class=\"alignright wp-image-251\" src=\"https:\/\/kobudo-tesshinkan.eu\/wp-content\/uploads\/2016\/03\/tesshinkan-logo2.gif\" width=\"140\" height=\"140\" \/><\/a>RY\u00dbKY\u00db KOBUD\u00d4 TESSHINKAN\u00a0 by SHUREIDO from Okinawa<\/p>\n<ul>\n<li>diameter 10 cm<\/li>\n<li>red \/ white \/ black<\/li>\n<li>Euro 15,00 per piece + shipping<\/li>\n<\/ul>\n<p>&nbsp;<\/p>\n","protected":false},"excerpt":{"rendered":"<p>RY\u00dbKY\u00db KOBUD\u00d4 TESSHINKAN\u00a0 by SHUREIDO from Okinawa diameter 10 cm red \/ white \/ black Euro 15,00 per piece + shipping &nbsp;<\/p>\n","protected":false},"author":1,"featured_media":0,"parent":1444,"menu_order":2,"comment_status":"closed","ping_status":"closed","template":"","meta":{"footnotes":""},"_links":{"self":[{"href":"https:\/\/kobudo-tesshinkan.eu\/index.php\/wp-json\/wp\/v2\/pages\/1462"}],"collection":[{"href":"https:\/\/kobudo-tesshinkan.eu\/index.php\/wp-json\/wp\/v2\/pages"}],"about":[{"href":"https:\/\/kobudo-tesshinkan.eu\/index.php\/wp-json\/wp\/v2\/types\/page"}],"author":[{"embeddable":true,"href":"https:\/\/kobudo-tesshinkan.eu\/index.php\/wp-json\/wp\/v2\/users\/1"}],"replies":[{"embeddable":true,"href":"https:\/\/kobudo-tesshinkan.eu\/index.php\/wp-json\/wp\/v2\/comments?post=1462"}],"version-history":[{"count":3,"href":"https:\/\/kobudo-tesshinkan.eu\/index.php\/wp-json\/wp\/v2\/pages\/1462\/revisions"}],"predecessor-version":[{"id":1465,"href":"https:\/\/kobudo-tesshinkan.eu\/index.php\/wp-json\/wp\/v2\/pages\/1462\/revisions\/1465"}],"up":[{"embeddable":true,"href":"https:\/\/kobudo-tesshinkan.eu\/index.php\/wp-json\/wp\/v2\/pages\/1444"}],"wp:attachment":[{"href":"https:\/\/kobudo-tesshinkan.eu\/index.php\/wp-json\/wp\/v2\/media?parent=1462"}],"curies":[{"name":"wp","href":"https:\/\/api.w.org\/{rel}","templated":true}]}}