{"id":1447,"date":"2017-07-10T21:23:10","date_gmt":"2017-07-10T19:23:10","guid":{"rendered":"http:\/\/tesshinkan.ddns.net\/tesshinkan-wp\/?page_id=1447"},"modified":"2017-07-10T21:28:56","modified_gmt":"2017-07-10T19:28:56","slug":"graphic-teaching-aids","status":"publish","type":"page","link":"https:\/\/kobudo-tesshinkan.eu\/index.php\/en\/more\/shop\/other\/graphic-teaching-aids\/","title":{"rendered":"Graphic teaching aids"},"content":{"rendered":"<h2 align=\"center\">Techniques and KATA of RY\u00dbKY\u00db KOBUD\u00d4 TESSHINKAN<\/h2>\n<div align=\"justify\"><img loading=\"lazy\" decoding=\"async\" class=\"alignright\" src=\"https:\/\/kobudo-tesshinkan.eu\/wp-content\/uploads\/2017\/05\/Lehrtafel-BO-Kihon.gif\" alt=\"\" width=\"162\" height=\"227\" \/><img loading=\"lazy\" decoding=\"async\" class=\"alignleft\" src=\"https:\/\/kobudo-tesshinkan.eu\/wp-content\/uploads\/2017\/05\/Lehrtafel-SAI-Kihon.gif\" alt=\"\" width=\"227\" height=\"162\" \/>For the first time techniques and sequences of movements of the RY\u00dbKY\u00db KOBUD\u00d4 TESSHINKAN school have been documented and released to the public. This style, founded by the &#8222;father&#8220; of modern KOBUD\u00d4 TAIRA SHINKEN (1897-1970), was inherited by AKAMINE EISUKE (1925-1999). One of his highest-ranked students is TAMAYOSE HIDEMI (born in 1949), who is the chief (KAICH\u00d4) of the TESSHINKAN KY\u00d4 KAI now and the teacher of Frank Pelny. The teaching plates are proofread by TAMAYOSE SHIHAN and they content the know-how of this unique weapon fighting style from Okinawa.<\/div>\n<h3 align=\"justify\">available teaching aids:<\/h3>\n<ul>\n<li>B\u00d4-NO-KIHON<\/li>\n<li>TEKK\u00d4-NO-KIHON<\/li>\n<li>NUNCHAKU-NO-KIHON<\/li>\n<li>SAI-NO-KIHON<\/li>\n<li>B\u00d4-KATA SH\u00dbSHI-NO-KUN (SH\u00d4)<\/li>\n<li>YAKUSOKU KUMITE: B\u00d4-TAI-SAI<\/li>\n<li>TESSHINKAN KEITOZU (Stammbaum)<\/li>\n<\/ul>\n<div align=\"center\"><strong>A3 size<br \/>\ndurable + laminated<br \/>\nprice: EURO\u00a0\u00a010,00 per piece\u00a0 + shipping <\/strong><\/div>\n<p>&nbsp;<\/p>\n","protected":false},"excerpt":{"rendered":"<p>Techniques and KATA of RY\u00dbKY\u00db KOBUD\u00d4 TESSHINKAN For the first time techniques and sequences of movements of the RY\u00dbKY\u00db KOBUD\u00d4 TESSHINKAN school have been documented and released to the public. This style, founded by the &#8222;father&#8220; of modern KOBUD\u00d4 TAIRA SHINKEN (1897-1970), was inherited by AKAMINE EISUKE (1925-1999). One of his highest-ranked students is TAMAYOSE &#8230; <a title=\"Graphic teaching aids\" class=\"read-more\" href=\"https:\/\/kobudo-tesshinkan.eu\/index.php\/en\/more\/shop\/other\/graphic-teaching-aids\/\" aria-label=\"Mehr Informationen \u00fcber Graphic teaching aids\">Weiterlesen<\/a><\/p>\n","protected":false},"author":1,"featured_media":0,"parent":1444,"menu_order":1,"comment_status":"closed","ping_status":"closed","template":"","meta":{"footnotes":""},"_links":{"self":[{"href":"https:\/\/kobudo-tesshinkan.eu\/index.php\/wp-json\/wp\/v2\/pages\/1447"}],"collection":[{"href":"https:\/\/kobudo-tesshinkan.eu\/index.php\/wp-json\/wp\/v2\/pages"}],"about":[{"href":"https:\/\/kobudo-tesshinkan.eu\/index.php\/wp-json\/wp\/v2\/types\/page"}],"author":[{"embeddable":true,"href":"https:\/\/kobudo-tesshinkan.eu\/index.php\/wp-json\/wp\/v2\/users\/1"}],"replies":[{"embeddable":true,"href":"https:\/\/kobudo-tesshinkan.eu\/index.php\/wp-json\/wp\/v2\/comments?post=1447"}],"version-history":[{"count":7,"href":"https:\/\/kobudo-tesshinkan.eu\/index.php\/wp-json\/wp\/v2\/pages\/1447\/revisions"}],"predecessor-version":[{"id":1456,"href":"https:\/\/kobudo-tesshinkan.eu\/index.php\/wp-json\/wp\/v2\/pages\/1447\/revisions\/1456"}],"up":[{"embeddable":true,"href":"https:\/\/kobudo-tesshinkan.eu\/index.php\/wp-json\/wp\/v2\/pages\/1444"}],"wp:attachment":[{"href":"https:\/\/kobudo-tesshinkan.eu\/index.php\/wp-json\/wp\/v2\/media?parent=1447"}],"curies":[{"name":"wp","href":"https:\/\/api.w.org\/{rel}","templated":true}]}}