{"id":1442,"date":"2017-07-10T21:20:56","date_gmt":"2017-07-10T19:20:56","guid":{"rendered":"http:\/\/tesshinkan.ddns.net\/tesshinkan-wp\/?page_id=1442"},"modified":"2022-06-21T08:23:45","modified_gmt":"2022-06-21T06:23:45","slug":"tekko-replacement","status":"publish","type":"page","link":"https:\/\/kobudo-tesshinkan.eu\/index.php\/en\/more\/shop\/weapons\/tekko-replacement\/","title":{"rendered":"TEKKO substitute"},"content":{"rendered":"<ul>\n<li><img loading=\"lazy\" decoding=\"async\" class=\"alignright wp-image-1353 size-medium\" src=\"https:\/\/kobudo-tesshinkan.eu\/wp-content\/uploads\/2017\/05\/Tekko_Ersatz-300x289.png\" alt=\"\" width=\"300\" height=\"289\" srcset=\"https:\/\/kobudo-tesshinkan.eu\/wp-content\/uploads\/2017\/05\/Tekko_Ersatz-300x289.png 300w, https:\/\/kobudo-tesshinkan.eu\/wp-content\/uploads\/2017\/05\/Tekko_Ersatz-400x386.png 400w, https:\/\/kobudo-tesshinkan.eu\/wp-content\/uploads\/2017\/05\/Tekko_Ersatz-1024x987.png 1024w, https:\/\/kobudo-tesshinkan.eu\/wp-content\/uploads\/2017\/05\/Tekko_Ersatz.png 1400w\" sizes=\"(max-width: 300px) 100vw, 300px\" \/>2&#215;500 gram dumbbels<\/li>\n<li>weight, form und size corresponds to approximately real TEKK\u00d4<\/li>\n<li>admitted for TEKK\u00d4-presentations on tournaments and championships of the RY\u00dbKY\u00db KOBUD\u00d4 TESSHINKAN KY\u00d4 KAI &#8211; Europe<\/li>\n<li>Euro 15,00 \/ Set + shipment<\/li>\n<\/ul>\n","protected":false},"excerpt":{"rendered":"<p>2&#215;500 gram dumbbels weight, form und size corresponds to approximately real TEKK\u00d4 admitted for TEKK\u00d4-presentations on tournaments and championships of the RY\u00dbKY\u00db KOBUD\u00d4 TESSHINKAN KY\u00d4 KAI &#8211; Europe Euro 15,00 \/ Set + shipment<\/p>\n","protected":false},"author":1,"featured_media":0,"parent":1342,"menu_order":3,"comment_status":"closed","ping_status":"closed","template":"","meta":{"footnotes":""},"_links":{"self":[{"href":"https:\/\/kobudo-tesshinkan.eu\/index.php\/wp-json\/wp\/v2\/pages\/1442"}],"collection":[{"href":"https:\/\/kobudo-tesshinkan.eu\/index.php\/wp-json\/wp\/v2\/pages"}],"about":[{"href":"https:\/\/kobudo-tesshinkan.eu\/index.php\/wp-json\/wp\/v2\/types\/page"}],"author":[{"embeddable":true,"href":"https:\/\/kobudo-tesshinkan.eu\/index.php\/wp-json\/wp\/v2\/users\/1"}],"replies":[{"embeddable":true,"href":"https:\/\/kobudo-tesshinkan.eu\/index.php\/wp-json\/wp\/v2\/comments?post=1442"}],"version-history":[{"count":4,"href":"https:\/\/kobudo-tesshinkan.eu\/index.php\/wp-json\/wp\/v2\/pages\/1442\/revisions"}],"predecessor-version":[{"id":6306,"href":"https:\/\/kobudo-tesshinkan.eu\/index.php\/wp-json\/wp\/v2\/pages\/1442\/revisions\/6306"}],"up":[{"embeddable":true,"href":"https:\/\/kobudo-tesshinkan.eu\/index.php\/wp-json\/wp\/v2\/pages\/1342"}],"wp:attachment":[{"href":"https:\/\/kobudo-tesshinkan.eu\/index.php\/wp-json\/wp\/v2\/media?parent=1442"}],"curies":[{"name":"wp","href":"https:\/\/api.w.org\/{rel}","templated":true}]}}