{"id":1361,"date":"2017-05-07T15:11:51","date_gmt":"2017-05-07T13:11:51","guid":{"rendered":"http:\/\/tesshinkan.ddns.net\/tesshinkan-wp\/?page_id=1361"},"modified":"2018-11-26T20:45:22","modified_gmt":"2018-11-26T19:45:22","slug":"lehrtafeln","status":"publish","type":"page","link":"https:\/\/kobudo-tesshinkan.eu\/index.php\/de\/shop\/sonstiges-2\/lehrtafeln\/","title":{"rendered":"Lehrtafeln"},"content":{"rendered":"\n<h2 class=\"wp-block-heading\">Techniken und KATA des RY\u00dbKY\u00db KOBUD\u00d4 TESSHINKAN<\/h2>\n\n\n\n<div style=\"text-align: left;\" align=\"justify\">\n<figure><img loading=\"lazy\" decoding=\"async\" class=\"alignright wp-image-1362 size-full\" src=\"https:\/\/kobudo-tesshinkan.eu\/wp-content\/uploads\/2017\/05\/Lehrtafel-BO-Kihon.gif\" alt=\"\" width=\"162\" height=\"227\"><\/figure><p><\/p>\n<h3 align=\"justify\"><figure><img loading=\"lazy\" decoding=\"async\" class=\"size-full wp-image-1363 alignleft\" src=\"https:\/\/kobudo-tesshinkan.eu\/wp-content\/uploads\/2017\/05\/Lehrtafel-SAI-Kihon.gif\" alt=\"\" width=\"227\" height=\"162\"><\/figure><\/h3>\n<p>Erstmalig werden Techniken und Bewegungsfolgen des Stils RY\u00dbKY\u00db KOBUD\u00d4 TESSHINKAN dokumentiert und der Welt\u00f6ffentlichkeit vorgestellt. Dieser Stil, gegr\u00fcndet vom &#8222;Vater&#8220; des modernen KOBUD\u00d4, TAIRA SHINKEN (1897-1970), wurde direkt an AKAMINE EISUKE (1925-1999) vererbt. Einer seiner h\u00f6chstgraduiertesten Sch\u00fcler ist TAMAYOSE HIDEMI (1949-), das heutige Stiloberhaupt (KAICH\u00d4) des TESSHINKAN KY\u00d4KAI und Lehrer von Frank Pelny. Die Lehrtafeln wurden von TAMAYOSE SHIHAN pers\u00f6nlich korrigiert und vermitteln das einzigartige Know-how dieses traditionellen Waffenkampfstils von Okinawa.<\/p>\n<\/div>\n\n\n\n<h3 class=\"wp-block-heading\">Verf\u00fcgbare Lehrtafeln:<\/h3>\n\n\n\n<ul><li style=\"text-align: left;\">B\u00d4-NO-KIHON<\/li><li style=\"text-align: left;\">TEKK\u00d4-NO-KIHON<\/li><li style=\"text-align: left;\">NUNCHAKU-NO-KIHON<\/li><li style=\"text-align: left;\">SAI-NO-KIHON<\/li><li style=\"text-align: left;\">B\u00d4-KATA SH\u00dbSHI-NO-KUN (SH\u00d4)<\/li><li style=\"text-align: left;\">YAKUSOKU KUMITE: B\u00d4-TAI-SAI<\/li><li style=\"text-align: left;\">TESSHINKAN KEITOZU (Stammbaum)<\/li><\/ul>\n\n\n\n<div style=\"text-align: left;\" align=\"center\"><strong>A3 Format<\/strong><br><strong>haltbar laminiert<\/strong><br><strong>Preis: EURO 10,00 pro St\u00fcck zuz\u00fcglich Versand<\/strong><\/div>\n","protected":false},"excerpt":{"rendered":"<p>Techniken und KATA des RY\u00dbKY\u00db KOBUD\u00d4 TESSHINKAN Erstmalig werden Techniken und Bewegungsfolgen des Stils RY\u00dbKY\u00db KOBUD\u00d4 TESSHINKAN dokumentiert und der Welt\u00f6ffentlichkeit vorgestellt. Dieser Stil, gegr\u00fcndet vom &#8222;Vater&#8220; des modernen KOBUD\u00d4, TAIRA SHINKEN (1897-1970), wurde direkt an AKAMINE EISUKE (1925-1999) vererbt. Einer seiner h\u00f6chstgraduiertesten Sch\u00fcler ist TAMAYOSE HIDEMI (1949-), das heutige Stiloberhaupt (KAICH\u00d4) des TESSHINKAN KY\u00d4KAI &#8230; <a title=\"Lehrtafeln\" class=\"read-more\" href=\"https:\/\/kobudo-tesshinkan.eu\/index.php\/de\/shop\/sonstiges-2\/lehrtafeln\/\" aria-label=\"Mehr Informationen \u00fcber Lehrtafeln\">Weiterlesen<\/a><\/p>\n","protected":false},"author":1,"featured_media":0,"parent":1357,"menu_order":1,"comment_status":"closed","ping_status":"closed","template":"","meta":{"footnotes":""},"_links":{"self":[{"href":"https:\/\/kobudo-tesshinkan.eu\/index.php\/wp-json\/wp\/v2\/pages\/1361"}],"collection":[{"href":"https:\/\/kobudo-tesshinkan.eu\/index.php\/wp-json\/wp\/v2\/pages"}],"about":[{"href":"https:\/\/kobudo-tesshinkan.eu\/index.php\/wp-json\/wp\/v2\/types\/page"}],"author":[{"embeddable":true,"href":"https:\/\/kobudo-tesshinkan.eu\/index.php\/wp-json\/wp\/v2\/users\/1"}],"replies":[{"embeddable":true,"href":"https:\/\/kobudo-tesshinkan.eu\/index.php\/wp-json\/wp\/v2\/comments?post=1361"}],"version-history":[{"count":4,"href":"https:\/\/kobudo-tesshinkan.eu\/index.php\/wp-json\/wp\/v2\/pages\/1361\/revisions"}],"predecessor-version":[{"id":1827,"href":"https:\/\/kobudo-tesshinkan.eu\/index.php\/wp-json\/wp\/v2\/pages\/1361\/revisions\/1827"}],"up":[{"embeddable":true,"href":"https:\/\/kobudo-tesshinkan.eu\/index.php\/wp-json\/wp\/v2\/pages\/1357"}],"wp:attachment":[{"href":"https:\/\/kobudo-tesshinkan.eu\/index.php\/wp-json\/wp\/v2\/media?parent=1361"}],"curies":[{"name":"wp","href":"https:\/\/api.w.org\/{rel}","templated":true}]}}