{"id":1352,"date":"2017-05-07T14:54:32","date_gmt":"2017-05-07T12:54:32","guid":{"rendered":"http:\/\/tesshinkan.ddns.net\/tesshinkan-wp\/?page_id=1352"},"modified":"2022-06-21T08:22:58","modified_gmt":"2022-06-21T06:22:58","slug":"tekko-ersatz","status":"publish","type":"page","link":"https:\/\/kobudo-tesshinkan.eu\/index.php\/de\/shop\/waffen\/tekko-ersatz\/","title":{"rendered":"TEKK\u00d4-Ersatz"},"content":{"rendered":"<ul>\n<li><img loading=\"lazy\" decoding=\"async\" class=\"alignright wp-image-1353 size-medium\" src=\"https:\/\/kobudo-tesshinkan.eu\/wp-content\/uploads\/2017\/05\/Tekko_Ersatz-300x289.png\" alt=\"\" width=\"300\" height=\"289\" srcset=\"https:\/\/kobudo-tesshinkan.eu\/wp-content\/uploads\/2017\/05\/Tekko_Ersatz-300x289.png 300w, https:\/\/kobudo-tesshinkan.eu\/wp-content\/uploads\/2017\/05\/Tekko_Ersatz-400x386.png 400w, https:\/\/kobudo-tesshinkan.eu\/wp-content\/uploads\/2017\/05\/Tekko_Ersatz-1024x987.png 1024w, https:\/\/kobudo-tesshinkan.eu\/wp-content\/uploads\/2017\/05\/Tekko_Ersatz.png 1400w\" sizes=\"(max-width: 300px) 100vw, 300px\" \/>2&#215;500 Gramm Hanteln<\/li>\n<li>Gewicht, Form und Gr\u00f6\u00dfe entsprechen ungef\u00e4hr echten TEKK\u00d4<\/li>\n<li>zugelassen f\u00fcr TEKK\u00d4-Vorf\u00fchrungen bei Turnieren und Meisterschaften des RY\u00dbKY\u00db KOBUD\u00d4 TESSHINKAN KY\u00d4 KAI &#8211; Europe<\/li>\n<li>Euro 15,00 EURO \/ Set + Versand<\/li>\n<\/ul>\n","protected":false},"excerpt":{"rendered":"<p>2&#215;500 Gramm Hanteln Gewicht, Form und Gr\u00f6\u00dfe entsprechen ungef\u00e4hr echten TEKK\u00d4 zugelassen f\u00fcr TEKK\u00d4-Vorf\u00fchrungen bei Turnieren und Meisterschaften des RY\u00dbKY\u00db KOBUD\u00d4 TESSHINKAN KY\u00d4 KAI &#8211; Europe Euro 15,00 EURO \/ Set + Versand<\/p>\n","protected":false},"author":1,"featured_media":0,"parent":1340,"menu_order":3,"comment_status":"closed","ping_status":"closed","template":"","meta":{"footnotes":""},"_links":{"self":[{"href":"https:\/\/kobudo-tesshinkan.eu\/index.php\/wp-json\/wp\/v2\/pages\/1352"}],"collection":[{"href":"https:\/\/kobudo-tesshinkan.eu\/index.php\/wp-json\/wp\/v2\/pages"}],"about":[{"href":"https:\/\/kobudo-tesshinkan.eu\/index.php\/wp-json\/wp\/v2\/types\/page"}],"author":[{"embeddable":true,"href":"https:\/\/kobudo-tesshinkan.eu\/index.php\/wp-json\/wp\/v2\/users\/1"}],"replies":[{"embeddable":true,"href":"https:\/\/kobudo-tesshinkan.eu\/index.php\/wp-json\/wp\/v2\/comments?post=1352"}],"version-history":[{"count":2,"href":"https:\/\/kobudo-tesshinkan.eu\/index.php\/wp-json\/wp\/v2\/pages\/1352\/revisions"}],"predecessor-version":[{"id":6305,"href":"https:\/\/kobudo-tesshinkan.eu\/index.php\/wp-json\/wp\/v2\/pages\/1352\/revisions\/6305"}],"up":[{"embeddable":true,"href":"https:\/\/kobudo-tesshinkan.eu\/index.php\/wp-json\/wp\/v2\/pages\/1340"}],"wp:attachment":[{"href":"https:\/\/kobudo-tesshinkan.eu\/index.php\/wp-json\/wp\/v2\/media?parent=1352"}],"curies":[{"name":"wp","href":"https:\/\/api.w.org\/{rel}","templated":true}]}}