{"id":1335,"date":"2017-05-07T11:03:03","date_gmt":"2017-05-07T09:03:03","guid":{"rendered":"http:\/\/tesshinkan.ddns.net\/tesshinkan-wp\/?page_id=1335"},"modified":"2025-03-18T14:12:47","modified_gmt":"2025-03-18T13:12:47","slug":"books","status":"publish","type":"page","link":"https:\/\/kobudo-tesshinkan.eu\/index.php\/en\/more\/shop\/books\/","title":{"rendered":"Books"},"content":{"rendered":"<h2>RY\u00dbKY\u00db KOBUD\u00d4 TESSHINKAN &#8211; volume 1 (textbook)<\/h2>\n<h3 align=\"justify\"><img loading=\"lazy\" decoding=\"async\" class=\"alignright wp-image-516 size-medium\" src=\"https:\/\/kobudo-tesshinkan.eu\/wp-content\/uploads\/2016\/08\/Buch_Kobudo-201x300.jpg\" alt=\"book1_kobudo\" width=\"201\" height=\"300\" srcset=\"https:\/\/kobudo-tesshinkan.eu\/wp-content\/uploads\/2016\/08\/Buch_Kobudo-201x300.jpg 201w, https:\/\/kobudo-tesshinkan.eu\/wp-content\/uploads\/2016\/08\/Buch_Kobudo.jpg 394w\" sizes=\"(max-width: 201px) 100vw, 201px\" \/><\/h3>\n<p align=\"justify\">For the first time the background, techniques, kata and fighting exercises of the RY\u00dbKY\u00db KOBUD\u00d4 TESSHINKAN have been released to the public in a very clear and vivid way.<\/p>\n<h3 align=\"justify\">From the content:<\/h3>\n<ul>\n<li>a preface written by Kaich\u00f4 Tamayose Hidemi himself<\/li>\n<li>the history of Okinawa and the RY\u00dbKY\u00db KOBUD\u00d4<\/li>\n<li>weapons of RY\u00dbKY\u00db KOBUD\u00d4 (kinds, maintenance, German weapon law)<\/li>\n<li>the traditional D\u00d4J\u00d4, practising clothes, graduating system<\/li>\n<li>gymnastics with B\u00d4, exercises which improve the handling of the B\u00d4<\/li>\n<li>stances, use of the hip, teaching methods, KIHON \/ KATA \/ KUMITE<\/li>\n<li>B\u00d4, TEKK\u00d4, NUNCHAKU, SAI, TUNF\u00c2: basic knowledge, KIHON and KUMITE which goes with it, KATA, KATA-BUNKAI<\/li>\n<li>examing programme<\/li>\n<\/ul>\n<p><strong>A5 size, hardcover<\/strong><br \/>\n<strong>512 pages<\/strong><br \/>\n<strong>about 1500 b\/w photographs and sketches<\/strong><br \/>\n<strong>only in German language<\/strong><br \/>\n<strong>ISBN: \u00a0978-3-7375-1126-1<\/strong><br \/>\n<strong>price:\u00a0 42,00 EURO + shipping<\/strong><\/p>\n<hr \/>\n<h2 align=\"left\">RY\u00dbKY\u00db KOBUD\u00d4 TESSHINKAN &#8211; volume 2 (textbook)<\/h2>\n<p align=\"left\"><img loading=\"lazy\" decoding=\"async\" class=\"alignright wp-image-518 size-medium\" src=\"https:\/\/kobudo-tesshinkan.eu\/wp-content\/uploads\/2016\/08\/Buch_Kobudo_2-201x300.jpg\" alt=\"book_Kobudo_2\" width=\"201\" height=\"300\" srcset=\"https:\/\/kobudo-tesshinkan.eu\/wp-content\/uploads\/2016\/08\/Buch_Kobudo_2-201x300.jpg 201w, https:\/\/kobudo-tesshinkan.eu\/wp-content\/uploads\/2016\/08\/Buch_Kobudo_2.jpg 394w\" sizes=\"(max-width: 201px) 100vw, 201px\" \/><\/p>\n<p align=\"justify\">By the release of the second part of the book series &#8222;RY\u00dbKY\u00db KOBUD\u00d4 TESSHINKAN&#8220; this KOBUD\u00d4-school seems to bet he best documented one world wide. A lot of single and partner exercises as well as KATA are described in this book which enable one`s further progress. In order to support hundreds of photographs and additional historical information are included.<\/p>\n<h3 align=\"justify\">From the content:<\/h3>\n<ul>\n<li>forewards by Kaich\u00f4 Tamayose Hidemi, Ky\u00f4shi Donald Shapland and Sensei Frank Pelny<\/li>\n<li>a short introduction including historical facts, technical characteristics and a summary of the teaching systemseparate chapters for B\u00d4, NUNCHAKU, SAI, TUNF\u00c2, TINB\u00ca&amp;R\u00d4CHIN and NICH\u00d4GAMA<\/li>\n<li>a huge load of methodical exercises<\/li>\n<li>KATA-programme 4th and 5th DAN and additional KATA of the RY\u00dbKY\u00db KOBUD\u00d4<\/li>\n<li>various kinds of KUMITEtraining aids (mirror, MAKIWARA, KUMI-B\u00d4, protection gear)<\/li>\n<li>appendix with additional information, historic and recent photographs<\/li>\n<\/ul>\n<div align=\"left\"><strong>A5 size, hardcover<br \/>\n456 pages<br \/>\nabout 1400 b\/w photographs and sketches<br \/>\nonly in German language<br \/>\nISBN: \u00a0978-3-7375-1128-5<br \/>\nprice:\u00a0 42,00 EURO + shipping<\/strong><\/div>\n<hr \/>\n<h2>RY\u00dbKY\u00db KOBUD\u00d4 TESSHINKAN &#8211; volume 3 (textbook)<\/h2>\n<p><img loading=\"lazy\" decoding=\"async\" class=\"alignright wp-image-1348 size-medium\" src=\"https:\/\/kobudo-tesshinkan.eu\/wp-content\/uploads\/2016\/08\/Buch_Kobudo_3-208x300.jpg\" alt=\"\" width=\"208\" height=\"300\" srcset=\"https:\/\/kobudo-tesshinkan.eu\/wp-content\/uploads\/2016\/08\/Buch_Kobudo_3-208x300.jpg 208w, https:\/\/kobudo-tesshinkan.eu\/wp-content\/uploads\/2016\/08\/Buch_Kobudo_3.jpg 394w\" sizes=\"(max-width: 208px) 100vw, 208px\" \/><\/p>\n<p align=\"justify\">The third part completes the book series &#8222;RY\u00dbKY\u00db KOBUD\u00d4 TESSHINKAN&#8220;. For the first time in 40 years, since the release of the trilogy &#8222;RY\u00dbKY\u00db KOBUD\u00d4&#8220; (J\u00d4KAN, CH\u00dbKAN, GEKAN) by INOUE MOTOKATSU (1918-1993) in 1972-1974, a complete description of an Okinawan weapon- based martial art has been made available &#8211; this is the second time ever.<\/p>\n<h3 align=\"justify\">From the content:<\/h3>\n<ul>\n<li>forewards by Kaich\u00f4 Tamayose Hidemi and Sensei Frank Pelny<\/li>\n<li>introduction including historical facts: KOBUD\u00d4-weapons, KOBUD\u00d4-styles, RY\u00dbKY\u00db KOBUD\u00d4 organizations<\/li>\n<li>separate chapters for B\u00d4, TEKK\u00d4, NUNCHAKU, SAI, \u00caKU und SURUJIN<\/li>\n<li>many of methodical exercises<\/li>\n<li>KATA-programme 6th to 8th DAN and additional KATA of the RY\u00dbKY\u00db KOBUD\u00d4<\/li>\n<li>appendix with additional information, historic and recent photographs, Japanese letters and a small Okinawa travel-guide<\/li>\n<\/ul>\n<p><strong>A5 size, hardcover<\/strong><br \/>\n<strong>428 pages <\/strong><br \/>\n<strong>ca. 1000 b\/w photographs and sketches <\/strong><br \/>\n<strong>ISBN: \u00a0978-3-7375-0991-6 <\/strong><br \/>\n<strong>price:\u00a0 42,00 EURO + shipping<\/strong><\/p>\n<hr \/>\n<h2>RY\u00dbKY\u00db KOBUD\u00d4 TESSHINKAN &#8211; Compendium (volume 4 &#8211; KATA-Lexicon)<\/h2>\n<div align=\"left\"><img loading=\"lazy\" decoding=\"async\" class=\"alignright wp-image-1344 size-medium\" src=\"https:\/\/kobudo-tesshinkan.eu\/wp-content\/uploads\/2017\/05\/Buch_Comp-215x300.jpg\" alt=\"\" width=\"215\" height=\"300\" srcset=\"https:\/\/kobudo-tesshinkan.eu\/wp-content\/uploads\/2017\/05\/Buch_Comp-215x300.jpg 215w, https:\/\/kobudo-tesshinkan.eu\/wp-content\/uploads\/2017\/05\/Buch_Comp-400x557.jpg 400w, https:\/\/kobudo-tesshinkan.eu\/wp-content\/uploads\/2017\/05\/Buch_Comp.jpg 718w\" sizes=\"(max-width: 215px) 100vw, 215px\" \/><\/div>\n<p align=\"justify\">This book, for the first time ever worldwide, contains the entire curriculum of the traditional weapon-based martial art RY\u00dbKY\u00db TESSHINKAN from Okinawa. All sequences are displayed clearly displayed on figures step-by-step. Additionally it includes a brief historical overview, as well as rank requirements, test and competition regulations. Being coil bound this book is a quite handy compendium for training, tests and competition.<\/p>\n<div style=\"height: 40px;\"><\/div>\n<div align=\"left\"><strong>A5 size, soft cover, coil binding<\/strong><br \/>\n<strong>376 pages<\/strong><br \/>\n<strong>180 figures with hundreds of b\/w photographies<\/strong><br \/>\n<strong>German \/ English \/ Russian<\/strong><br \/>\n<strong>ISBN: \u00a0978-3-7375-1127-8<\/strong><br \/>\n<strong>price: EURO 42,00 + shipping<\/strong><\/div>\n<hr \/>\n<h2>RY\u00dbKY\u00db KOBUD\u00d4 TESSHINKAN &#8211; Manual (volume 5 &#8211; textbook)<\/h2>\n<div align=\"left\"><a href=\"https:\/\/kobudo-tesshinkan.eu\/wp-content\/uploads\/2021\/11\/U1_edited-scaled.jpg\"><img loading=\"lazy\" decoding=\"async\" class=\"wp-image-6118 size-medium alignright\" src=\"https:\/\/kobudo-tesshinkan.eu\/wp-content\/uploads\/2021\/11\/U1_edited-207x300.jpg\" alt=\"\" width=\"207\" height=\"300\" srcset=\"https:\/\/kobudo-tesshinkan.eu\/wp-content\/uploads\/2021\/11\/U1_edited-207x300.jpg 207w, https:\/\/kobudo-tesshinkan.eu\/wp-content\/uploads\/2021\/11\/U1_edited-705x1024.jpg 705w, https:\/\/kobudo-tesshinkan.eu\/wp-content\/uploads\/2021\/11\/U1_edited-768x1115.jpg 768w, https:\/\/kobudo-tesshinkan.eu\/wp-content\/uploads\/2021\/11\/U1_edited-1058x1536.jpg 1058w, https:\/\/kobudo-tesshinkan.eu\/wp-content\/uploads\/2021\/11\/U1_edited-1410x2048.jpg 1410w, https:\/\/kobudo-tesshinkan.eu\/wp-content\/uploads\/2021\/11\/U1_edited-scaled.jpg 1763w\" sizes=\"(max-width: 207px) 100vw, 207px\" \/><\/a><\/div>\n<p align=\"justify\">This fifth volume in the book series \u201cRY\u00dbKY\u00db KOBUD\u00d4 TESSHINKAN\u201d completes the description of the original fighting system from Okinawa. In addition to parts 1-3 and the compendium, no technical processes are described in this book, but the underlying biomechanical concepts are explained in a generally understandable manner.<\/p>\n<div style=\"height: 70px;\"><\/div>\n<div align=\"left\"><strong>A5 size, hardcover<\/strong><br \/>\n<strong>352 pages <\/strong><br \/>\n<strong>German \/ English \/ Russian<\/strong><br \/>\n<strong>ISBN:\u00a0\u00a0 978-3-7375-1129-2\u00a0<\/strong><br \/>\n<strong>price:\u00a0 42,00 EURO + shipping<\/strong><\/div>\n<hr \/>\n<h2>RY\u00dbKY\u00db KOBUD\u00d4 &#8211; weapons \/ TEKK\u00d4 (textbook)<\/h2>\n<div align=\"justify\"><img loading=\"lazy\" decoding=\"async\" class=\"alignright wp-image-1010 size-medium\" src=\"https:\/\/kobudo-tesshinkan.eu\/wp-content\/uploads\/2017\/02\/Buch_Tekko-212x300.gif\" alt=\"\" width=\"212\" height=\"300\" \/><\/p>\n<div align=\"justify\">Based on the book trilogy &#8222;RY\u00dbKY\u00db KOBUD\u00d4 TESSHINKAN&#8220; by Frank Pelny all information about the Okinawan fistfight weapon TEKK\u00d4 were bundled in this book:<\/div>\n<ul>\n<li>history<\/li>\n<li>fundamentals<\/li>\n<li>basic techniques<\/li>\n<li>KATA<\/li>\n<li>partner exercises<\/li>\n<li>terminology<\/li>\n<\/ul>\n<div align=\"left\"><strong>A5 size, hardcover<br \/>\n344 pages<br \/>\nabout 50 b\/w photographs and sketches<br \/>\nGerman \/ English \/ Russian<br \/>\nISBN: \u00a0978-3-7375-0993-0<br \/>\nprice:\u00a0 29,00 EURO <\/strong>+ shipping<\/div>\n<\/div>\n<hr \/>\n<h2>RY\u00dbKY\u00db KOBUD\u00d4 &#8211; weapons \/ NUNCHAKU (textbook)<\/h2>\n<div align=\"left\"><img loading=\"lazy\" decoding=\"async\" class=\"alignright wp-image-1349 size-medium\" src=\"https:\/\/kobudo-tesshinkan.eu\/wp-content\/uploads\/2016\/08\/Buch_Nunchaku-213x300.jpg\" alt=\"\" width=\"213\" height=\"300\" srcset=\"https:\/\/kobudo-tesshinkan.eu\/wp-content\/uploads\/2016\/08\/Buch_Nunchaku-213x300.jpg 213w, https:\/\/kobudo-tesshinkan.eu\/wp-content\/uploads\/2016\/08\/Buch_Nunchaku.jpg 394w\" sizes=\"(max-width: 213px) 100vw, 213px\" \/><\/p>\n<div align=\"justify\">Based on the book trilogy &#8222;RY\u00dbKY\u00db KOBUD\u00d4 TESSHINKAN&#8220; by Frank Pelny all information about the Okinawan weapon NUNCHAKU were bundled in this book:<\/div>\n<ul>\n<li>history<\/li>\n<li>fundamentals<\/li>\n<li>basic techniques<\/li>\n<li>KATA<\/li>\n<li>partner exercises<\/li>\n<li>terminology<\/li>\n<\/ul>\n<div align=\"left\"><strong>A5 size, hardcover<\/strong><\/div>\n<div align=\"left\"><strong>380 pages<\/strong><\/div>\n<div align=\"left\"><strong>about 60 b\/w photographs and sketches<\/strong><\/div>\n<div align=\"left\"><strong>German \/ English \/ Russian<\/strong><\/div>\n<div align=\"left\"><strong>ISBN:\u00a0 978-3-7375-0995-4<\/strong><\/div>\n<div align=\"left\"><strong>price:\u00a0 29,00 EURO <\/strong>+ shipping<\/div>\n<\/div>\n","protected":false},"excerpt":{"rendered":"<p>RY\u00dbKY\u00db KOBUD\u00d4 TESSHINKAN &#8211; volume 1 (textbook) For the first time the background, techniques, kata and fighting exercises of the RY\u00dbKY\u00db KOBUD\u00d4 TESSHINKAN have been released to the public in a very clear and vivid way. From the content: a preface written by Kaich\u00f4 Tamayose Hidemi himself the history of Okinawa and the RY\u00dbKY\u00db KOBUD\u00d4 &#8230; <a title=\"Books\" class=\"read-more\" href=\"https:\/\/kobudo-tesshinkan.eu\/index.php\/en\/more\/shop\/books\/\" aria-label=\"Mehr Informationen \u00fcber Books\">Weiterlesen<\/a><\/p>\n","protected":false},"author":1,"featured_media":0,"parent":575,"menu_order":0,"comment_status":"closed","ping_status":"closed","template":"","meta":{"footnotes":""},"_links":{"self":[{"href":"https:\/\/kobudo-tesshinkan.eu\/index.php\/wp-json\/wp\/v2\/pages\/1335"}],"collection":[{"href":"https:\/\/kobudo-tesshinkan.eu\/index.php\/wp-json\/wp\/v2\/pages"}],"about":[{"href":"https:\/\/kobudo-tesshinkan.eu\/index.php\/wp-json\/wp\/v2\/types\/page"}],"author":[{"embeddable":true,"href":"https:\/\/kobudo-tesshinkan.eu\/index.php\/wp-json\/wp\/v2\/users\/1"}],"replies":[{"embeddable":true,"href":"https:\/\/kobudo-tesshinkan.eu\/index.php\/wp-json\/wp\/v2\/comments?post=1335"}],"version-history":[{"count":31,"href":"https:\/\/kobudo-tesshinkan.eu\/index.php\/wp-json\/wp\/v2\/pages\/1335\/revisions"}],"predecessor-version":[{"id":7329,"href":"https:\/\/kobudo-tesshinkan.eu\/index.php\/wp-json\/wp\/v2\/pages\/1335\/revisions\/7329"}],"up":[{"embeddable":true,"href":"https:\/\/kobudo-tesshinkan.eu\/index.php\/wp-json\/wp\/v2\/pages\/575"}],"wp:attachment":[{"href":"https:\/\/kobudo-tesshinkan.eu\/index.php\/wp-json\/wp\/v2\/media?parent=1335"}],"curies":[{"name":"wp","href":"https:\/\/api.w.org\/{rel}","templated":true}]}}