{"id":1235,"date":"2017-03-05T18:21:00","date_gmt":"2017-03-05T17:21:00","guid":{"rendered":"http:\/\/tesshinkan.ddns.net\/tesshinkan-wp\/?page_id=1235"},"modified":"2026-02-07T15:12:37","modified_gmt":"2026-02-07T14:12:37","slug":"kata","status":"publish","type":"page","link":"https:\/\/kobudo-tesshinkan.eu\/index.php\/de\/ueber-ryukyu-kobudo-tesshinkan\/kata\/","title":{"rendered":"Kata"},"content":{"rendered":"<h2>B\u00d4 &#8211; KATA<\/h2>\n<ul>\n<li><a href=\"https:\/\/youtube.com\/playlist?list=PLvN5hDi5EivX_jNz6Qcq4CRph_NNRHsxA&amp;feature=shared\">B\u00d4-NO-KIHON<\/a><\/li>\n<li><a href=\"https:\/\/youtu.be\/rQFoFi6CqrU?feature=shared\">SH\u00dbSHI-NO-KUN (SH\u00d4)<\/a><\/li>\n<li><a href=\"https:\/\/youtu.be\/pHtTAPNLBSE?si=_I60bYfVWTqmorDa\">KONG\u00d4-NO-KUN<\/a><\/li>\n<li><a href=\"https:\/\/youtu.be\/f3m-i0G7myg?feature=shared\">SAKUGAWA-NO-KUN (SH\u00d4)<\/a><\/li>\n<li><a href=\"https:\/\/youtu.be\/YatoIljY8LE?feature=shared\">SH\u00dbSHI-NO-KUN (DAI)<\/a><\/li>\n<li><a href=\"https:\/\/youtu.be\/SfV_PqfMJj8?si=_lYboJ4sOHAYzmS6\">SAKUGAWA-NO-KUN (DAI)<\/a><\/li>\n<li><a href=\"https:\/\/youtu.be\/THZmtyDucYo?si=GspHDLw-6XRpzXMy\">SHIRATARU-NO-KUN<\/a><\/li>\n<li><a href=\"https:\/\/youtu.be\/oaWANnYeXxM?feature=shared\">YONEGAWA (YUNIGA)-NO-KUN<\/a><\/li>\n<li><a href=\"https:\/\/youtu.be\/yJtI5rchT8c?feature=shared\">CHO\u00dbN-NO-KUN<\/a><\/li>\n<li><a href=\"https:\/\/youtu.be\/-z7JgGB6NdA?si=au3UQ0GPiXEZNYmo\">CHIKIN (TSUKEN)-SUNAKAKE-NO-\u00caKU<\/a><\/li>\n<li><a href=\"https:\/\/youtu.be\/xg9R2zdkQCg?si=j0AYcAf0oVeSA7OG\">URASOE (URASHI)-NO-KUN<\/a><\/li>\n<li><a href=\"https:\/\/youtu.be\/hbRbVaShT40?si=WhJxg_EtqFTmLZMH\">CHINEN-SHIKIYANAKA-NO-KUN<\/a><\/li>\n<li>SOEISHI-NO-KUN (SHO)<\/li>\n<li>SOEISHI-NO-KUN (DAI)<\/li>\n<li><a href=\"https:\/\/youtu.be\/f5VoTVqYiSI?feature=shared\">SUEYOSHI-NO-KUN<\/a><\/li>\n<\/ul>\n<h2>SAI &#8211; KATA<\/h2>\n<ul>\n<li style=\"list-style-type: none\">\n<ul>\n<li><a href=\"https:\/\/youtu.be\/SbYkg6nxlRQ?feature=shared\">CHIKIN (TSUKEN)-SHITAHAKU-NO-SAI<\/a><\/li>\n<li><a href=\"https:\/\/youtu.be\/2A8SAZ6xoRY?feature=shared\">CHATAN-YARA-NO-SAI<\/a><\/li>\n<li><a href=\"https:\/\/youtu.be\/cF3dg03I1IM?feature=shared\">HAMA-HIGA-NO-SAI<\/a><\/li>\n<li><a href=\"https:\/\/youtu.be\/gQr2mVOIIAI?feature=shared\">TAWATA-NO-SAI<\/a><\/li>\n<li>YAKAA-NO-SAI<\/li>\n<li><a href=\"https:\/\/youtu.be\/_VYDV-tUce4?feature=shared\">JIGEN-NO-SAI<\/a><\/li>\n<li><a href=\"https:\/\/youtu.be\/juOY4JuFdiU?feature=shared\">KUGUSHIKU (KOJ\u00d4)-NO-SAI<\/a><\/li>\n<\/ul>\n<\/li>\n<\/ul>\n<h2>TEKK\u00d4 &#8211; KATA<\/h2>\n<ul>\n<li><a href=\"https:\/\/youtu.be\/h3tgriNNcQo?feature=shared\">MAEZATO-NO-TEKK\u00d4<\/a><\/li>\n<\/ul>\n<h2>NUNCHAKU &#8211; KATA<\/h2>\n<ul>\n<li><a href=\"https:\/\/youtu.be\/_RVWg8wSqaM?feature=shared\">MAEZATO-NO-NUNCHAKU<\/a><\/li>\n<li><a href=\"https:\/\/youtu.be\/-MDjt4sugBY?feature=shared\">AKAMINE-NO-NUNCHAKU<\/a><\/li>\n<\/ul>\n<h2>TUNF\u00c2 &#8211; KATA<\/h2>\n<ul>\n<li><a href=\"https:\/\/youtu.be\/re8XbSJi-fw?feature=shared\">HAMA-HIGA-NO-TUNF\u00c2<\/a><\/li>\n<li><a href=\"https:\/\/youtu.be\/5uougTxVhWU?feature=shared\">YARA-GUWA-NO-TUNF\u00c2<\/a><\/li>\n<\/ul>\n<h2>TINB\u00ca &#8211; KATA<\/h2>\n<ul>\n<li><a href=\"https:\/\/youtu.be\/8dm7WmdNwlA?feature=shared\">KANEGAWA-NO-TINB\u00ca<\/a><\/li>\n<\/ul>\n<h2>KAMA &#8211; KATA<\/h2>\n<ul>\n<li><a href=\"https:\/\/youtu.be\/MP-L6LN_onA?feature=shared\">KANEGAWA-NO-NICH\u00d4-GAMA<\/a><\/li>\n<\/ul>\n","protected":false},"excerpt":{"rendered":"<p>B\u00d4 &#8211; KATA B\u00d4-NO-KIHON SH\u00dbSHI-NO-KUN (SH\u00d4) KONG\u00d4-NO-KUN SAKUGAWA-NO-KUN (SH\u00d4) SH\u00dbSHI-NO-KUN (DAI) SAKUGAWA-NO-KUN (DAI) SHIRATARU-NO-KUN YONEGAWA (YUNIGA)-NO-KUN CHO\u00dbN-NO-KUN CHIKIN (TSUKEN)-SUNAKAKE-NO-\u00caKU URASOE (URASHI)-NO-KUN CHINEN-SHIKIYANAKA-NO-KUN SOEISHI-NO-KUN (SHO) SOEISHI-NO-KUN (DAI) SUEYOSHI-NO-KUN SAI &#8211; KATA CHIKIN (TSUKEN)-SHITAHAKU-NO-SAI CHATAN-YARA-NO-SAI HAMA-HIGA-NO-SAI TAWATA-NO-SAI YAKAA-NO-SAI JIGEN-NO-SAI KUGUSHIKU (KOJ\u00d4)-NO-SAI TEKK\u00d4 &#8211; KATA MAEZATO-NO-TEKK\u00d4 NUNCHAKU &#8211; KATA MAEZATO-NO-NUNCHAKU AKAMINE-NO-NUNCHAKU TUNF\u00c2 &#8211; KATA HAMA-HIGA-NO-TUNF\u00c2 YARA-GUWA-NO-TUNF\u00c2 TINB\u00ca &#8211; &#8230; <a title=\"Kata\" class=\"read-more\" href=\"https:\/\/kobudo-tesshinkan.eu\/index.php\/de\/ueber-ryukyu-kobudo-tesshinkan\/kata\/\" aria-label=\"Mehr Informationen \u00fcber Kata\">Weiterlesen<\/a><\/p>\n","protected":false},"author":1,"featured_media":0,"parent":7,"menu_order":0,"comment_status":"closed","ping_status":"closed","template":"","meta":{"footnotes":""},"_links":{"self":[{"href":"https:\/\/kobudo-tesshinkan.eu\/index.php\/wp-json\/wp\/v2\/pages\/1235"}],"collection":[{"href":"https:\/\/kobudo-tesshinkan.eu\/index.php\/wp-json\/wp\/v2\/pages"}],"about":[{"href":"https:\/\/kobudo-tesshinkan.eu\/index.php\/wp-json\/wp\/v2\/types\/page"}],"author":[{"embeddable":true,"href":"https:\/\/kobudo-tesshinkan.eu\/index.php\/wp-json\/wp\/v2\/users\/1"}],"replies":[{"embeddable":true,"href":"https:\/\/kobudo-tesshinkan.eu\/index.php\/wp-json\/wp\/v2\/comments?post=1235"}],"version-history":[{"count":26,"href":"https:\/\/kobudo-tesshinkan.eu\/index.php\/wp-json\/wp\/v2\/pages\/1235\/revisions"}],"predecessor-version":[{"id":7543,"href":"https:\/\/kobudo-tesshinkan.eu\/index.php\/wp-json\/wp\/v2\/pages\/1235\/revisions\/7543"}],"up":[{"embeddable":true,"href":"https:\/\/kobudo-tesshinkan.eu\/index.php\/wp-json\/wp\/v2\/pages\/7"}],"wp:attachment":[{"href":"https:\/\/kobudo-tesshinkan.eu\/index.php\/wp-json\/wp\/v2\/media?parent=1235"}],"curies":[{"name":"wp","href":"https:\/\/api.w.org\/{rel}","templated":true}]}}