{"id":1205,"date":"2017-02-26T21:03:39","date_gmt":"2017-02-26T20:03:39","guid":{"rendered":"http:\/\/tesshinkan.ddns.net\/tesshinkan-wp\/?page_id=1205"},"modified":"2026-04-26T11:41:52","modified_gmt":"2026-04-26T09:41:52","slug":"canada","status":"publish","type":"page","link":"https:\/\/kobudo-tesshinkan.eu\/index.php\/en\/dates_reports\/dojos-2\/canada\/","title":{"rendered":"Canada"},"content":{"rendered":"<h2>British Columbia<\/h2>\n<p><!--\n\n\n<h3><strong>Chilliwack<\/strong><\/h3>\n\n\n<img loading=\"lazy\" decoding=\"async\" class=\"alignright size-full wp-image-1174\" src=\"https:\/\/kobudo-tesshinkan.eu\/wp-content\/uploads\/2017\/02\/logo-dojo-chilliwack.gif\" alt=\"\" width=\"142\" height=\"134\" \/><b>Sensei:<\/b> Don Shapland\nCertificated D\u00f4j\u00f4 of the Ry\u00fbky\u00fb Kobud\u00f4 Tesshinkan Ky\u00f4 Kai - No. #1\nphone: +1 604 858 3744\n<a href=\"mailto:frankclayton@telus.net\">E-Mail<\/a>\n--><\/p>\n<hr \/>\n<h3><a href=\"https:\/\/kobudo-tesshinkan.eu\/wp-content\/uploads\/2026\/04\/CMAA-LOGO.jpg\"><img loading=\"lazy\" decoding=\"async\" class=\"alignright size-full wp-image-1180\" src=\"https:\/\/kobudo-tesshinkan.eu\/wp-content\/uploads\/2026\/04\/CMAA-LOGO-287x300.jpg\" alt=\"\" width=\"142\" height=\"55\" \/><\/a><b>Canadian Martial Arts Academy<\/b><\/h3>\n<p><strong>Sensei:<\/strong> Frank Clayton<\/p>\n<p>Certificated D\u00f4j\u00f4 of the Ry\u00fbky\u00fb Kobud\u00f4 Tesshinkan Ky\u00f4 Kai &#8211; No. #2<\/p>\n<p>Powell River<br \/>\n4300 Joyce Ave<br \/>\nV8A 3A2<\/p>\n<p>phone: +1 604 483 1803<\/p>\n<p><a href=\"https:\/\/www.prkarate.com\/\" target=\"_blank\" rel=\"noopener\">Hompage<\/a> \u00a0\u00a0\u00a0 <a href=\"mailto:frankclayton@telus.net\" target=\"_blank\" rel=\"noopener\">E-Mail<\/a><\/p>\n<hr \/>\n<h3><b><img loading=\"lazy\" decoding=\"async\" class=\"alignright size-full wp-image-1180\" src=\"https:\/\/kobudo-tesshinkan.eu\/wp-content\/uploads\/2017\/02\/logo-dojo-canada.gif\" alt=\"\" width=\"120\" height=\"120\" \/>Qualicum Martial Arts<\/b><\/h3>\n<p><b>Sensei:<\/b> \u00a0\u00a0Rainer Todsen<\/p>\n<p>Certificated D\u00f4j\u00f4 of the Ry\u00fbky\u00fb Kobud\u00f4 Tesshinkan Ky\u00f4 Kai &#8211; No. #8<\/p>\n<p>Qualicum Martial Arts<br \/>\n3142 Island Highway West<br \/>\nQualicum Beach \/ Vancouver-Island<br \/>\nV9K 2C5 Canada<\/p>\n<p><b>Training:<\/b> Monday 7:00 PM &#8211; 8:30 Kobudo<br \/>\nTuesday 6:30PM &#8211; 8:30 PM Kobudo<br \/>\nThursday 7:00 PM &#8211; 8:30 PM Kobudo<\/p>\n<p>phone: +1 (250) &#8211; 752 &#8211; 8607<\/p>\n<p><a href=\"mailto:ehanuse@shaw.ca\" target=\"_blank\" rel=\"noopener\">E-Mail<\/a><\/p>\n<hr \/>\n<h3><b><img loading=\"lazy\" decoding=\"async\" class=\"alignright size-full wp-image-1175\" src=\"https:\/\/kobudo-tesshinkan.eu\/wp-content\/uploads\/2017\/02\/logo-dojo-courtenay.gif\" alt=\"\" width=\"142\" height=\"55\" \/>Toshinkan Martial Arts<\/b><\/h3>\n<p><b>Sensei:<\/b> \u00a0\u00a0Sean (Mac) Newton<\/p>\n<p>Certificated D\u00f4j\u00f4 of the Ry\u00fbky\u00fb Kobud\u00f4 Tesshinkan Ky\u00f4 Kai &#8211; No. #9<\/p>\n<p>Unit B<br \/>\n2440 Rosewall Crescent<br \/>\nCourtenay \/ Vancouver Island<\/p>\n<p>phone: +1 (250) &#8211; 871 &#8211; 8110<\/p>\n<p style=\"text-align: left;\" align=\"center\"><a href=\"http:\/\/comoxvalleykarate.com\" target=\"_blank\" rel=\"noopener\">Hompage<\/a> \u00a0\u00a0\u00a0 <a href=\"mailto:seannewton@shaw.ca\" target=\"_blank\" rel=\"noopener\">E-Mail<\/a><\/p>\n<hr \/>\n<h3 style=\"text-align: left;\" align=\"center\"><img loading=\"lazy\" decoding=\"async\" class=\"alignright size-full wp-image-1180\" src=\"https:\/\/kobudo-tesshinkan.eu\/wp-content\/uploads\/2017\/02\/logo-dojo-canada.gif\" alt=\"\" width=\"120\" height=\"120\" \/><strong>Coquitlam<\/strong><\/h3>\n<p><b>Sensei:<\/b> \u00a0\u00a0Daniel Antonsen<\/p>\n<p>Certificated D\u00f4j\u00f4 of the Ry\u00fbky\u00fb Kobud\u00f4 Tesshinkan Ky\u00f4 Kai &#8211; No. #13<\/p>\n<p><a href=\"mailto:danantonsen@shaw.ca\" target=\"_blank\" rel=\"noopener\">E-Mail<\/a><\/p>\n<hr \/>\n<h3><img loading=\"lazy\" decoding=\"async\" class=\"alignright size-full wp-image-1180\" src=\"https:\/\/kobudo-tesshinkan.eu\/wp-content\/uploads\/2017\/02\/logo-dojo-canada.gif\" alt=\"\" width=\"120\" height=\"120\" \/><strong>Courtenay<\/strong><\/h3>\n<p><b>Sensei:<\/b> \u00a0\u00a0 Holly Molgaard-Tuttle<\/p>\n<p>Certificated D\u00f4j\u00f4 of the Ry\u00fbky\u00fb Kobud\u00f4 Tesshinkan Ky\u00f4 Kai &#8211; No. #18<\/p>\n<p>3424 Pindar Road<br \/>\nCourtenay \/ Vancouver Island<br \/>\nV9J 1R9<\/p>\n<p><a href=\"mailto:hollymtuttle@yahoo.com\" target=\"_blank\" rel=\"noopener\">E-Mail<\/a><\/p>\n<hr \/>\n<h3><img loading=\"lazy\" decoding=\"async\" class=\"alignright size-full wp-image-1176\" src=\"https:\/\/kobudo-tesshinkan.eu\/wp-content\/uploads\/2017\/02\/logo-dojo-hope.gif\" alt=\"\" width=\"142\" height=\"139\" \/><b>Hope Yama Dojo<\/b><\/h3>\n<p><b>Sensei:<\/b> \u00a0\u00a0Norm Losier<\/p>\n<p>Certificated D\u00f4j\u00f4 of the Ry\u00fbky\u00fb Kobud\u00f4 Tesshinkan Ky\u00f4 Kai &#8211; No. #22<\/p>\n<p>336 Fort Street<br \/>\nHope<\/p>\n<p><a href=\"http:\/\/www.hopeyamadojo.ca\/\" target=\"_blank\" rel=\"noopener\">Hompage<\/a> \u00a0\u00a0\u00a0 <a href=\"mailto:losier@telus.net\" target=\"_blank\" rel=\"noopener\">E-Mail<\/a><\/p>\n<hr \/>\n<h3><img loading=\"lazy\" decoding=\"async\" class=\"alignright size-full wp-image-1178\" src=\"https:\/\/kobudo-tesshinkan.eu\/wp-content\/uploads\/2017\/02\/logo-dojo-salt-spring-island.gif\" alt=\"\" width=\"229\" height=\"142\" \/><b>Salt Spring Island Karate Club<\/b><\/h3>\n<p>Certificated D\u00f4j\u00f4 of the Ry\u00fbky\u00fb Kobud\u00f4 Tesshinkan Ky\u00f4 Kai &#8211; No. #28<\/p>\n<p>Salt Spring Island Elementary School Gym<br \/>\nSalt Spring Island<br \/>\nV8K 1B7<\/p>\n<p><b>Sensei:<\/b> \u00a0\u00a0 Pat Byron<br \/>\nphone: +1 (250) &#8211; 653 &#8211; 9295<br \/>\n<b>Sensei:<\/b> \u00a0\u00a0 Chris Barclay<br \/>\nphone: +1 (250) &#8211; 537 &#8211; 0040<\/p>\n<p><a href=\"http:\/\/www.ssikarate.com\" target=\"_blank\" rel=\"noopener\">Hompage<\/a> \u00a0\u00a0\u00a0 <a href=\"mailto:barclayc@shaw.ca\" target=\"_blank\" rel=\"noopener\">E-Mail<\/a><\/p>\n<hr \/>\n<h3><img loading=\"lazy\" decoding=\"async\" class=\"alignright  wp-image-1178\" src=\"https:\/\/kobudo-tesshinkan.eu\/wp-content\/uploads\/2021\/10\/Gima-Crest.jpg\" alt=\"\" width=\"165\" height=\"148\" \/><b>Abbotsford Karate Club &#8211; Sekukan<\/b><\/h3>\n<p>Certificated D\u00f4j\u00f4 of the Ry\u00fbky\u00fb Kobud\u00f4 Tesshinkan Ky\u00f4 Kai &#8211; No. #36<\/p>\n<p>Godson Elementary School Abbotsford46450 Yale RoadChilliwackV2P 2P8 BC Canada<\/p>\n<p><b>Sensei:<\/b> \u00a0\u00a0 Paul Sexton<br \/>\nphone: +1 (250) &#8211; 653 &#8211; 9295+1 604 556 1444<\/p>\n<p><a href=\"http:\/\/abbotsfordkarate.ca\/\" target=\"_blank\" rel=\"noopener\">Hompage<\/a> \u00a0\u00a0\u00a0 <a href=\"mailto:jpschwk@icloud.com\" target=\"_blank\" rel=\"noopener\">E-Mail<\/a><\/p>\n<hr \/>\n<h2>Yukon<\/h2>\n<h3><img loading=\"lazy\" decoding=\"async\" class=\"alignright size-full wp-image-1179\" src=\"https:\/\/kobudo-tesshinkan.eu\/wp-content\/uploads\/2017\/02\/logo-dojo-whitehorse.gif\" alt=\"\" width=\"142\" height=\"142\" \/><b>Kita Kaze Karate Club<\/b><\/h3>\n<p><b>Sensei:<\/b> \u00a0\u00a0Rob Ingram<\/p>\n<p>Certificated D\u00f4j\u00f4 of the Ry\u00fbky\u00fb Kobud\u00f4 Tesshinkan Ky\u00f4 Kai &#8211; No. #<\/p>\n<p>Selkirk Street School<br \/>\nWhitehorse<\/p>\n<p><a href=\"http:\/\/www.kita-kaze.ca\/\" target=\"_blank\" rel=\"noopener\">Hompage<\/a> \u00a0\u00a0\u00a0 <a href=\"mailto:rob@kita-kaze.ca\" target=\"_blank\" rel=\"noopener\">E-Mail<\/a><\/p>\n","protected":false},"excerpt":{"rendered":"<p>British Columbia Canadian Martial Arts Academy Sensei: Frank Clayton Certificated D\u00f4j\u00f4 of the Ry\u00fbky\u00fb Kobud\u00f4 Tesshinkan Ky\u00f4 Kai &#8211; No. #2 Powell River 4300 Joyce Ave V8A 3A2 phone: +1 604 483 1803 Hompage \u00a0\u00a0\u00a0 E-Mail Qualicum Martial Arts Sensei: \u00a0\u00a0Rainer Todsen Certificated D\u00f4j\u00f4 of the Ry\u00fbky\u00fb Kobud\u00f4 Tesshinkan Ky\u00f4 Kai &#8211; No. #8 Qualicum &#8230; <a title=\"Canada\" class=\"read-more\" href=\"https:\/\/kobudo-tesshinkan.eu\/index.php\/en\/dates_reports\/dojos-2\/canada\/\" aria-label=\"Mehr Informationen \u00fcber Canada\">Weiterlesen<\/a><\/p>\n","protected":false},"author":1,"featured_media":0,"parent":31,"menu_order":0,"comment_status":"closed","ping_status":"closed","template":"","meta":{"footnotes":""},"_links":{"self":[{"href":"https:\/\/kobudo-tesshinkan.eu\/index.php\/wp-json\/wp\/v2\/pages\/1205"}],"collection":[{"href":"https:\/\/kobudo-tesshinkan.eu\/index.php\/wp-json\/wp\/v2\/pages"}],"about":[{"href":"https:\/\/kobudo-tesshinkan.eu\/index.php\/wp-json\/wp\/v2\/types\/page"}],"author":[{"embeddable":true,"href":"https:\/\/kobudo-tesshinkan.eu\/index.php\/wp-json\/wp\/v2\/users\/1"}],"replies":[{"embeddable":true,"href":"https:\/\/kobudo-tesshinkan.eu\/index.php\/wp-json\/wp\/v2\/comments?post=1205"}],"version-history":[{"count":5,"href":"https:\/\/kobudo-tesshinkan.eu\/index.php\/wp-json\/wp\/v2\/pages\/1205\/revisions"}],"predecessor-version":[{"id":7593,"href":"https:\/\/kobudo-tesshinkan.eu\/index.php\/wp-json\/wp\/v2\/pages\/1205\/revisions\/7593"}],"up":[{"embeddable":true,"href":"https:\/\/kobudo-tesshinkan.eu\/index.php\/wp-json\/wp\/v2\/pages\/31"}],"wp:attachment":[{"href":"https:\/\/kobudo-tesshinkan.eu\/index.php\/wp-json\/wp\/v2\/media?parent=1205"}],"curies":[{"name":"wp","href":"https:\/\/api.w.org\/{rel}","templated":true}]}}