{"id":12,"date":"2015-08-16T19:46:06","date_gmt":"2015-08-16T17:46:06","guid":{"rendered":"http:\/\/192.168.0.12\/tesshinkan-wp\/?page_id=12"},"modified":"2024-09-13T08:42:43","modified_gmt":"2024-09-13T06:42:43","slug":"stilgruender","status":"publish","type":"page","link":"https:\/\/kobudo-tesshinkan.eu\/index.php\/de\/verband\/stilgruender\/","title":{"rendered":"Verbandsgr\u00fcnder"},"content":{"rendered":"<p><img loading=\"lazy\" decoding=\"async\" class=\"size-full wp-image-284 alignleft\" src=\"https:\/\/kobudo-tesshinkan.eu\/wp-content\/uploads\/2015\/08\/tamayose3.gif\" alt=\"tamayose3\" width=\"283\" height=\"425\" \/><\/p>\n<h2>&#8222;Ein stiller Meister&#8220;<\/h2>\n<p>HIDEMI TAMAYOSE wurde am 14.Juli 1949 auf IKEMA-JIMA, einer kleinen Insel nordwestlich der Insel MIYAKO s\u00fcdlich Okinawas als 3. Kind in eine Familie mit 11 Kinder geboren. Mit 16 Jahren zog er nach Okinawa und begann nach seinem Universit\u00e4tsstudium an einer Oberschule zu unterrichten. 1975 heiratet er seine Frau MASAKO. Beide sind Lehrer in SHIMAJIRI-GUN, S\u00fcdokinawa.<\/p>\n<p>TAMAYOSE begann 1967 unter dem MATSUBAYASHI-SHORIN-RY\u00db SENSEI, MASAO SHIMA, in KANZATOBARU, NAHA-City, mit dem KARATE-Training. 1975 wechselte er zum KOBAYASHI-SHORIN-RY\u00db unter SENSEI SEIYU NAKAMURA, der ihn auch in den Waffen des RY\u00dbKY\u00db KOBUD\u00d4 unterrichtete.<\/p>\n<p>1982 begann er direkt unter SENSEI EISUKE AKAMINE im RY\u00dbKY\u00db-KOBUD\u00d4-HOZON-SHINK\u00d4-KAI HONBU in NESABU, TOMIGUSUKU zu studieren. SENSEI AKAMINE pers\u00f6nlich verlieh SENSEI TAMAYOSE den 7. DAN. Der 8. DAN wurde ihm durch die All Okinawan KARATE KOBUD\u00d4 Association verliehen. Bis zum Tod SENSEI AKAMINEs 1999 war er Vorstandsvorsitzender des HOZON-SHINK\u00d4-KAI. Momentan ist er Generalsekret\u00e4r des Okinawa-KEN-KARATED\u00d4-RENGO-KAI. Er war einer der Hauptorganisatoren des Okinawa Welt KARATE Turniers 1997 und &#8222;nebenbei&#8220; war er bis 2005 noch der Vizepr\u00e4sident der Okinawan Child Development Association (KODOMO-KAI).<\/p>\n<p>Im Juni 2005 erhielt er den 9. DAN und den Titel HANSHI verliehen. Am 19. Dezember 2015 wurde ihm vom &#8222;OKINAWA KEN KOBUD\u00d4 RENMEI&#8220; der 10. DAN verliehen.<\/p>\n<p>Am 07. Januar 2023 wurde er au\u00dferdem vom &#8222;OKINAWA KEN KARATE D\u00d4 RENGO KAI&#8220; mit dem 10. DAN und dem Titel HANSHI im Karate-D\u00f4 geehrt.<\/p>\n<p>1992 begann SENSEI TAMAYOSE in Kanada und den USA KOBUD\u00d4-Seminare durchzuf\u00fchren und unterrichtet dort heute regelm\u00e4\u00dfig. Seit 2002 lehrt er auch in Europa. Er ist bem\u00fcht das RY\u00dbKY\u00db KOBUD\u00d4 auf der ganzen Welt in seiner korrekten Form zu unterrichten und zu verbreiten. Dies brachte SENSEI TAMAYOSE gro\u00dfe internationale Anerkennung ein. Seine Bescheidenheit und sein unvergleichbarer Unterrichtsstil sind wahrscheinlich die Schl\u00fcssel seines Erfolges und brachten ihm gro\u00dfen Respekt und gro\u00dfe Anerkennung in der Okinawa KARATE und KOBUD\u00d4 Szene.<\/p>\n","protected":false},"excerpt":{"rendered":"<p>&#8222;Ein stiller Meister&#8220; HIDEMI TAMAYOSE wurde am 14.Juli 1949 auf IKEMA-JIMA, einer kleinen Insel nordwestlich der Insel MIYAKO s\u00fcdlich Okinawas als 3. Kind in eine Familie mit 11 Kinder geboren. Mit 16 Jahren zog er nach Okinawa und begann nach seinem Universit\u00e4tsstudium an einer Oberschule zu unterrichten. 1975 heiratet er seine Frau MASAKO. Beide sind &#8230; <a title=\"Verbandsgr\u00fcnder\" class=\"read-more\" href=\"https:\/\/kobudo-tesshinkan.eu\/index.php\/de\/verband\/stilgruender\/\" aria-label=\"Mehr Informationen \u00fcber Verbandsgr\u00fcnder\">Weiterlesen<\/a><\/p>\n","protected":false},"author":1,"featured_media":0,"parent":974,"menu_order":2,"comment_status":"closed","ping_status":"closed","template":"","meta":{"footnotes":""},"_links":{"self":[{"href":"https:\/\/kobudo-tesshinkan.eu\/index.php\/wp-json\/wp\/v2\/pages\/12"}],"collection":[{"href":"https:\/\/kobudo-tesshinkan.eu\/index.php\/wp-json\/wp\/v2\/pages"}],"about":[{"href":"https:\/\/kobudo-tesshinkan.eu\/index.php\/wp-json\/wp\/v2\/types\/page"}],"author":[{"embeddable":true,"href":"https:\/\/kobudo-tesshinkan.eu\/index.php\/wp-json\/wp\/v2\/users\/1"}],"replies":[{"embeddable":true,"href":"https:\/\/kobudo-tesshinkan.eu\/index.php\/wp-json\/wp\/v2\/comments?post=12"}],"version-history":[{"count":13,"href":"https:\/\/kobudo-tesshinkan.eu\/index.php\/wp-json\/wp\/v2\/pages\/12\/revisions"}],"predecessor-version":[{"id":7159,"href":"https:\/\/kobudo-tesshinkan.eu\/index.php\/wp-json\/wp\/v2\/pages\/12\/revisions\/7159"}],"up":[{"embeddable":true,"href":"https:\/\/kobudo-tesshinkan.eu\/index.php\/wp-json\/wp\/v2\/pages\/974"}],"wp:attachment":[{"href":"https:\/\/kobudo-tesshinkan.eu\/index.php\/wp-json\/wp\/v2\/media?parent=12"}],"curies":[{"name":"wp","href":"https:\/\/api.w.org\/{rel}","templated":true}]}}