{"id":1188,"date":"2017-02-26T20:47:37","date_gmt":"2017-02-26T19:47:37","guid":{"rendered":"http:\/\/tesshinkan.ddns.net\/tesshinkan-wp\/?page_id=1188"},"modified":"2017-05-08T21:24:39","modified_gmt":"2017-05-08T19:24:39","slug":"sri-lanka","status":"publish","type":"page","link":"https:\/\/kobudo-tesshinkan.eu\/index.php\/de\/ueber-ryukyu-kobudo-tesshinkan\/dojos\/asien\/sri-lanka\/","title":{"rendered":"Sri Lanka"},"content":{"rendered":"<h3><img loading=\"lazy\" decoding=\"async\" class=\"alignright size-full wp-image-1189\" src=\"https:\/\/kobudo-tesshinkan.eu\/wp-content\/uploads\/2017\/02\/logo-dojo-sri-lanka.gif\" alt=\"\" width=\"120\" height=\"120\" \/>Ry\u00fbky\u00fb Kobud\u00f4 Tesshinkan Ky\u00f4 Kai &#8211; Sri Lanka Branch<\/h3>\n<p><b>Sensei:<\/b> \u00a0\u00a0 B. Prasanna Fernando<\/p>\n<p>Horagolla<br \/>\nMarawila<\/p>\n<p>Phone: +94 &#8211; (0)77 &#8211; 422 4571<\/p>\n<p><a href=\"mailto:iskfsrilankabranch@yahoo.com\" target=\"_blank\" rel=\"noopener noreferrer\">E-Mail<\/a><\/p>\n","protected":false},"excerpt":{"rendered":"<p>Ry\u00fbky\u00fb Kobud\u00f4 Tesshinkan Ky\u00f4 Kai &#8211; Sri Lanka Branch Sensei: \u00a0\u00a0 B. Prasanna Fernando Horagolla Marawila Phone: +94 &#8211; (0)77 &#8211; 422 4571 E-Mail<\/p>\n","protected":false},"author":1,"featured_media":0,"parent":1163,"menu_order":2,"comment_status":"closed","ping_status":"closed","template":"","meta":{"footnotes":""},"_links":{"self":[{"href":"https:\/\/kobudo-tesshinkan.eu\/index.php\/wp-json\/wp\/v2\/pages\/1188"}],"collection":[{"href":"https:\/\/kobudo-tesshinkan.eu\/index.php\/wp-json\/wp\/v2\/pages"}],"about":[{"href":"https:\/\/kobudo-tesshinkan.eu\/index.php\/wp-json\/wp\/v2\/types\/page"}],"author":[{"embeddable":true,"href":"https:\/\/kobudo-tesshinkan.eu\/index.php\/wp-json\/wp\/v2\/users\/1"}],"replies":[{"embeddable":true,"href":"https:\/\/kobudo-tesshinkan.eu\/index.php\/wp-json\/wp\/v2\/comments?post=1188"}],"version-history":[{"count":2,"href":"https:\/\/kobudo-tesshinkan.eu\/index.php\/wp-json\/wp\/v2\/pages\/1188\/revisions"}],"predecessor-version":[{"id":1380,"href":"https:\/\/kobudo-tesshinkan.eu\/index.php\/wp-json\/wp\/v2\/pages\/1188\/revisions\/1380"}],"up":[{"embeddable":true,"href":"https:\/\/kobudo-tesshinkan.eu\/index.php\/wp-json\/wp\/v2\/pages\/1163"}],"wp:attachment":[{"href":"https:\/\/kobudo-tesshinkan.eu\/index.php\/wp-json\/wp\/v2\/media?parent=1188"}],"curies":[{"name":"wp","href":"https:\/\/api.w.org\/{rel}","templated":true}]}}