{"id":1169,"date":"2017-02-26T18:30:14","date_gmt":"2017-02-26T17:30:14","guid":{"rendered":"http:\/\/tesshinkan.ddns.net\/tesshinkan-wp\/?page_id=1169"},"modified":"2021-10-23T21:02:59","modified_gmt":"2021-10-23T19:02:59","slug":"kanada","status":"publish","type":"page","link":"https:\/\/kobudo-tesshinkan.eu\/index.php\/de\/ueber-ryukyu-kobudo-tesshinkan\/dojos\/nordamerika\/kanada\/","title":{"rendered":"Kanada"},"content":{"rendered":"\n<h2>British Columbia<\/h2>\n<h3><strong>Chilliwack<\/strong><\/h3>\n<p><img loading=\"lazy\" decoding=\"async\" class=\"alignright size-full wp-image-1174\" src=\"https:\/\/kobudo-tesshinkan.eu\/wp-content\/uploads\/2017\/02\/logo-dojo-chilliwack.gif\" alt=\"\" width=\"142\" height=\"134\"><b>Sensei:<\/b> Don Shapland<\/p>\n<p>Certificated D\u00f4j\u00f4 of the Ry\u00fbky\u00fb Kobud\u00f4 Tesshinkan Ky\u00f4 Kai &#8211; No. #1<\/p>\n<p>phone: +1 604 858 3744<\/p>\n<p><a href=\"mailto:frankclayton@telus.net\">E-Mail<\/a><\/p>\n<hr>\n<h3><img loading=\"lazy\" decoding=\"async\" class=\"alignright size-full wp-image-1177\" src=\"https:\/\/kobudo-tesshinkan.eu\/wp-content\/uploads\/2017\/02\/logo-dojo-powell-river.gif\" alt=\"\" width=\"161\" height=\"142\"><strong>Canadian Martial Arts Academy<\/strong><\/h3>\n<p><strong>Sensei:<\/strong> Frank Clayton<\/p>\n<p>Certificated D\u00f4j\u00f4 of the Ry\u00fbky\u00fb Kobud\u00f4 Tesshinkan Ky\u00f4 Kai &#8211; No. #2<\/p>\n<p>Powell River<br>4300 Joyce Ave<br>V8A 3A2<\/p>\n<p>phone: +1 604 485 8255<\/p>\n<p><a href=\"http:\/\/www.cmaakarate.com\" target=\"_blank\" rel=\"noopener\">Hompage<\/a> &nbsp;&nbsp;&nbsp; <a href=\"mailto:frankclayton@telus.net\" target=\"_blank\" rel=\"noopener\">E-Mail<\/a><\/p>\n<hr>\n<h3><b><img loading=\"lazy\" decoding=\"async\" class=\"alignright size-full wp-image-1180\" src=\"https:\/\/kobudo-tesshinkan.eu\/wp-content\/uploads\/2017\/02\/logo-dojo-canada.gif\" alt=\"\" width=\"120\" height=\"120\">Qualicum Martial Arts<\/b><\/h3>\n<p><b>Sensei:<\/b> &nbsp;&nbsp;Rainer Todsen<\/p>\n<p>Certificated D\u00f4j\u00f4 of the Ry\u00fbky\u00fb Kobud\u00f4 Tesshinkan Ky\u00f4 Kai &#8211; No. #8<\/p>\n<p>Qualicum Martial Arts<br>3142 Island Highway West<br>Qualicum Beach \/ Vancouver-Island<br>V9K 2C5 Canada<\/p>\n<p><b>Training:<\/b> Monday 7:00 PM &#8211; 8:30 Kobudo<br>Tuesday 6:30PM &#8211; 8:30 PM Kobudo<br>Thursday 7:00 PM &#8211; 8:30 PM Kobudo<\/p>\n<p>phone: +1 (250) &#8211; 752 &#8211; 8607<\/p>\n<p><a href=\"mailto:ehanuse@shaw.ca\" target=\"_blank\" rel=\"noopener\">E-Mail<\/a><\/p>\n<hr>\n<h3><b><img loading=\"lazy\" decoding=\"async\" class=\"alignright size-full wp-image-1175\" src=\"https:\/\/kobudo-tesshinkan.eu\/wp-content\/uploads\/2017\/02\/logo-dojo-courtenay.gif\" alt=\"\" width=\"142\" height=\"55\">Toshinkan Martial Arts<\/b><\/h3>\n<p><b>Sensei:<\/b> &nbsp;&nbsp;Sean (Mac) Newton<\/p>\n<p>Certificated D\u00f4j\u00f4 of the Ry\u00fbky\u00fb Kobud\u00f4 Tesshinkan Ky\u00f4 Kai &#8211; No. #9<\/p>\n<p>Unit B<br>2440 Rosewall Crescent<br>Courtenay \/ Vancouver Island<\/p>\n<p>phone: +1 (250) &#8211; 871 &#8211; 8110<\/p>\n<p style=\"text-align: left;\" align=\"center\"><a href=\"http:\/\/comoxvalleykarate.com\" target=\"_blank\" rel=\"noopener\">Hompage<\/a> &nbsp;&nbsp;&nbsp; <a href=\"mailto:seannewton@shaw.ca\" target=\"_blank\" rel=\"noopener\">E-Mail<\/a><\/p>\n<hr>\n<h3><img loading=\"lazy\" decoding=\"async\" class=\"alignright size-full wp-image-1180\" src=\"https:\/\/kobudo-tesshinkan.eu\/wp-content\/uploads\/2017\/02\/logo-dojo-canada.gif\" alt=\"\" width=\"120\" height=\"120\"><strong>Coquitlam<\/strong><\/h3>\n<p><b>Sensei:<\/b> &nbsp;&nbsp;Daniel Antonsen<\/p>\n<p>Certificated D\u00f4j\u00f4 of the Ry\u00fbky\u00fb Kobud\u00f4 Tesshinkan Ky\u00f4 Kai &#8211; No. #13<\/p>\n<p><a href=\"mailto:danantonsen@shaw.ca\" target=\"_blank\" rel=\"noopener\">E-Mail<\/a><\/p>\n<hr>\n<h3><img loading=\"lazy\" decoding=\"async\" class=\"alignright size-full wp-image-1180\" src=\"https:\/\/kobudo-tesshinkan.eu\/wp-content\/uploads\/2017\/02\/logo-dojo-canada.gif\" alt=\"\" width=\"120\" height=\"120\"><strong>Courtenay<\/strong><\/h3>\n<p><b>Sensei:<\/b> &nbsp;&nbsp; Holly Molgaard-Tuttle<\/p>\n<p>Certificated D\u00f4j\u00f4 of the Ry\u00fbky\u00fb Kobud\u00f4 Tesshinkan Ky\u00f4 Kai &#8211; No. #18<\/p>\n<p>3424 Pindar Road<br>Courtenay \/ Vancouver Island<br>V9J 1R9<\/p>\n<p><a href=\"mailto:hollymtuttle@yahoo.com\" target=\"_blank\" rel=\"noopener\">E-Mail<\/a><\/p>\n<hr>\n<h3><img loading=\"lazy\" decoding=\"async\" class=\"alignright size-full wp-image-1176\" src=\"https:\/\/kobudo-tesshinkan.eu\/wp-content\/uploads\/2017\/02\/logo-dojo-hope.gif\" alt=\"\" width=\"142\" height=\"139\"><b>Hope Yama Dojo<\/b><\/h3>\n<p><b>Sensei:<\/b> &nbsp;&nbsp;Norm Losier<\/p>\n<p>Certificated D\u00f4j\u00f4 of the Ry\u00fbky\u00fb Kobud\u00f4 Tesshinkan Ky\u00f4 Kai &#8211; No. #22<\/p>\n<p>336 Fort Street<br>Hope<\/p>\n<p><a href=\"http:\/\/www.hopeyamadojo.ca\/\" target=\"_blank\" rel=\"noopener\">Hompage<\/a> &nbsp;&nbsp;&nbsp; <a href=\"mailto:losier@telus.net\" target=\"_blank\" rel=\"noopener\">E-Mail<\/a><\/p>\n<hr>\n<h3><img loading=\"lazy\" decoding=\"async\" class=\"alignright  wp-image-1178\" src=\"https:\/\/kobudo-tesshinkan.eu\/wp-content\/uploads\/2017\/02\/logo-dojo-salt-spring-island.gif\" alt=\"\" width=\"184\" height=\"114\"><b>Salt Spring Island Karate Club<\/b><\/h3>\n<p>Certificated D\u00f4j\u00f4 of the Ry\u00fbky\u00fb Kobud\u00f4 Tesshinkan Ky\u00f4 Kai &#8211; No. #28<\/p>\n<p>Salt Spring Island Elementary School Gym<br>Salt Spring Island<br>V8K 1B7<\/p>\n<p><b>Sensei:<\/b> &nbsp;&nbsp; Pat Byron<br>phone: +1 (250) &#8211; 653 &#8211; 9295<br><b>Sensei:<\/b> &nbsp;&nbsp; Chris Barclay<br>phone: +1 (250) &#8211; 537 &#8211; 0040<\/p>\n<p><a href=\"http:\/\/www.ssikarate.com\" target=\"_blank\" rel=\"noopener\">Hompage<\/a> &nbsp;&nbsp;&nbsp; <a href=\"mailto:barclayc@shaw.ca\" target=\"_blank\" rel=\"noopener\">E-Mail<\/a><\/p>\n<hr>\n<h3><img loading=\"lazy\" decoding=\"async\" class=\"alignright  wp-image-1178\" src=\"https:\/\/kobudo-tesshinkan.eu\/wp-content\/uploads\/2021\/10\/Gima-Crest.jpg\" alt=\"\" width=\"165\" height=\"148\"><b>Abbotsford Karate Club &#8211; Sekukan<\/b><\/h3>\n<p>Certificated D\u00f4j\u00f4 of the Ry\u00fbky\u00fb Kobud\u00f4 Tesshinkan Ky\u00f4 Kai &#8211; No. #36<\/p>\n<p>Godson Elementary School Abbotsford<\/br>46450 Yale Road<\/br>Chilliwack<\/br>V2P 2P8 BC Canada<\/p>\n<p><b>Sensei:<\/b> &nbsp;&nbsp; Paul Sexton<br>phone: +1 (250) &#8211; 653 &#8211; 9295+1 604 556 1444<\/p>\n<p><a href=\"http:\/\/abbotsfordkarate.ca\/\" target=\"_blank\" rel=\"noopener\">Hompage<\/a> &nbsp;&nbsp;&nbsp; <a href=\"mailto:jpschwk@icloud.com\" target=\"_blank\" rel=\"noopener\">E-Mail<\/a><\/p>\n<hr>\n<h2>Yukon<\/h2>\n<h3><img loading=\"lazy\" decoding=\"async\" class=\"alignright size-full wp-image-1179\" src=\"https:\/\/kobudo-tesshinkan.eu\/wp-content\/uploads\/2017\/02\/logo-dojo-whitehorse.gif\" alt=\"\" width=\"142\" height=\"142\"><b>Kita Kaze Karate Club<\/b><\/h3>\n<p><b>Sensei:<\/b> &nbsp;&nbsp;Rob Ingram<\/p>\n<p>Certificated D\u00f4j\u00f4 of the Ry\u00fbky\u00fb Kobud\u00f4 Tesshinkan Ky\u00f4 Kai &#8211; No. #<\/p>\n<p>Selkirk Street School<br>Whitehorse<\/p>\n<p><a href=\"http:\/\/www.kita-kaze.ca\/\" target=\"_blank\" rel=\"noopener\">Hompage<\/a> &nbsp;&nbsp;&nbsp; <a href=\"mailto:rob@kita-kaze.ca\" target=\"_blank\" rel=\"noopener\">E-Mail<\/a><\/p>\n\n\n\n<p><\/p>\n","protected":false},"excerpt":{"rendered":"<p>British Columbia Chilliwack Sensei: Don Shapland Certificated D\u00f4j\u00f4 of the Ry\u00fbky\u00fb Kobud\u00f4 Tesshinkan Ky\u00f4 Kai &#8211; No. #1 phone: +1 604 858 3744 E-Mail Canadian Martial Arts Academy Sensei: Frank Clayton Certificated D\u00f4j\u00f4 of the Ry\u00fbky\u00fb Kobud\u00f4 Tesshinkan Ky\u00f4 Kai &#8211; No. #2 Powell River4300 Joyce AveV8A 3A2 phone: +1 604 485 8255 Hompage &nbsp;&nbsp;&nbsp; &#8230; <a title=\"Kanada\" class=\"read-more\" href=\"https:\/\/kobudo-tesshinkan.eu\/index.php\/de\/ueber-ryukyu-kobudo-tesshinkan\/dojos\/nordamerika\/kanada\/\" aria-label=\"Mehr Informationen \u00fcber Kanada\">Weiterlesen<\/a><\/p>\n","protected":false},"author":1,"featured_media":0,"parent":1165,"menu_order":0,"comment_status":"closed","ping_status":"closed","template":"","meta":{"footnotes":""},"_links":{"self":[{"href":"https:\/\/kobudo-tesshinkan.eu\/index.php\/wp-json\/wp\/v2\/pages\/1169"}],"collection":[{"href":"https:\/\/kobudo-tesshinkan.eu\/index.php\/wp-json\/wp\/v2\/pages"}],"about":[{"href":"https:\/\/kobudo-tesshinkan.eu\/index.php\/wp-json\/wp\/v2\/types\/page"}],"author":[{"embeddable":true,"href":"https:\/\/kobudo-tesshinkan.eu\/index.php\/wp-json\/wp\/v2\/users\/1"}],"replies":[{"embeddable":true,"href":"https:\/\/kobudo-tesshinkan.eu\/index.php\/wp-json\/wp\/v2\/comments?post=1169"}],"version-history":[{"count":6,"href":"https:\/\/kobudo-tesshinkan.eu\/index.php\/wp-json\/wp\/v2\/pages\/1169\/revisions"}],"predecessor-version":[{"id":6097,"href":"https:\/\/kobudo-tesshinkan.eu\/index.php\/wp-json\/wp\/v2\/pages\/1169\/revisions\/6097"}],"up":[{"embeddable":true,"href":"https:\/\/kobudo-tesshinkan.eu\/index.php\/wp-json\/wp\/v2\/pages\/1165"}],"wp:attachment":[{"href":"https:\/\/kobudo-tesshinkan.eu\/index.php\/wp-json\/wp\/v2\/media?parent=1169"}],"curies":[{"name":"wp","href":"https:\/\/api.w.org\/{rel}","templated":true}]}}